{"id":55,"date":"2020-08-03T13:20:58","date_gmt":"2020-08-03T13:20:58","guid":{"rendered":"https:\/\/cs-sld.com\/?page_id=55"},"modified":"2025-04-29T11:31:13","modified_gmt":"2025-04-29T11:31:13","slug":"about-us","status":"publish","type":"page","link":"https:\/\/cs-sld.com\/hu\/about-us\/","title":{"rendered":"R\u00f3lunk"},"content":{"rendered":"<div class=\"wp-block-cover is-light\"><span aria-hidden=\"true\" class=\"wp-block-cover__background has-background-dim\"><\/span><img loading=\"lazy\" decoding=\"async\" width=\"2560\" height=\"1706\" class=\"wp-block-cover__image-background wp-image-103\" src=\"https:\/\/cs-sld.com\/wp-content\/uploads\/2020\/08\/Depositphotos_108547542_ds-scaled.jpg\" data-object-fit=\"cover\" srcset=\"https:\/\/cs-sld.com\/wp-content\/uploads\/2020\/08\/Depositphotos_108547542_ds-scaled.jpg 2560w, https:\/\/cs-sld.com\/wp-content\/uploads\/2020\/08\/Depositphotos_108547542_ds-300x200.jpg 300w, https:\/\/cs-sld.com\/wp-content\/uploads\/2020\/08\/Depositphotos_108547542_ds-1024x683.jpg 1024w, https:\/\/cs-sld.com\/wp-content\/uploads\/2020\/08\/Depositphotos_108547542_ds-768x512.jpg 768w, https:\/\/cs-sld.com\/wp-content\/uploads\/2020\/08\/Depositphotos_108547542_ds-1536x1024.jpg 1536w, https:\/\/cs-sld.com\/wp-content\/uploads\/2020\/08\/Depositphotos_108547542_ds-2048x1365.jpg 2048w, https:\/\/cs-sld.com\/wp-content\/uploads\/2020\/08\/Depositphotos_108547542_ds-570x380.jpg 570w, https:\/\/cs-sld.com\/wp-content\/uploads\/2020\/08\/Depositphotos_108547542_ds-380x254.jpg 380w, https:\/\/cs-sld.com\/wp-content\/uploads\/2020\/08\/Depositphotos_108547542_ds-285x190.jpg 285w\" sizes=\"auto, (max-width: 2560px) 100vw, 2560px\" \/><div class=\"wp-block-cover__inner-container is-layout-flow wp-block-cover-is-layout-flow\">\n<p class=\"has-text-align-center has-large-font-size\">Kis v\u00e1llalkoz\u00e1s, nagy lehet\u0151s\u00e9g<\/p>\n<\/div><\/div>\n\n\n\n<figure class=\"wp-block-image size-large\"><img loading=\"lazy\" decoding=\"async\" width=\"1024\" height=\"261\" src=\"https:\/\/cs-sld.com\/wp-content\/uploads\/2020\/07\/New_Logo-1024x261.png\" alt=\"\" class=\"wp-image-26\" srcset=\"https:\/\/cs-sld.com\/wp-content\/uploads\/2020\/07\/New_Logo-1024x261.png 1024w, https:\/\/cs-sld.com\/wp-content\/uploads\/2020\/07\/New_Logo-300x77.png 300w, https:\/\/cs-sld.com\/wp-content\/uploads\/2020\/07\/New_Logo-768x196.png 768w, https:\/\/cs-sld.com\/wp-content\/uploads\/2020\/07\/New_Logo-1536x392.png 1536w, https:\/\/cs-sld.com\/wp-content\/uploads\/2020\/07\/New_Logo-2048x523.png 2048w\" sizes=\"auto, (max-width: 1024px) 100vw, 1024px\" \/><\/figure>\n\n\n\n<p style=\"line-height:1.7;font-weight:normal;font-size:18px\" class=\"has-custom-weight has-custom-lineheight\"><strong>A CS-Smartlab Devices Kft.<\/strong> -t 2019-ben alap\u00edtottuk, ered\u0151j\u00e9\u00fcl a t\u00f6bb szak\u00e9rt\u0151 bevon\u00e1s\u00e1val, h\u00e9t \u00e9vvel kor\u00e1bban megkezdett munk\u00e1nknak, melyet m\u00e9g egy\u00e9ni v\u00e1llalkoz\u00f3kk\u00e9nt kezdt\u00fcnk. Ezen n\u00e9v alatt tov\u00e1bb folytatjuk a sz\u00ednvonalas munk\u00e1t, hogy \u00fcgyfeleinknek mindig az el\u00e9rhet\u0151 maximumot ny\u00fajtsuk. C\u00e9g\u00fcnk erej\u00e9t az interdiszciplin\u00e1ris csapatb\u00f3l nyeri, amit magasan k\u00e9pzett vegy\u00e9szek, fizikusok, biol\u00f3gusok \u00e9s programoz\u00f3k alkotnak.<\/p>\n\n\n\n<p style=\"font-weight:normal;font-size:18px\" class=\"has-custom-weight\">F\u0151 profilunk a kiemelked\u0151 sz\u00ednvonal\u00fa integr\u00e1lt szolg\u00e1ltat\u00e1sok biztos\u00edt\u00e1sa kutat\u00f3k, kutat\u00f3int\u00e9zetek \u00e9s ipari K+F projektek sz\u00e1m\u00e1ra. Els\u0151sorban egyedi fejleszt\u00e9sekre f\u00f3kusz\u00e1lunk, ahol megtervezz\u00fck \u00e9s legy\u00e1rtjuk a k\u00edv\u00e1nt m\u0171szert, vagy berendez\u00e9st, bele\u00e9rtve a szoftveres h\u00e1tteret \u00e9s hossz\u00fat\u00e1v\u00fa szakmai \u00e9s m\u0171szaki t\u00e1mogat\u00e1st, hogy \u00fcgyfeleink a k\u00f6vetkez\u0151 szintre fejleszthess\u00e9k a gy\u00e1rt\u00e1si fejleszt\u00e9si kapacit\u00e1sukat.  <\/p>\n\n\n\n<p style=\"font-size:18px\">Tov\u00e1bbi specialit\u00e1sunk, az olyan nagy \u00e9rt\u00e9k\u0171 laborat\u00f3riumi m\u0171szerek \u00e9s berendez\u00e9sek \u00fajra\u00e9leszt\u00e9se, melyekhez \u00e9letkoruk ok\u00e1n, m\u00e1r nem \u00e9rhet\u0151 el gy\u00e1ri t\u00e1mogat\u00e1s \u00e9s alkatr\u00e9sz.<\/p>\n\n\n\n<p style=\"font-weight:normal;font-size:18px\" class=\"has-custom-weight\">Az egyedi megold\u00e1sok mellett, alapvet\u0151 laborat\u00f3riumi m\u0171szereket, eszk\u00f6z\u00f6ket \u00e9s infrastrukt\u00far\u00e1t is fejleszt\u00fcnk,  melyek innovat\u00edv tulajdons\u00e1gaiknak k\u00f6sz\u00f6nhet\u0151en versenyk\u00e9pesek a laborat\u00f3riumi berendez\u00e9sek piac\u00e1n.<\/p>\n\n\n\n<p style=\"font-weight:normal;font-size:18px\" class=\"has-custom-weight\">M\u0171szeres fejleszt\u00e9seink mellett, \u00e9rdekl\u0151d\u00fcnk a mesters\u00e9ges n\u00f6v\u00e9nykultiv\u00e1ci\u00f3 ir\u00e1nt, ez\u00e9rt saj\u00e1t, z\u00e1rt n\u00f6veked\u00e9soptimaliz\u00e1ci\u00f3s term\u00e9k fejleszt\u00e9se mellett d\u00f6nt\u00f6tt\u00fcnk, mely hamarosan el\u00e9rhet\u0151 lesz. <\/p>\n\n\n\n<blockquote class=\"wp-block-quote is-layout-flow wp-block-quote-is-layout-flow\">\n<p><strong>Az elm\u00falt h\u00e9t \u00e9v sor\u00e1n, kis csapatunk jelent\u0151s tapasztalatot szerzett, sz\u00e1mos tudom\u00e1nyter\u00fcleten. Ezt a fejl\u0151d\u00e9st folyamatosan fenntartjuk, mott\u00f3nk: <em>\"soha ne mondj nemet\"<\/em> , mert a megfelel\u0151 er\u0151befektet\u00e9ssel, szinte minden probl\u00e9m\u00e1ra lehet tal\u00e1lni megold\u00e1st.<\/strong><\/p>\n<\/blockquote>\n\n\n\n<p style=\"font-weight:normal;font-size:18px\" class=\"has-custom-weight\"><\/p>\n\n\n\n<h2 class=\"wp-block-heading\">Partnereink \u00e9s \u00fcgyfeleink<\/h2>\n\n\n\n<div class=\"wp-block-columns is-layout-flex wp-container-core-columns-is-layout-9d6595d7 wp-block-columns-is-layout-flex\">\n<div class=\"wp-block-column is-layout-flow wp-block-column-is-layout-flow\">\n<figure class=\"wp-block-image size-large\"><img loading=\"lazy\" decoding=\"async\" width=\"1024\" height=\"1022\" src=\"https:\/\/cs-sld.com\/wp-content\/uploads\/2020\/08\/szte-1-1024x1022.jpg\" alt=\"\" class=\"wp-image-388\" srcset=\"https:\/\/cs-sld.com\/wp-content\/uploads\/2020\/08\/szte-1-1024x1022.jpg 1024w, https:\/\/cs-sld.com\/wp-content\/uploads\/2020\/08\/szte-1-300x300.jpg 300w, https:\/\/cs-sld.com\/wp-content\/uploads\/2020\/08\/szte-1-150x150.jpg 150w, https:\/\/cs-sld.com\/wp-content\/uploads\/2020\/08\/szte-1-768x766.jpg 768w, https:\/\/cs-sld.com\/wp-content\/uploads\/2020\/08\/szte-1-1536x1532.jpg 1536w, https:\/\/cs-sld.com\/wp-content\/uploads\/2020\/08\/szte-1-120x120.jpg 120w, https:\/\/cs-sld.com\/wp-content\/uploads\/2020\/08\/szte-1-105x105.jpg 105w, https:\/\/cs-sld.com\/wp-content\/uploads\/2020\/08\/szte-1-570x570.jpg 570w, https:\/\/cs-sld.com\/wp-content\/uploads\/2020\/08\/szte-1-380x380.jpg 380w, https:\/\/cs-sld.com\/wp-content\/uploads\/2020\/08\/szte-1-285x285.jpg 285w, https:\/\/cs-sld.com\/wp-content\/uploads\/2020\/08\/szte-1.jpg 1655w\" sizes=\"auto, (max-width: 1024px) 100vw, 1024px\" \/><\/figure>\n<\/div>\n\n\n\n<div class=\"wp-block-column is-layout-flow wp-block-column-is-layout-flow\">\n<figure class=\"wp-block-image size-large\"><img loading=\"lazy\" decoding=\"async\" width=\"1024\" height=\"975\" src=\"https:\/\/cs-sld.com\/wp-content\/uploads\/2020\/08\/brc_logo-1-e1597313258592-1024x975.png\" alt=\"\" class=\"wp-image-384\" srcset=\"https:\/\/cs-sld.com\/wp-content\/uploads\/2020\/08\/brc_logo-1-e1597313258592-1024x975.png 1024w, https:\/\/cs-sld.com\/wp-content\/uploads\/2020\/08\/brc_logo-1-e1597313258592-300x286.png 300w, https:\/\/cs-sld.com\/wp-content\/uploads\/2020\/08\/brc_logo-1-e1597313258592-768x732.png 768w, https:\/\/cs-sld.com\/wp-content\/uploads\/2020\/08\/brc_logo-1-e1597313258592-1536x1463.png 1536w, https:\/\/cs-sld.com\/wp-content\/uploads\/2020\/08\/brc_logo-1-e1597313258592.png 1664w\" sizes=\"auto, (max-width: 1024px) 100vw, 1024px\" \/><\/figure>\n<\/div>\n\n\n\n<div class=\"wp-block-column is-layout-flow wp-block-column-is-layout-flow\">\n<figure class=\"wp-block-image size-large is-resized\"><img loading=\"lazy\" decoding=\"async\" width=\"723\" height=\"1024\" src=\"https:\/\/cs-sld.com\/wp-content\/uploads\/2020\/08\/mta-723x1024.png\" alt=\"\" class=\"wp-image-394\" style=\"width:164px;height:232px\" srcset=\"https:\/\/cs-sld.com\/wp-content\/uploads\/2020\/08\/mta-723x1024.png 723w, https:\/\/cs-sld.com\/wp-content\/uploads\/2020\/08\/mta-212x300.png 212w, https:\/\/cs-sld.com\/wp-content\/uploads\/2020\/08\/mta-768x1088.png 768w, https:\/\/cs-sld.com\/wp-content\/uploads\/2020\/08\/mta-1084x1536.png 1084w, https:\/\/cs-sld.com\/wp-content\/uploads\/2020\/08\/mta-1446x2048.png 1446w\" sizes=\"auto, (max-width: 723px) 100vw, 723px\" \/><\/figure>\n<\/div>\n<\/div>\n\n\n\n<div class=\"wp-block-columns is-layout-flex wp-container-core-columns-is-layout-9d6595d7 wp-block-columns-is-layout-flex\">\n<div class=\"wp-block-column is-layout-flow wp-block-column-is-layout-flow\">\n<figure class=\"wp-block-image size-large\"><img loading=\"lazy\" decoding=\"async\" width=\"795\" height=\"596\" src=\"https:\/\/cs-sld.com\/wp-content\/uploads\/2020\/08\/Logo_of_EGIS-1.jpg\" alt=\"\" class=\"wp-image-386\" srcset=\"https:\/\/cs-sld.com\/wp-content\/uploads\/2020\/08\/Logo_of_EGIS-1.jpg 795w, https:\/\/cs-sld.com\/wp-content\/uploads\/2020\/08\/Logo_of_EGIS-1-300x225.jpg 300w, https:\/\/cs-sld.com\/wp-content\/uploads\/2020\/08\/Logo_of_EGIS-1-768x576.jpg 768w, https:\/\/cs-sld.com\/wp-content\/uploads\/2020\/08\/Logo_of_EGIS-1-380x285.jpg 380w, https:\/\/cs-sld.com\/wp-content\/uploads\/2020\/08\/Logo_of_EGIS-1-285x214.jpg 285w\" sizes=\"auto, (max-width: 795px) 100vw, 795px\" \/><\/figure>\n<\/div>\n\n\n\n<div class=\"wp-block-column is-layout-flow wp-block-column-is-layout-flow\"><\/div>\n\n\n\n<div class=\"wp-block-column is-layout-flow wp-block-column-is-layout-flow\">\n<div style=\"height:60px\" aria-hidden=\"true\" class=\"wp-block-spacer\"><\/div>\n\n\n\n<figure class=\"wp-block-image size-large is-resized\"><img loading=\"lazy\" decoding=\"async\" width=\"320\" height=\"67\" src=\"https:\/\/cs-sld.com\/wp-content\/uploads\/2020\/08\/seqomics_logo.png\" alt=\"\" class=\"wp-image-391\" style=\"width:275px;height:58px\" srcset=\"https:\/\/cs-sld.com\/wp-content\/uploads\/2020\/08\/seqomics_logo.png 320w, https:\/\/cs-sld.com\/wp-content\/uploads\/2020\/08\/seqomics_logo-300x63.png 300w\" sizes=\"auto, (max-width: 320px) 100vw, 320px\" \/><\/figure>\n<\/div>\n<\/div>\n\n\n\n<figure class=\"wp-block-image size-large is-resized\"><img loading=\"lazy\" decoding=\"async\" width=\"225\" height=\"225\" src=\"https:\/\/cs-sld.com\/wp-content\/uploads\/2020\/08\/avidin.jpg\" alt=\"\" class=\"wp-image-381\" style=\"width:202px;height:auto\" srcset=\"https:\/\/cs-sld.com\/wp-content\/uploads\/2020\/08\/avidin.jpg 225w, https:\/\/cs-sld.com\/wp-content\/uploads\/2020\/08\/avidin-150x150.jpg 150w, https:\/\/cs-sld.com\/wp-content\/uploads\/2020\/08\/avidin-120x120.jpg 120w, https:\/\/cs-sld.com\/wp-content\/uploads\/2020\/08\/avidin-105x105.jpg 105w\" sizes=\"auto, (max-width: 225px) 100vw, 225px\" \/><\/figure>\n\n\n\n<div class=\"wp-block-columns is-layout-flex wp-container-core-columns-is-layout-9d6595d7 wp-block-columns-is-layout-flex\">\n<div class=\"wp-block-column is-layout-flow wp-block-column-is-layout-flow\"><\/div>\n\n\n\n<div class=\"wp-block-column is-layout-flow wp-block-column-is-layout-flow\"><\/div>\n\n\n\n<div class=\"wp-block-column is-layout-flow wp-block-column-is-layout-flow\">\n<figure class=\"wp-block-image size-large is-resized\"><img loading=\"lazy\" decoding=\"async\" width=\"375\" height=\"134\" src=\"https:\/\/cs-sld.com\/wp-content\/uploads\/2020\/10\/first-tech.jpg\" alt=\"\" class=\"wp-image-475\" style=\"width:214px;height:76px\" srcset=\"https:\/\/cs-sld.com\/wp-content\/uploads\/2020\/10\/first-tech.jpg 375w, https:\/\/cs-sld.com\/wp-content\/uploads\/2020\/10\/first-tech-300x107.jpg 300w, https:\/\/cs-sld.com\/wp-content\/uploads\/2020\/10\/first-tech-16x6.jpg 16w\" sizes=\"auto, (max-width: 375px) 100vw, 375px\" \/><\/figure>\n<\/div>\n<\/div>\n\n\n\n<p><strong>\u00c9s m\u00e9g sokan m\u00e1sok...<\/strong><\/p>","protected":false},"excerpt":{"rendered":"<p>CS-Smartlab Devices Ltd. is established in 2019, after seven years of work with many experts in the field to extend the opportunities that can be achieved as sole proprietors. Under this name we keep working hard to serve the special needs of our costumers on the highest reachable level. Our power comes from the interdisciplinal<\/p>\n<p class=\"more-link\"><a href=\"https:\/\/cs-sld.com\/hu\/about-us\/\" class=\"themebutton\">Read More<\/a><\/p>","protected":false},"author":1,"featured_media":0,"parent":0,"menu_order":0,"comment_status":"closed","ping_status":"closed","template":"","meta":{"_coblocks_attr":"","_coblocks_dimensions":"","_coblocks_responsive_height":"","_coblocks_accordion_ie_support":"","footnotes":""},"categories":[],"tags":[],"class_list":["post-55","page","type-page","status-publish","hentry"],"yoast_head":"<!-- This site is optimized with the Yoast SEO plugin v25.0 - https:\/\/yoast.com\/wordpress\/plugins\/seo\/ -->\n<title>About us - CS-Smartlab Devices<\/title>\n<meta name=\"robots\" content=\"index, follow, max-snippet:-1, max-image-preview:large, max-video-preview:-1\" \/>\n<link rel=\"canonical\" href=\"https:\/\/cs-sld.com\/hu\/about-us\/\" \/>\n<meta property=\"og:locale\" content=\"hu_HU\" \/>\n<meta property=\"og:type\" content=\"article\" \/>\n<meta property=\"og:title\" content=\"About us - CS-Smartlab Devices\" \/>\n<meta property=\"og:description\" content=\"CS-Smartlab Devices Ltd. is established in 2019, after seven years of work with many experts in the field to extend the opportunities that can be achieved as sole proprietors. Under this name we keep working hard to serve the special needs of our costumers on the highest reachable level. Our power comes from the interdisciplinalRead More\" \/>\n<meta property=\"og:url\" content=\"https:\/\/cs-sld.com\/hu\/about-us\/\" \/>\n<meta property=\"og:site_name\" content=\"CS-Smartlab Devices\" \/>\n<meta property=\"article:modified_time\" content=\"2025-04-29T11:31:13+00:00\" \/>\n<meta property=\"og:image\" content=\"https:\/\/cs-sld.com\/wp-content\/uploads\/2020\/08\/Depositphotos_108547542_ds-scaled.jpg\" \/>\n<meta name=\"twitter:card\" content=\"summary_large_image\" \/>\n<meta name=\"twitter:label1\" content=\"Becs\u00fclt olvas\u00e1si id\u0151\" \/>\n\t<meta name=\"twitter:data1\" content=\"3 perc\" \/>\n<script type=\"application\/ld+json\" class=\"yoast-schema-graph\">{\"@context\":\"https:\/\/schema.org\",\"@graph\":[{\"@type\":\"WebPage\",\"@id\":\"https:\/\/cs-sld.com\/about-us\/\",\"url\":\"https:\/\/cs-sld.com\/about-us\/\",\"name\":\"About us - CS-Smartlab Devices\",\"isPartOf\":{\"@id\":\"https:\/\/cs-sld.com\/#website\"},\"primaryImageOfPage\":{\"@id\":\"https:\/\/cs-sld.com\/about-us\/#primaryimage\"},\"image\":{\"@id\":\"https:\/\/cs-sld.com\/about-us\/#primaryimage\"},\"thumbnailUrl\":\"https:\/\/cs-sld.com\/wp-content\/uploads\/2020\/08\/Depositphotos_108547542_ds-scaled.jpg\",\"datePublished\":\"2020-08-03T13:20:58+00:00\",\"dateModified\":\"2025-04-29T11:31:13+00:00\",\"breadcrumb\":{\"@id\":\"https:\/\/cs-sld.com\/about-us\/#breadcrumb\"},\"inLanguage\":\"hu\",\"potentialAction\":[{\"@type\":\"ReadAction\",\"target\":[\"https:\/\/cs-sld.com\/about-us\/\"]}]},{\"@type\":\"ImageObject\",\"inLanguage\":\"hu\",\"@id\":\"https:\/\/cs-sld.com\/about-us\/#primaryimage\",\"url\":\"https:\/\/cs-sld.com\/wp-content\/uploads\/2020\/08\/Depositphotos_108547542_ds-scaled.jpg\",\"contentUrl\":\"https:\/\/cs-sld.com\/wp-content\/uploads\/2020\/08\/Depositphotos_108547542_ds-scaled.jpg\"},{\"@type\":\"BreadcrumbList\",\"@id\":\"https:\/\/cs-sld.com\/about-us\/#breadcrumb\",\"itemListElement\":[{\"@type\":\"ListItem\",\"position\":1,\"name\":\"Home\",\"item\":\"https:\/\/cs-sld.com\/\"},{\"@type\":\"ListItem\",\"position\":2,\"name\":\"About us\"}]},{\"@type\":\"WebSite\",\"@id\":\"https:\/\/cs-sld.com\/#website\",\"url\":\"https:\/\/cs-sld.com\/\",\"name\":\"CS-Smartlab Devices\",\"description\":\"Better, Simpler\",\"publisher\":{\"@id\":\"https:\/\/cs-sld.com\/#organization\"},\"potentialAction\":[{\"@type\":\"SearchAction\",\"target\":{\"@type\":\"EntryPoint\",\"urlTemplate\":\"https:\/\/cs-sld.com\/?s={search_term_string}\"},\"query-input\":{\"@type\":\"PropertyValueSpecification\",\"valueRequired\":true,\"valueName\":\"search_term_string\"}}],\"inLanguage\":\"hu\"},{\"@type\":\"Organization\",\"@id\":\"https:\/\/cs-sld.com\/#organization\",\"name\":\"CS-Smartlab Devices kft.\",\"url\":\"https:\/\/cs-sld.com\/\",\"logo\":{\"@type\":\"ImageObject\",\"inLanguage\":\"hu\",\"@id\":\"https:\/\/cs-sld.com\/#\/schema\/logo\/image\/\",\"url\":\"https:\/\/secureservercdn.net\/160.153.137.123\/6p9.7a7.myftpupload.com\/wp-content\/uploads\/2020\/07\/New_Logo.png?time=1665863562\",\"contentUrl\":\"https:\/\/secureservercdn.net\/160.153.137.123\/6p9.7a7.myftpupload.com\/wp-content\/uploads\/2020\/07\/New_Logo.png?time=1665863562\",\"width\":2837,\"height\":724,\"caption\":\"CS-Smartlab Devices kft.\"},\"image\":{\"@id\":\"https:\/\/cs-sld.com\/#\/schema\/logo\/image\/\"}}]}<\/script>\n<!-- \/ Yoast SEO plugin. -->","yoast_head_json":{"title":"About us - CS-Smartlab Devices","robots":{"index":"index","follow":"follow","max-snippet":"max-snippet:-1","max-image-preview":"max-image-preview:large","max-video-preview":"max-video-preview:-1"},"canonical":"https:\/\/cs-sld.com\/hu\/about-us\/","og_locale":"hu_HU","og_type":"article","og_title":"About us - CS-Smartlab Devices","og_description":"CS-Smartlab Devices Ltd. is established in 2019, after seven years of work with many experts in the field to extend the opportunities that can be achieved as sole proprietors. Under this name we keep working hard to serve the special needs of our costumers on the highest reachable level. Our power comes from the interdisciplinalRead More","og_url":"https:\/\/cs-sld.com\/hu\/about-us\/","og_site_name":"CS-Smartlab Devices","article_modified_time":"2025-04-29T11:31:13+00:00","og_image":[{"url":"https:\/\/cs-sld.com\/wp-content\/uploads\/2020\/08\/Depositphotos_108547542_ds-scaled.jpg","type":"","width":"","height":""}],"twitter_card":"summary_large_image","twitter_misc":{"Becs\u00fclt olvas\u00e1si id\u0151":"3 perc"},"schema":{"@context":"https:\/\/schema.org","@graph":[{"@type":"WebPage","@id":"https:\/\/cs-sld.com\/about-us\/","url":"https:\/\/cs-sld.com\/about-us\/","name":"About us - CS-Smartlab Devices","isPartOf":{"@id":"https:\/\/cs-sld.com\/#website"},"primaryImageOfPage":{"@id":"https:\/\/cs-sld.com\/about-us\/#primaryimage"},"image":{"@id":"https:\/\/cs-sld.com\/about-us\/#primaryimage"},"thumbnailUrl":"https:\/\/cs-sld.com\/wp-content\/uploads\/2020\/08\/Depositphotos_108547542_ds-scaled.jpg","datePublished":"2020-08-03T13:20:58+00:00","dateModified":"2025-04-29T11:31:13+00:00","breadcrumb":{"@id":"https:\/\/cs-sld.com\/about-us\/#breadcrumb"},"inLanguage":"hu","potentialAction":[{"@type":"ReadAction","target":["https:\/\/cs-sld.com\/about-us\/"]}]},{"@type":"ImageObject","inLanguage":"hu","@id":"https:\/\/cs-sld.com\/about-us\/#primaryimage","url":"https:\/\/cs-sld.com\/wp-content\/uploads\/2020\/08\/Depositphotos_108547542_ds-scaled.jpg","contentUrl":"https:\/\/cs-sld.com\/wp-content\/uploads\/2020\/08\/Depositphotos_108547542_ds-scaled.jpg"},{"@type":"BreadcrumbList","@id":"https:\/\/cs-sld.com\/about-us\/#breadcrumb","itemListElement":[{"@type":"ListItem","position":1,"name":"Home","item":"https:\/\/cs-sld.com\/"},{"@type":"ListItem","position":2,"name":"About us"}]},{"@type":"WebSite","@id":"https:\/\/cs-sld.com\/#website","url":"https:\/\/cs-sld.com\/","name":"CS-Smartlab Devices","description":"Better, Simpler","publisher":{"@id":"https:\/\/cs-sld.com\/#organization"},"potentialAction":[{"@type":"SearchAction","target":{"@type":"EntryPoint","urlTemplate":"https:\/\/cs-sld.com\/?s={search_term_string}"},"query-input":{"@type":"PropertyValueSpecification","valueRequired":true,"valueName":"search_term_string"}}],"inLanguage":"hu"},{"@type":"Organization","@id":"https:\/\/cs-sld.com\/#organization","name":"CS-Smartlab Devices kft.","url":"https:\/\/cs-sld.com\/","logo":{"@type":"ImageObject","inLanguage":"hu","@id":"https:\/\/cs-sld.com\/#\/schema\/logo\/image\/","url":"https:\/\/secureservercdn.net\/160.153.137.123\/6p9.7a7.myftpupload.com\/wp-content\/uploads\/2020\/07\/New_Logo.png?time=1665863562","contentUrl":"https:\/\/secureservercdn.net\/160.153.137.123\/6p9.7a7.myftpupload.com\/wp-content\/uploads\/2020\/07\/New_Logo.png?time=1665863562","width":2837,"height":724,"caption":"CS-Smartlab Devices kft."},"image":{"@id":"https:\/\/cs-sld.com\/#\/schema\/logo\/image\/"}}]}},"_links":{"self":[{"href":"https:\/\/cs-sld.com\/hu\/wp-json\/wp\/v2\/pages\/55","targetHints":{"allow":["GET"]}}],"collection":[{"href":"https:\/\/cs-sld.com\/hu\/wp-json\/wp\/v2\/pages"}],"about":[{"href":"https:\/\/cs-sld.com\/hu\/wp-json\/wp\/v2\/types\/page"}],"author":[{"embeddable":true,"href":"https:\/\/cs-sld.com\/hu\/wp-json\/wp\/v2\/users\/1"}],"replies":[{"embeddable":true,"href":"https:\/\/cs-sld.com\/hu\/wp-json\/wp\/v2\/comments?post=55"}],"version-history":[{"count":27,"href":"https:\/\/cs-sld.com\/hu\/wp-json\/wp\/v2\/pages\/55\/revisions"}],"predecessor-version":[{"id":510,"href":"https:\/\/cs-sld.com\/hu\/wp-json\/wp\/v2\/pages\/55\/revisions\/510"}],"wp:attachment":[{"href":"https:\/\/cs-sld.com\/hu\/wp-json\/wp\/v2\/media?parent=55"}],"wp:term":[{"taxonomy":"category","embeddable":true,"href":"https:\/\/cs-sld.com\/hu\/wp-json\/wp\/v2\/categories?post=55"},{"taxonomy":"post_tag","embeddable":true,"href":"https:\/\/cs-sld.com\/hu\/wp-json\/wp\/v2\/tags?post=55"}],"curies":[{"name":"wp","href":"https:\/\/api.w.org\/{rel}","templated":true}]}}