{"id":516,"date":"2025-04-29T12:47:31","date_gmt":"2025-04-29T12:47:31","guid":{"rendered":"https:\/\/cs-sld.com\/?page_id=516"},"modified":"2025-12-09T17:21:11","modified_gmt":"2025-12-09T17:21:11","slug":"grants","status":"publish","type":"page","link":"https:\/\/cs-sld.com\/hu\/grants\/","title":{"rendered":"Grants"},"content":{"rendered":"<div class=\"wp-block-image\">\n<figure class=\"alignright size-full is-resized\"><img decoding=\"async\" src=\"https:\/\/cs-sld.com\/wp-content\/uploads\/2025\/04\/szechenyi.png\" alt=\"\" class=\"wp-image-518\" style=\"width:267px;height:auto\"\/><\/figure><\/div>\n\n\n<p style=\"font-size:14px\"><strong>Kedvezm\u00e9nyezett neve: <\/strong>CS-Smartlab Devices Kft. <br><strong>Projekt c\u00edme: <\/strong>Gy\u00e1rt\u00e1sautomatiz\u00e1l\u00e1s \u00e9s logisztikai innov\u00e1ci\u00f3 a CS-Smatlab Devices Kft.-n\u00e9l<br><strong>T\u00e1mogat\u00e1si \u00f6sszeg: <\/strong>49 198 998 Ft<br><strong>Uni\u00f3s t\u00e1rsfinansz\u00edroz\u00e1s \u00f6sszege:<\/strong> 46 739&nbsp;046 Ft<br><strong>Hazai t\u00e1rsfinansz\u00edroz\u00e1s \u00f6sszege:<\/strong> 2 459 952<\/p>\n\n\n\n<p style=\"font-size:14px\">Projekt bemutat\u00e1sa:<\/p>\n\n\n\n<p style=\"font-size:12px\">A projekt c\u00e9lja a CS-Smartlab Devices Kft. gy\u00e1rt\u00e1si, valamint logisztikai folyamatainak innov\u00e1ci\u00f3ja, mag\u00e1ba foglalva az automatiz\u00e1l\u00e1st \u00e9s a digitaliz\u00e1ci\u00f3t, hozz\u00e1j\u00e1rulva ezzel a v\u00e1llalkoz\u00e1s hat\u00e9konys\u00e1g\u00e1nak jav\u00edt\u00e1s\u00e1hoz. Ehhez kapcsol\u00f3d\u00f3an a projekt sor\u00e1n az al\u00e1bbi tev\u00e9kenys\u00e9gek val\u00f3sulnak meg: A Gy\u00e1rt\u00e1si folyamathoz kapcsol\u00f3d\u00f3an beszerz\u00e9sre ker\u00fcl egy STAR SB-20R automata hosszeszterga, mellyel f\u0151 c\u00e9l a t\u00f6meggy\u00e1rt\u00e1sra alkalmas alkatr\u00e9szek gy\u00e1rt\u00e1s\u00e1nak teljes automatiz\u00e1l\u00e1sa. A berendez\u00e9s gy\u00f6keresen v\u00e1ltoztatja meg az eddigi gy\u00e1rt\u00e1si folyamatokat, mivel a megl\u00e9v\u0151 CNC forg\u00e1csol\u00f3 berendez\u00e9sekt\u0151l elt\u00e9r\u0151en nem ig\u00e9nyli g\u00e9pkezel\u0151 \u00e1lland\u00f3 jelenl\u00e9t\u00e9t, emellett 24 \u00f3r\u00e1ban k\u00e9pes \u00fczemelni, ill. elv\u00e9gzi a kor\u00e1bban k\u00e9zi er\u0151vel v\u00e9grehajtott ut\u00f3munka m\u0171veleteket is, \u00edgy gyakorlatilag k\u00e9sz alkatr\u00e9sz ker\u00fcl ki a g\u00e9pb\u0151l. A selejtar\u00e1ny is dr\u00e1maian cs\u00f6kken, k\u00f6sz\u00f6nhet\u0151en az automata anyagmozgat\u00e1snak. A berendez\u00e9s igen rugalmas fel\u00e9p\u00edt\u00e9s\u0171, \u00edgy a c\u00e9g k\u00f6nnyen alkalmazkodhat a j\u00f6v\u0151beni kih\u00edv\u00e1sokhoz \u00e9s a piaci ig\u00e9nyek v\u00e1ltoz\u00e1s\u00e1hoz. A Logisztikai folyamatokhoz kapcsol\u00f3d\u00f3an beszerz\u00e9sre ker\u00fcl egy MDX-2000A Infrav\u00f6r\u00f6s hibrid l\u00e9zerjel\u00f6l\u0151 berendez\u00e9s, mellyel lehet\u0151s\u00e9g ny\u00edlik a legy\u00e1rtott alkatr\u00e9szek azonos\u00edt\u00e1s\u00e1ra, batch sz\u00e1mok felt\u00fcntet\u00e9s\u00e9re, ami cs\u00f6kkenti az alkatr\u00e9szek kezel\u00e9s\u00e9re ford\u00edtott id\u0151t \u00e9s automatiz\u00e1lja a rakt\u00e1rk\u00e9szlet inform\u00e1ci\u00f3k felvitel\u00e9t. A v\u00e1llalat kiemelt figyelmet ford\u00edt a gy\u00e1rt\u00e1s automatiz\u00e1l\u00e1s\u00e1ra, amely lehet\u0151s\u00e9get teremt a laborat\u00f3riumi technikai fittingek hazai gy\u00e1rt\u00e1s\u00e1nak honos\u00edt\u00e1s\u00e1ra. E fejleszt\u00e9s r\u00e9v\u00e9n a c\u00e9g k\u00e9pes olyan term\u00e9keket el\u0151\u00e1ll\u00edtani, amelyek eddig szinte kiz\u00e1r\u00f3lag importk\u00e9nt voltak el\u00e9rhet\u0151k. A saj\u00e1t gy\u00e1rt\u00f3egys\u00e9g lehet\u0151s\u00e9get biztos\u00edt arra, hogy a v\u00e1llalat nagyobb rugalmass\u00e1got \u00e9s el\u00e9rhet\u0151s\u00e9get k\u00edn\u00e1ljon a k\u00fclf\u00f6ldi versenyt\u00e1rsakkal szemben, mindezt a piaci \u00e1rak alatt, amely el\u0151seg\u00edti a n\u00f6veked\u00e9st a hazai \u00e9s nemzetk\u00f6zi piacon. \u00d6sszess\u00e9g\u00e9ben a fejleszt\u00e9s r\u00e9v\u00e9n a v\u00e1llalat logisztikai \u00e9s nyilv\u00e1ntart\u00e1si folyamatai gyorsabb\u00e1 \u00e9s pontosabb\u00e1 v\u00e1lnak, ami jav\u00edtja a k\u00e9szletkezel\u00e9st \u00e9s az \u00fcgyfelek el\u00e9gedetts\u00e9g\u00e9t, valamint t\u00e1mogatja a v\u00e1llalat hossz\u00fa t\u00e1v\u00fa n\u00f6veked\u00e9si c\u00e9ljait.<\/p>\n\n\n\n<p style=\"font-size:14px\">A projekt az Eur\u00f3pai Uni\u00f3 t\u00e1mogat\u00e1s\u00e1val, a magyar \u00e1llam t\u00e1rsfinansz\u00edroz\u00e1s\u00e1val val\u00f3sul meg.<\/p>\n\n\n\n<p style=\"font-size:14px\"><strong>Projekt tervezett befejez\u00e9se: <\/strong>2026.03.14.<br><strong>Projekt azonos\u00edt\u00f3: <\/strong>GINOP_PLUSZ-2.1.3-24-2024-00375<br><strong>T\u00e1mogat\u00e1s m\u00e9rt\u00e9ke: <\/strong>70%<\/p>\n\n\n\n<p><\/p>","protected":false},"excerpt":{"rendered":"<p>Kedvezm\u00e9nyezett neve: CS-Smartlab Devices Kft. Projekt c\u00edme: Gy\u00e1rt\u00e1sautomatiz\u00e1l\u00e1s \u00e9s logisztikai innov\u00e1ci\u00f3 a CS-Smatlab Devices Kft.-n\u00e9lT\u00e1mogat\u00e1si \u00f6sszeg: 49 198 998 FtUni\u00f3s t\u00e1rsfinansz\u00edroz\u00e1s \u00f6sszege: 46 739&nbsp;046 FtHazai t\u00e1rsfinansz\u00edroz\u00e1s \u00f6sszege: 2 459 952 Projekt bemutat\u00e1sa: A projekt c\u00e9lja a CS-Smartlab Devices Kft. gy\u00e1rt\u00e1si, valamint logisztikai folyamatainak innov\u00e1ci\u00f3ja, mag\u00e1ba foglalva az automatiz\u00e1l\u00e1st \u00e9s a digitaliz\u00e1ci\u00f3t, hozz\u00e1j\u00e1rulva ezzel a v\u00e1llalkoz\u00e1s<\/p>\n<p class=\"more-link\"><a href=\"https:\/\/cs-sld.com\/hu\/grants\/\" class=\"themebutton\">Read More<\/a><\/p>","protected":false},"author":1,"featured_media":0,"parent":0,"menu_order":0,"comment_status":"closed","ping_status":"closed","template":"","meta":{"_coblocks_attr":"","_coblocks_dimensions":"","_coblocks_responsive_height":"","_coblocks_accordion_ie_support":"","footnotes":""},"categories":[],"tags":[],"class_list":["post-516","page","type-page","status-publish","hentry"],"yoast_head":"<!-- This site is optimized with the Yoast SEO plugin v25.0 - https:\/\/yoast.com\/wordpress\/plugins\/seo\/ -->\n<title>Grants - CS-Smartlab Devices<\/title>\n<meta name=\"robots\" content=\"index, follow, max-snippet:-1, max-image-preview:large, max-video-preview:-1\" \/>\n<link rel=\"canonical\" href=\"https:\/\/cs-sld.com\/hu\/grants\/\" \/>\n<meta property=\"og:locale\" content=\"hu_HU\" \/>\n<meta property=\"og:type\" content=\"article\" \/>\n<meta property=\"og:title\" content=\"Grants - CS-Smartlab Devices\" \/>\n<meta property=\"og:description\" content=\"Kedvezm\u00e9nyezett neve: CS-Smartlab Devices Kft. Projekt c\u00edme: Gy\u00e1rt\u00e1sautomatiz\u00e1l\u00e1s \u00e9s logisztikai innov\u00e1ci\u00f3 a CS-Smatlab Devices Kft.-n\u00e9lT\u00e1mogat\u00e1si \u00f6sszeg: 49 198 998 FtUni\u00f3s t\u00e1rsfinansz\u00edroz\u00e1s \u00f6sszege: 46 739&nbsp;046 FtHazai t\u00e1rsfinansz\u00edroz\u00e1s \u00f6sszege: 2 459 952 Projekt bemutat\u00e1sa: A projekt c\u00e9lja a CS-Smartlab Devices Kft. gy\u00e1rt\u00e1si, valamint logisztikai folyamatainak innov\u00e1ci\u00f3ja, mag\u00e1ba foglalva az automatiz\u00e1l\u00e1st \u00e9s a digitaliz\u00e1ci\u00f3t, hozz\u00e1j\u00e1rulva ezzel a v\u00e1llalkoz\u00e1sRead More\" \/>\n<meta property=\"og:url\" content=\"https:\/\/cs-sld.com\/hu\/grants\/\" \/>\n<meta property=\"og:site_name\" content=\"CS-Smartlab Devices\" \/>\n<meta property=\"article:modified_time\" content=\"2025-12-09T17:21:11+00:00\" \/>\n<meta name=\"twitter:card\" content=\"summary_large_image\" \/>\n<meta name=\"twitter:label1\" content=\"Becs\u00fclt olvas\u00e1si id\u0151\" \/>\n\t<meta name=\"twitter:data1\" content=\"2 perc\" \/>\n<script type=\"application\/ld+json\" class=\"yoast-schema-graph\">{\"@context\":\"https:\/\/schema.org\",\"@graph\":[{\"@type\":\"WebPage\",\"@id\":\"https:\/\/cs-sld.com\/grants\/\",\"url\":\"https:\/\/cs-sld.com\/grants\/\",\"name\":\"Grants - CS-Smartlab Devices\",\"isPartOf\":{\"@id\":\"https:\/\/cs-sld.com\/#website\"},\"primaryImageOfPage\":{\"@id\":\"https:\/\/cs-sld.com\/grants\/#primaryimage\"},\"image\":{\"@id\":\"https:\/\/cs-sld.com\/grants\/#primaryimage\"},\"thumbnailUrl\":\"https:\/\/cs-sld.com\/wp-content\/uploads\/2025\/04\/szechenyi.png\",\"datePublished\":\"2025-04-29T12:47:31+00:00\",\"dateModified\":\"2025-12-09T17:21:11+00:00\",\"breadcrumb\":{\"@id\":\"https:\/\/cs-sld.com\/grants\/#breadcrumb\"},\"inLanguage\":\"hu\",\"potentialAction\":[{\"@type\":\"ReadAction\",\"target\":[\"https:\/\/cs-sld.com\/grants\/\"]}]},{\"@type\":\"ImageObject\",\"inLanguage\":\"hu\",\"@id\":\"https:\/\/cs-sld.com\/grants\/#primaryimage\",\"url\":\"https:\/\/cs-sld.com\/wp-content\/uploads\/2025\/04\/szechenyi.png\",\"contentUrl\":\"https:\/\/cs-sld.com\/wp-content\/uploads\/2025\/04\/szechenyi.png\"},{\"@type\":\"BreadcrumbList\",\"@id\":\"https:\/\/cs-sld.com\/grants\/#breadcrumb\",\"itemListElement\":[{\"@type\":\"ListItem\",\"position\":1,\"name\":\"Home\",\"item\":\"https:\/\/cs-sld.com\/\"},{\"@type\":\"ListItem\",\"position\":2,\"name\":\"Grants\"}]},{\"@type\":\"WebSite\",\"@id\":\"https:\/\/cs-sld.com\/#website\",\"url\":\"https:\/\/cs-sld.com\/\",\"name\":\"CS-Smartlab Devices\",\"description\":\"Better, Simpler\",\"publisher\":{\"@id\":\"https:\/\/cs-sld.com\/#organization\"},\"potentialAction\":[{\"@type\":\"SearchAction\",\"target\":{\"@type\":\"EntryPoint\",\"urlTemplate\":\"https:\/\/cs-sld.com\/?s={search_term_string}\"},\"query-input\":{\"@type\":\"PropertyValueSpecification\",\"valueRequired\":true,\"valueName\":\"search_term_string\"}}],\"inLanguage\":\"hu\"},{\"@type\":\"Organization\",\"@id\":\"https:\/\/cs-sld.com\/#organization\",\"name\":\"CS-Smartlab Devices kft.\",\"url\":\"https:\/\/cs-sld.com\/\",\"logo\":{\"@type\":\"ImageObject\",\"inLanguage\":\"hu\",\"@id\":\"https:\/\/cs-sld.com\/#\/schema\/logo\/image\/\",\"url\":\"https:\/\/secureservercdn.net\/160.153.137.123\/6p9.7a7.myftpupload.com\/wp-content\/uploads\/2020\/07\/New_Logo.png?time=1665863562\",\"contentUrl\":\"https:\/\/secureservercdn.net\/160.153.137.123\/6p9.7a7.myftpupload.com\/wp-content\/uploads\/2020\/07\/New_Logo.png?time=1665863562\",\"width\":2837,\"height\":724,\"caption\":\"CS-Smartlab Devices kft.\"},\"image\":{\"@id\":\"https:\/\/cs-sld.com\/#\/schema\/logo\/image\/\"}}]}<\/script>\n<!-- \/ Yoast SEO plugin. -->","yoast_head_json":{"title":"Grants - CS-Smartlab Devices","robots":{"index":"index","follow":"follow","max-snippet":"max-snippet:-1","max-image-preview":"max-image-preview:large","max-video-preview":"max-video-preview:-1"},"canonical":"https:\/\/cs-sld.com\/hu\/grants\/","og_locale":"hu_HU","og_type":"article","og_title":"Grants - CS-Smartlab Devices","og_description":"Kedvezm\u00e9nyezett neve: CS-Smartlab Devices Kft. Projekt c\u00edme: Gy\u00e1rt\u00e1sautomatiz\u00e1l\u00e1s \u00e9s logisztikai innov\u00e1ci\u00f3 a CS-Smatlab Devices Kft.-n\u00e9lT\u00e1mogat\u00e1si \u00f6sszeg: 49 198 998 FtUni\u00f3s t\u00e1rsfinansz\u00edroz\u00e1s \u00f6sszege: 46 739&nbsp;046 FtHazai t\u00e1rsfinansz\u00edroz\u00e1s \u00f6sszege: 2 459 952 Projekt bemutat\u00e1sa: A projekt c\u00e9lja a CS-Smartlab Devices Kft. gy\u00e1rt\u00e1si, valamint logisztikai folyamatainak innov\u00e1ci\u00f3ja, mag\u00e1ba foglalva az automatiz\u00e1l\u00e1st \u00e9s a digitaliz\u00e1ci\u00f3t, hozz\u00e1j\u00e1rulva ezzel a v\u00e1llalkoz\u00e1sRead More","og_url":"https:\/\/cs-sld.com\/hu\/grants\/","og_site_name":"CS-Smartlab Devices","article_modified_time":"2025-12-09T17:21:11+00:00","twitter_card":"summary_large_image","twitter_misc":{"Becs\u00fclt olvas\u00e1si id\u0151":"2 perc"},"schema":{"@context":"https:\/\/schema.org","@graph":[{"@type":"WebPage","@id":"https:\/\/cs-sld.com\/grants\/","url":"https:\/\/cs-sld.com\/grants\/","name":"Grants - CS-Smartlab Devices","isPartOf":{"@id":"https:\/\/cs-sld.com\/#website"},"primaryImageOfPage":{"@id":"https:\/\/cs-sld.com\/grants\/#primaryimage"},"image":{"@id":"https:\/\/cs-sld.com\/grants\/#primaryimage"},"thumbnailUrl":"https:\/\/cs-sld.com\/wp-content\/uploads\/2025\/04\/szechenyi.png","datePublished":"2025-04-29T12:47:31+00:00","dateModified":"2025-12-09T17:21:11+00:00","breadcrumb":{"@id":"https:\/\/cs-sld.com\/grants\/#breadcrumb"},"inLanguage":"hu","potentialAction":[{"@type":"ReadAction","target":["https:\/\/cs-sld.com\/grants\/"]}]},{"@type":"ImageObject","inLanguage":"hu","@id":"https:\/\/cs-sld.com\/grants\/#primaryimage","url":"https:\/\/cs-sld.com\/wp-content\/uploads\/2025\/04\/szechenyi.png","contentUrl":"https:\/\/cs-sld.com\/wp-content\/uploads\/2025\/04\/szechenyi.png"},{"@type":"BreadcrumbList","@id":"https:\/\/cs-sld.com\/grants\/#breadcrumb","itemListElement":[{"@type":"ListItem","position":1,"name":"Home","item":"https:\/\/cs-sld.com\/"},{"@type":"ListItem","position":2,"name":"Grants"}]},{"@type":"WebSite","@id":"https:\/\/cs-sld.com\/#website","url":"https:\/\/cs-sld.com\/","name":"CS-Smartlab Devices","description":"Better, Simpler","publisher":{"@id":"https:\/\/cs-sld.com\/#organization"},"potentialAction":[{"@type":"SearchAction","target":{"@type":"EntryPoint","urlTemplate":"https:\/\/cs-sld.com\/?s={search_term_string}"},"query-input":{"@type":"PropertyValueSpecification","valueRequired":true,"valueName":"search_term_string"}}],"inLanguage":"hu"},{"@type":"Organization","@id":"https:\/\/cs-sld.com\/#organization","name":"CS-Smartlab Devices kft.","url":"https:\/\/cs-sld.com\/","logo":{"@type":"ImageObject","inLanguage":"hu","@id":"https:\/\/cs-sld.com\/#\/schema\/logo\/image\/","url":"https:\/\/secureservercdn.net\/160.153.137.123\/6p9.7a7.myftpupload.com\/wp-content\/uploads\/2020\/07\/New_Logo.png?time=1665863562","contentUrl":"https:\/\/secureservercdn.net\/160.153.137.123\/6p9.7a7.myftpupload.com\/wp-content\/uploads\/2020\/07\/New_Logo.png?time=1665863562","width":2837,"height":724,"caption":"CS-Smartlab Devices kft."},"image":{"@id":"https:\/\/cs-sld.com\/#\/schema\/logo\/image\/"}}]}},"_links":{"self":[{"href":"https:\/\/cs-sld.com\/hu\/wp-json\/wp\/v2\/pages\/516","targetHints":{"allow":["GET"]}}],"collection":[{"href":"https:\/\/cs-sld.com\/hu\/wp-json\/wp\/v2\/pages"}],"about":[{"href":"https:\/\/cs-sld.com\/hu\/wp-json\/wp\/v2\/types\/page"}],"author":[{"embeddable":true,"href":"https:\/\/cs-sld.com\/hu\/wp-json\/wp\/v2\/users\/1"}],"replies":[{"embeddable":true,"href":"https:\/\/cs-sld.com\/hu\/wp-json\/wp\/v2\/comments?post=516"}],"version-history":[{"count":8,"href":"https:\/\/cs-sld.com\/hu\/wp-json\/wp\/v2\/pages\/516\/revisions"}],"predecessor-version":[{"id":550,"href":"https:\/\/cs-sld.com\/hu\/wp-json\/wp\/v2\/pages\/516\/revisions\/550"}],"wp:attachment":[{"href":"https:\/\/cs-sld.com\/hu\/wp-json\/wp\/v2\/media?parent=516"}],"wp:term":[{"taxonomy":"category","embeddable":true,"href":"https:\/\/cs-sld.com\/hu\/wp-json\/wp\/v2\/categories?post=516"},{"taxonomy":"post_tag","embeddable":true,"href":"https:\/\/cs-sld.com\/hu\/wp-json\/wp\/v2\/tags?post=516"}],"curies":[{"name":"wp","href":"https:\/\/api.w.org\/{rel}","templated":true}]}}