{"id":37,"date":"2020-08-03T12:19:54","date_gmt":"2020-08-03T12:19:54","guid":{"rendered":"https:\/\/cs-sld.com\/?page_id=37"},"modified":"2025-04-29T14:14:08","modified_gmt":"2025-04-29T14:14:08","slug":"staff","status":"publish","type":"page","link":"https:\/\/cs-sld.com\/hu\/staff\/","title":{"rendered":"Team"},"content":{"rendered":"<div class=\"wp-block-columns is-layout-flex wp-container-core-columns-is-layout-9d6595d7 wp-block-columns-is-layout-flex\">\n<div class=\"wp-block-column is-layout-flow wp-block-column-is-layout-flow\"><\/div>\n\n\n\n<div class=\"wp-block-column is-layout-flow wp-block-column-is-layout-flow\">\n<div class=\"wp-block-image is-style-default\"><figure class=\"aligncenter size-large is-resized\"><img loading=\"lazy\" decoding=\"async\" src=\"https:\/\/cs-sld.com\/wp-content\/uploads\/2020\/08\/csk_profile-683x1024.jpg\" alt=\"\" class=\"wp-image-375\" width=\"167\" height=\"249\" srcset=\"https:\/\/cs-sld.com\/wp-content\/uploads\/2020\/08\/csk_profile-683x1024.jpg 683w, https:\/\/cs-sld.com\/wp-content\/uploads\/2020\/08\/csk_profile.jpg 709w\" sizes=\"auto, (max-width: 167px) 100vw, 167px\" \/><figcaption><strong>Dr. Csank\u00f3 Kriszti\u00e1n<\/strong><br>\u00dcgyvezet\u0151 igazgat\u00f3<\/figcaption><\/figure><\/div>\n<\/div>\n\n\n\n<div class=\"wp-block-column is-layout-flow wp-block-column-is-layout-flow\"><\/div>\n<\/div>\n\n\n\n<div class=\"wp-block-columns is-layout-flex wp-container-core-columns-is-layout-9d6595d7 wp-block-columns-is-layout-flex\">\n<div class=\"wp-block-column is-layout-flow wp-block-column-is-layout-flow\"><\/div>\n\n\n\n<div class=\"wp-block-column is-layout-flow wp-block-column-is-layout-flow\"><\/div>\n<\/div>\n\n\n\n<div class=\"wp-block-columns is-layout-flex wp-container-core-columns-is-layout-9d6595d7 wp-block-columns-is-layout-flex\">\n<div class=\"wp-block-column is-layout-flow wp-block-column-is-layout-flow\"><div class=\"wp-block-image\">\n<figure class=\"aligncenter size-large is-resized\"><img loading=\"lazy\" decoding=\"async\" width=\"759\" height=\"1024\" src=\"https:\/\/cs-sld.com\/wp-content\/uploads\/2025\/04\/NZ00001897-2-759x1024.jpg\" alt=\"\" class=\"wp-image-543\" style=\"width:150px;height:auto\" srcset=\"https:\/\/cs-sld.com\/wp-content\/uploads\/2025\/04\/NZ00001897-2-759x1024.jpg 759w, https:\/\/cs-sld.com\/wp-content\/uploads\/2025\/04\/NZ00001897-2-222x300.jpg 222w, https:\/\/cs-sld.com\/wp-content\/uploads\/2025\/04\/NZ00001897-2-768x1036.jpg 768w, https:\/\/cs-sld.com\/wp-content\/uploads\/2025\/04\/NZ00001897-2-1139x1536.jpg 1139w, https:\/\/cs-sld.com\/wp-content\/uploads\/2025\/04\/NZ00001897-2-1519x2048.jpg 1519w, https:\/\/cs-sld.com\/wp-content\/uploads\/2025\/04\/NZ00001897-2-9x12.jpg 9w, https:\/\/cs-sld.com\/wp-content\/uploads\/2025\/04\/NZ00001897-2-scaled.jpg 1899w\" sizes=\"auto, (max-width: 759px) 100vw, 759px\" \/><figcaption class=\"wp-element-caption\"><strong>Anna Podmaniczki PhD.<\/strong><br>R&amp;D Leader, Biologist<\/figcaption><\/figure><\/div>\n\n\n<p><\/p>\n<\/div>\n\n\n\n<div class=\"wp-block-column is-layout-flow wp-block-column-is-layout-flow\"><div class=\"wp-block-image\">\n<figure class=\"aligncenter size-medium is-resized\"><img loading=\"lazy\" decoding=\"async\" width=\"208\" height=\"300\" src=\"https:\/\/cs-sld.com\/wp-content\/uploads\/2020\/08\/szabina-208x300.jpg\" alt=\"\" class=\"wp-image-409\" style=\"width:138px;height:200px\" srcset=\"https:\/\/cs-sld.com\/wp-content\/uploads\/2020\/08\/szabina-208x300.jpg 208w, https:\/\/cs-sld.com\/wp-content\/uploads\/2020\/08\/szabina-711x1024.jpg 711w, https:\/\/cs-sld.com\/wp-content\/uploads\/2020\/08\/szabina-768x1106.jpg 768w, https:\/\/cs-sld.com\/wp-content\/uploads\/2020\/08\/szabina-1066x1536.jpg 1066w, https:\/\/cs-sld.com\/wp-content\/uploads\/2020\/08\/szabina-1422x2048.jpg 1422w, https:\/\/cs-sld.com\/wp-content\/uploads\/2020\/08\/szabina-scaled.jpg 1777w\" sizes=\"auto, (max-width: 208px) 100vw, 208px\" \/><figcaption class=\"wp-element-caption\"><strong>Izrael Szabina<\/strong><br>C\u00e9gvezet\u0151, \u00c9rt\u00e9kes\u00edt\u00e9s \u00e9s adminisztr\u00e1ci\u00f3<br>Biol\u00f3gus<\/figcaption><\/figure><\/div><\/div>\n<\/div>\n\n\n\n<div class=\"wp-block-columns is-layout-flex wp-container-core-columns-is-layout-9d6595d7 wp-block-columns-is-layout-flex\">\n<div class=\"wp-block-column is-layout-flow wp-block-column-is-layout-flow\"><\/div>\n\n\n\n<div class=\"wp-block-column is-layout-flow wp-block-column-is-layout-flow\"><\/div>\n<\/div>","protected":false},"excerpt":{"rendered":"","protected":false},"author":1,"featured_media":0,"parent":0,"menu_order":0,"comment_status":"closed","ping_status":"closed","template":"","meta":{"_coblocks_attr":"","_coblocks_dimensions":"","_coblocks_responsive_height":"","_coblocks_accordion_ie_support":"","footnotes":""},"categories":[],"tags":[],"class_list":["post-37","page","type-page","status-publish","hentry"],"yoast_head":"<!-- This site is optimized with the Yoast SEO plugin v25.0 - https:\/\/yoast.com\/wordpress\/plugins\/seo\/ -->\n<title>Team - CS-Smartlab Devices<\/title>\n<meta name=\"robots\" content=\"index, follow, max-snippet:-1, max-image-preview:large, max-video-preview:-1\" \/>\n<link rel=\"canonical\" href=\"https:\/\/cs-sld.com\/hu\/staff\/\" \/>\n<meta property=\"og:locale\" content=\"hu_HU\" \/>\n<meta property=\"og:type\" content=\"article\" \/>\n<meta property=\"og:title\" content=\"Team - CS-Smartlab Devices\" \/>\n<meta property=\"og:url\" content=\"https:\/\/cs-sld.com\/hu\/staff\/\" \/>\n<meta property=\"og:site_name\" content=\"CS-Smartlab Devices\" \/>\n<meta property=\"article:modified_time\" content=\"2025-04-29T14:14:08+00:00\" \/>\n<meta property=\"og:image\" content=\"https:\/\/cs-sld.com\/wp-content\/uploads\/2025\/04\/NZ00001897-2-759x1024.jpg\" \/>\n<meta name=\"twitter:card\" content=\"summary_large_image\" \/>\n<meta name=\"twitter:label1\" content=\"Becs\u00fclt olvas\u00e1si id\u0151\" \/>\n\t<meta name=\"twitter:data1\" content=\"1 perc\" \/>\n<script type=\"application\/ld+json\" class=\"yoast-schema-graph\">{\"@context\":\"https:\/\/schema.org\",\"@graph\":[{\"@type\":\"WebPage\",\"@id\":\"https:\/\/cs-sld.com\/staff\/\",\"url\":\"https:\/\/cs-sld.com\/staff\/\",\"name\":\"Team - CS-Smartlab Devices\",\"isPartOf\":{\"@id\":\"https:\/\/cs-sld.com\/#website\"},\"primaryImageOfPage\":{\"@id\":\"https:\/\/cs-sld.com\/staff\/#primaryimage\"},\"image\":{\"@id\":\"https:\/\/cs-sld.com\/staff\/#primaryimage\"},\"thumbnailUrl\":\"https:\/\/cs-sld.com\/wp-content\/uploads\/2025\/04\/NZ00001897-2-759x1024.jpg\",\"datePublished\":\"2020-08-03T12:19:54+00:00\",\"dateModified\":\"2025-04-29T14:14:08+00:00\",\"breadcrumb\":{\"@id\":\"https:\/\/cs-sld.com\/staff\/#breadcrumb\"},\"inLanguage\":\"hu\",\"potentialAction\":[{\"@type\":\"ReadAction\",\"target\":[\"https:\/\/cs-sld.com\/staff\/\"]}]},{\"@type\":\"ImageObject\",\"inLanguage\":\"hu\",\"@id\":\"https:\/\/cs-sld.com\/staff\/#primaryimage\",\"url\":\"https:\/\/cs-sld.com\/wp-content\/uploads\/2025\/04\/NZ00001897-2-759x1024.jpg\",\"contentUrl\":\"https:\/\/cs-sld.com\/wp-content\/uploads\/2025\/04\/NZ00001897-2-759x1024.jpg\"},{\"@type\":\"BreadcrumbList\",\"@id\":\"https:\/\/cs-sld.com\/staff\/#breadcrumb\",\"itemListElement\":[{\"@type\":\"ListItem\",\"position\":1,\"name\":\"Home\",\"item\":\"https:\/\/cs-sld.com\/\"},{\"@type\":\"ListItem\",\"position\":2,\"name\":\"Team\"}]},{\"@type\":\"WebSite\",\"@id\":\"https:\/\/cs-sld.com\/#website\",\"url\":\"https:\/\/cs-sld.com\/\",\"name\":\"CS-Smartlab Devices\",\"description\":\"Better, Simpler\",\"publisher\":{\"@id\":\"https:\/\/cs-sld.com\/#organization\"},\"potentialAction\":[{\"@type\":\"SearchAction\",\"target\":{\"@type\":\"EntryPoint\",\"urlTemplate\":\"https:\/\/cs-sld.com\/?s={search_term_string}\"},\"query-input\":{\"@type\":\"PropertyValueSpecification\",\"valueRequired\":true,\"valueName\":\"search_term_string\"}}],\"inLanguage\":\"hu\"},{\"@type\":\"Organization\",\"@id\":\"https:\/\/cs-sld.com\/#organization\",\"name\":\"CS-Smartlab Devices kft.\",\"url\":\"https:\/\/cs-sld.com\/\",\"logo\":{\"@type\":\"ImageObject\",\"inLanguage\":\"hu\",\"@id\":\"https:\/\/cs-sld.com\/#\/schema\/logo\/image\/\",\"url\":\"https:\/\/secureservercdn.net\/160.153.137.123\/6p9.7a7.myftpupload.com\/wp-content\/uploads\/2020\/07\/New_Logo.png?time=1665863562\",\"contentUrl\":\"https:\/\/secureservercdn.net\/160.153.137.123\/6p9.7a7.myftpupload.com\/wp-content\/uploads\/2020\/07\/New_Logo.png?time=1665863562\",\"width\":2837,\"height\":724,\"caption\":\"CS-Smartlab Devices kft.\"},\"image\":{\"@id\":\"https:\/\/cs-sld.com\/#\/schema\/logo\/image\/\"}}]}<\/script>\n<!-- \/ Yoast SEO plugin. -->","yoast_head_json":{"title":"Team - CS-Smartlab Devices","robots":{"index":"index","follow":"follow","max-snippet":"max-snippet:-1","max-image-preview":"max-image-preview:large","max-video-preview":"max-video-preview:-1"},"canonical":"https:\/\/cs-sld.com\/hu\/staff\/","og_locale":"hu_HU","og_type":"article","og_title":"Team - CS-Smartlab Devices","og_url":"https:\/\/cs-sld.com\/hu\/staff\/","og_site_name":"CS-Smartlab Devices","article_modified_time":"2025-04-29T14:14:08+00:00","og_image":[{"url":"https:\/\/cs-sld.com\/wp-content\/uploads\/2025\/04\/NZ00001897-2-759x1024.jpg","type":"","width":"","height":""}],"twitter_card":"summary_large_image","twitter_misc":{"Becs\u00fclt olvas\u00e1si id\u0151":"1 perc"},"schema":{"@context":"https:\/\/schema.org","@graph":[{"@type":"WebPage","@id":"https:\/\/cs-sld.com\/staff\/","url":"https:\/\/cs-sld.com\/staff\/","name":"Team - CS-Smartlab Devices","isPartOf":{"@id":"https:\/\/cs-sld.com\/#website"},"primaryImageOfPage":{"@id":"https:\/\/cs-sld.com\/staff\/#primaryimage"},"image":{"@id":"https:\/\/cs-sld.com\/staff\/#primaryimage"},"thumbnailUrl":"https:\/\/cs-sld.com\/wp-content\/uploads\/2025\/04\/NZ00001897-2-759x1024.jpg","datePublished":"2020-08-03T12:19:54+00:00","dateModified":"2025-04-29T14:14:08+00:00","breadcrumb":{"@id":"https:\/\/cs-sld.com\/staff\/#breadcrumb"},"inLanguage":"hu","potentialAction":[{"@type":"ReadAction","target":["https:\/\/cs-sld.com\/staff\/"]}]},{"@type":"ImageObject","inLanguage":"hu","@id":"https:\/\/cs-sld.com\/staff\/#primaryimage","url":"https:\/\/cs-sld.com\/wp-content\/uploads\/2025\/04\/NZ00001897-2-759x1024.jpg","contentUrl":"https:\/\/cs-sld.com\/wp-content\/uploads\/2025\/04\/NZ00001897-2-759x1024.jpg"},{"@type":"BreadcrumbList","@id":"https:\/\/cs-sld.com\/staff\/#breadcrumb","itemListElement":[{"@type":"ListItem","position":1,"name":"Home","item":"https:\/\/cs-sld.com\/"},{"@type":"ListItem","position":2,"name":"Team"}]},{"@type":"WebSite","@id":"https:\/\/cs-sld.com\/#website","url":"https:\/\/cs-sld.com\/","name":"CS-Smartlab Devices","description":"Better, Simpler","publisher":{"@id":"https:\/\/cs-sld.com\/#organization"},"potentialAction":[{"@type":"SearchAction","target":{"@type":"EntryPoint","urlTemplate":"https:\/\/cs-sld.com\/?s={search_term_string}"},"query-input":{"@type":"PropertyValueSpecification","valueRequired":true,"valueName":"search_term_string"}}],"inLanguage":"hu"},{"@type":"Organization","@id":"https:\/\/cs-sld.com\/#organization","name":"CS-Smartlab Devices kft.","url":"https:\/\/cs-sld.com\/","logo":{"@type":"ImageObject","inLanguage":"hu","@id":"https:\/\/cs-sld.com\/#\/schema\/logo\/image\/","url":"https:\/\/secureservercdn.net\/160.153.137.123\/6p9.7a7.myftpupload.com\/wp-content\/uploads\/2020\/07\/New_Logo.png?time=1665863562","contentUrl":"https:\/\/secureservercdn.net\/160.153.137.123\/6p9.7a7.myftpupload.com\/wp-content\/uploads\/2020\/07\/New_Logo.png?time=1665863562","width":2837,"height":724,"caption":"CS-Smartlab Devices kft."},"image":{"@id":"https:\/\/cs-sld.com\/#\/schema\/logo\/image\/"}}]}},"_links":{"self":[{"href":"https:\/\/cs-sld.com\/hu\/wp-json\/wp\/v2\/pages\/37","targetHints":{"allow":["GET"]}}],"collection":[{"href":"https:\/\/cs-sld.com\/hu\/wp-json\/wp\/v2\/pages"}],"about":[{"href":"https:\/\/cs-sld.com\/hu\/wp-json\/wp\/v2\/types\/page"}],"author":[{"embeddable":true,"href":"https:\/\/cs-sld.com\/hu\/wp-json\/wp\/v2\/users\/1"}],"replies":[{"embeddable":true,"href":"https:\/\/cs-sld.com\/hu\/wp-json\/wp\/v2\/comments?post=37"}],"version-history":[{"count":28,"href":"https:\/\/cs-sld.com\/hu\/wp-json\/wp\/v2\/pages\/37\/revisions"}],"predecessor-version":[{"id":544,"href":"https:\/\/cs-sld.com\/hu\/wp-json\/wp\/v2\/pages\/37\/revisions\/544"}],"wp:attachment":[{"href":"https:\/\/cs-sld.com\/hu\/wp-json\/wp\/v2\/media?parent=37"}],"wp:term":[{"taxonomy":"category","embeddable":true,"href":"https:\/\/cs-sld.com\/hu\/wp-json\/wp\/v2\/categories?post=37"},{"taxonomy":"post_tag","embeddable":true,"href":"https:\/\/cs-sld.com\/hu\/wp-json\/wp\/v2\/tags?post=37"}],"curies":[{"name":"wp","href":"https:\/\/api.w.org\/{rel}","templated":true}]}}