{"id":36,"date":"2020-08-03T12:19:54","date_gmt":"2020-08-03T12:19:54","guid":{"rendered":"https:\/\/cs-sld.com\/?page_id=36"},"modified":"2023-04-18T15:38:43","modified_gmt":"2023-04-18T15:38:43","slug":"contact","status":"publish","type":"page","link":"https:\/\/cs-sld.com\/hu\/contact\/","title":{"rendered":"Kapcsolat"},"content":{"rendered":"<div class=\"wp-block-columns is-layout-flex wp-container-core-columns-is-layout-9d6595d7 wp-block-columns-is-layout-flex\">\n<div class=\"wp-block-column is-layout-flow wp-block-column-is-layout-flow\">\n<div class=\"wpforms-container wpforms-container-full\" id=\"wpforms-184\"><form id=\"wpforms-form-184\" class=\"wpforms-validate wpforms-form\" data-formid=\"184\" method=\"post\" enctype=\"multipart\/form-data\" action=\"\/hu\/wp-json\/wp\/v2\/pages\/36\" data-token=\"870e61e3290a48b54abc63092f4ed043\" data-token-time=\"1776485899\" data-trp-original-action=\"\/hu\/wp-json\/wp\/v2\/pages\/36\"><div class=\"wpforms-head-container\"><div class=\"wpforms-title\">L\u00e9pjen kapcsolatba vel\u00fcnk<\/div><\/div><noscript class=\"wpforms-error-noscript\">Please enable JavaScript in your browser to complete this form.<\/noscript><div class=\"wpforms-field-container\"><div id=\"wpforms-184-field_0-container\" class=\"wpforms-field wpforms-field-name\" data-field-id=\"0\"><label class=\"wpforms-field-label\">N\u00e9v <span class=\"wpforms-required-label\">*<\/span><\/label><div class=\"wpforms-field-row wpforms-field-medium\"><div class=\"wpforms-field-row-block wpforms-first wpforms-one-half\"><input type=\"text\" id=\"wpforms-184-field_0\" class=\"wpforms-field-name-first wpforms-field-required\" name=\"wpforms[fields][0][first]\" required><label for=\"wpforms-184-field_0\" class=\"wpforms-field-sublabel after\">First<\/label><\/div><div class=\"wpforms-field-row-block wpforms-one-half\"><input type=\"text\" id=\"wpforms-184-field_0-last\" class=\"wpforms-field-name-last wpforms-field-required\" name=\"wpforms[fields][0][last]\" required><label for=\"wpforms-184-field_0-last\" class=\"wpforms-field-sublabel after\">Last<\/label><\/div><\/div><\/div><div id=\"wpforms-184-field_1-container\" class=\"wpforms-field wpforms-field-email\" data-field-id=\"1\"><label class=\"wpforms-field-label\" for=\"wpforms-184-field_1\">Email <span class=\"wpforms-required-label\">*<\/span><\/label><input type=\"email\" id=\"wpforms-184-field_1\" class=\"wpforms-field-medium wpforms-field-required\" name=\"wpforms[fields][1]\" spellcheck=\"false\" required><\/div><div id=\"wpforms-184-field_2-container\" class=\"wpforms-field wpforms-field-textarea\" data-field-id=\"2\"><label class=\"wpforms-field-label\" for=\"wpforms-184-field_2\">\u00dczenet <span class=\"wpforms-required-label\">*<\/span><\/label><textarea id=\"wpforms-184-field_2\" class=\"wpforms-field-medium wpforms-field-required\" name=\"wpforms[fields][2]\" required><\/textarea><\/div><\/div><!-- .wpforms-field-container --><div class=\"wpforms-field wpforms-field-hp\"><label for=\"wpforms-184-field-hp\" class=\"wpforms-field-label\">Message<\/label><input type=\"text\" name=\"wpforms[hp]\" id=\"wpforms-184-field-hp\" class=\"wpforms-field-medium\"><\/div><div class=\"wpforms-recaptcha-container wpforms-is-recaptcha wpforms-is-recaptcha-type-v2\" ><div class=\"g-recaptcha\" data-sitekey=\"6LfzHdgZAAAAAN7jTmehDncZrzz0VBaIlja3feSv\"><\/div><input type=\"text\" name=\"g-recaptcha-hidden\" class=\"wpforms-recaptcha-hidden\" style=\"position:absolute!important;clip:rect(0,0,0,0)!important;height:1px!important;width:1px!important;border:0!important;overflow:hidden!important;padding:0!important;margin:0!important;\" data-rule-recaptcha=\"1\"><\/div><div class=\"wpforms-submit-container\" ><input type=\"hidden\" name=\"wpforms[id]\" value=\"184\"><input type=\"hidden\" name=\"page_title\" value=\"\"><input type=\"hidden\" name=\"page_url\" value=\"https:\/\/cs-sld.com\/hu\/wp-json\/wp\/v2\/pages\/36\"><input type=\"hidden\" name=\"url_referer\" value=\"\"><button type=\"submit\" name=\"wpforms[submit]\" id=\"wpforms-submit-184\" class=\"wpforms-submit\" data-alt-text=\"Sending...\" data-submit-text=\"Submit\" aria-live=\"assertive\" value=\"wpforms-submit\">Elk\u00fcld<\/button><\/div><input type=\"hidden\" name=\"trp-form-language\" value=\"hu\"\/><\/form><\/div>  <!-- .wpforms-container -->\n<\/div>\n\n\n\n<div class=\"wp-block-column is-layout-flow wp-block-column-is-layout-flow\">\n<div class=\"wp-block-coblocks-row coblocks-row-75111029726\" data-columns=\"1\" data-layout=\"100\"><div class=\"wp-block-coblocks-row__inner has-no-padding has-no-margin is-stacked-on-mobile has-medium-gutter\">\n<div class=\"wp-block-coblocks-column coblocks-column-75111037441\" style=\"width:100%\"><div class=\"wp-block-coblocks-column__inner has-no-padding has-no-margin\">\n<div class=\"wp-block-coblocks-media-card alignwide is-style-left has-no-media is-stacked-on-mobile coblocks-media-card-75111141474\"><div class=\"wp-block-coblocks-media-card__inner bg-cover has-background-image bg-no-repeat bg-center-center has-no-padding\" style=\"background-image:url(https:\/\/cs-sld.com\/wp-content\/uploads\/2020\/08\/qtq80-lAe0u1.jpeg)\"><div class=\"wp-block-coblocks-media-card__wrapper\"><figure class=\"wp-block-coblocks-media-card__media\"><\/figure><div class=\"wp-block-coblocks-media-card__content\">\n<div class=\"wp-block-coblocks-row coblocks-row-75111141586\" data-columns=\"1\" data-layout=\"100\"><div class=\"wp-block-coblocks-row__inner has-background has-padding has-huge-padding has-no-margin is-stacked-on-mobile has-medium-gutter\" style=\"background-color:#FFFFFF\">\n<div class=\"wp-block-coblocks-column coblocks-column-75111141592\" style=\"width:100%\"><div class=\"wp-block-coblocks-column__inner has-no-padding has-no-margin\">\n<h3 class=\"wp-block-heading\">C\u00edm\u00fcnk<\/h3>\n\n\n\n<p>F\u0151 u. 86<br>K\u00fcbekh\u00e1za<br>6755<br>Magyarorsz\u00e1g<\/p>\n<\/div><\/div>\n<\/div><\/div>\n<\/div><\/div><\/div><\/div>\n<\/div><\/div>\n<\/div><\/div>\n\n\n\n<p><\/p>\n<\/div>\n<\/div>\n\n\n\n<hr class=\"wp-block-coblocks-dynamic-separator\" style=\"height:50px\"\/>\n\n\n\n<figure><iframe src=\"https:\/\/www.google.com\/maps\/embed?pb=!1m10!1m8!1m3!1d1382.0035008224013!2d20.2771771!3d46.1506067!3m2!1i1024!2i768!4f13.1!5e0!3m2!1shu!2shu!4v1681832292299!5m2!1shu!2shu\" width=\"600\" height=\"450\" style=\"border:0;\" allowfullscreen=\"\" loading=\"lazy\" referrerpolicy=\"no-referrer-when-downgrade\"><\/iframe>","protected":false},"excerpt":{"rendered":"","protected":false},"author":1,"featured_media":0,"parent":0,"menu_order":0,"comment_status":"closed","ping_status":"closed","template":"","meta":{"_coblocks_attr":"","_coblocks_dimensions":"","_coblocks_responsive_height":"","_coblocks_accordion_ie_support":"","footnotes":""},"categories":[],"tags":[],"class_list":["post-36","page","type-page","status-publish","hentry"],"yoast_head":"<!-- This site is optimized with the Yoast SEO plugin v25.0 - https:\/\/yoast.com\/wordpress\/plugins\/seo\/ -->\n<title>Contact - CS-Smartlab Devices<\/title>\n<meta name=\"robots\" content=\"index, follow, max-snippet:-1, max-image-preview:large, max-video-preview:-1\" \/>\n<link rel=\"canonical\" href=\"https:\/\/cs-sld.com\/hu\/contact\/\" \/>\n<meta property=\"og:locale\" content=\"hu_HU\" \/>\n<meta property=\"og:type\" content=\"article\" \/>\n<meta property=\"og:title\" content=\"Contact - CS-Smartlab Devices\" \/>\n<meta property=\"og:url\" content=\"https:\/\/cs-sld.com\/hu\/contact\/\" \/>\n<meta property=\"og:site_name\" content=\"CS-Smartlab Devices\" \/>\n<meta property=\"article:modified_time\" content=\"2023-04-18T15:38:43+00:00\" \/>\n<meta name=\"twitter:card\" content=\"summary_large_image\" \/>\n<meta name=\"twitter:label1\" content=\"Becs\u00fclt olvas\u00e1si id\u0151\" \/>\n\t<meta name=\"twitter:data1\" content=\"1 perc\" \/>\n<script type=\"application\/ld+json\" class=\"yoast-schema-graph\">{\"@context\":\"https:\/\/schema.org\",\"@graph\":[{\"@type\":\"WebPage\",\"@id\":\"https:\/\/cs-sld.com\/contact\/\",\"url\":\"https:\/\/cs-sld.com\/contact\/\",\"name\":\"Contact - CS-Smartlab Devices\",\"isPartOf\":{\"@id\":\"https:\/\/cs-sld.com\/#website\"},\"datePublished\":\"2020-08-03T12:19:54+00:00\",\"dateModified\":\"2023-04-18T15:38:43+00:00\",\"breadcrumb\":{\"@id\":\"https:\/\/cs-sld.com\/contact\/#breadcrumb\"},\"inLanguage\":\"hu\",\"potentialAction\":[{\"@type\":\"ReadAction\",\"target\":[\"https:\/\/cs-sld.com\/contact\/\"]}]},{\"@type\":\"BreadcrumbList\",\"@id\":\"https:\/\/cs-sld.com\/contact\/#breadcrumb\",\"itemListElement\":[{\"@type\":\"ListItem\",\"position\":1,\"name\":\"Home\",\"item\":\"https:\/\/cs-sld.com\/\"},{\"@type\":\"ListItem\",\"position\":2,\"name\":\"Contact\"}]},{\"@type\":\"WebSite\",\"@id\":\"https:\/\/cs-sld.com\/#website\",\"url\":\"https:\/\/cs-sld.com\/\",\"name\":\"CS-Smartlab Devices\",\"description\":\"Better, Simpler\",\"publisher\":{\"@id\":\"https:\/\/cs-sld.com\/#organization\"},\"potentialAction\":[{\"@type\":\"SearchAction\",\"target\":{\"@type\":\"EntryPoint\",\"urlTemplate\":\"https:\/\/cs-sld.com\/?s={search_term_string}\"},\"query-input\":{\"@type\":\"PropertyValueSpecification\",\"valueRequired\":true,\"valueName\":\"search_term_string\"}}],\"inLanguage\":\"hu\"},{\"@type\":\"Organization\",\"@id\":\"https:\/\/cs-sld.com\/#organization\",\"name\":\"CS-Smartlab Devices kft.\",\"url\":\"https:\/\/cs-sld.com\/\",\"logo\":{\"@type\":\"ImageObject\",\"inLanguage\":\"hu\",\"@id\":\"https:\/\/cs-sld.com\/#\/schema\/logo\/image\/\",\"url\":\"https:\/\/secureservercdn.net\/160.153.137.123\/6p9.7a7.myftpupload.com\/wp-content\/uploads\/2020\/07\/New_Logo.png?time=1665863562\",\"contentUrl\":\"https:\/\/secureservercdn.net\/160.153.137.123\/6p9.7a7.myftpupload.com\/wp-content\/uploads\/2020\/07\/New_Logo.png?time=1665863562\",\"width\":2837,\"height\":724,\"caption\":\"CS-Smartlab Devices kft.\"},\"image\":{\"@id\":\"https:\/\/cs-sld.com\/#\/schema\/logo\/image\/\"}}]}<\/script>\n<!-- \/ Yoast SEO plugin. -->","yoast_head_json":{"title":"Contact - CS-Smartlab Devices","robots":{"index":"index","follow":"follow","max-snippet":"max-snippet:-1","max-image-preview":"max-image-preview:large","max-video-preview":"max-video-preview:-1"},"canonical":"https:\/\/cs-sld.com\/hu\/contact\/","og_locale":"hu_HU","og_type":"article","og_title":"Contact - CS-Smartlab Devices","og_url":"https:\/\/cs-sld.com\/hu\/contact\/","og_site_name":"CS-Smartlab Devices","article_modified_time":"2023-04-18T15:38:43+00:00","twitter_card":"summary_large_image","twitter_misc":{"Becs\u00fclt olvas\u00e1si id\u0151":"1 perc"},"schema":{"@context":"https:\/\/schema.org","@graph":[{"@type":"WebPage","@id":"https:\/\/cs-sld.com\/contact\/","url":"https:\/\/cs-sld.com\/contact\/","name":"Contact - CS-Smartlab Devices","isPartOf":{"@id":"https:\/\/cs-sld.com\/#website"},"datePublished":"2020-08-03T12:19:54+00:00","dateModified":"2023-04-18T15:38:43+00:00","breadcrumb":{"@id":"https:\/\/cs-sld.com\/contact\/#breadcrumb"},"inLanguage":"hu","potentialAction":[{"@type":"ReadAction","target":["https:\/\/cs-sld.com\/contact\/"]}]},{"@type":"BreadcrumbList","@id":"https:\/\/cs-sld.com\/contact\/#breadcrumb","itemListElement":[{"@type":"ListItem","position":1,"name":"Home","item":"https:\/\/cs-sld.com\/"},{"@type":"ListItem","position":2,"name":"Contact"}]},{"@type":"WebSite","@id":"https:\/\/cs-sld.com\/#website","url":"https:\/\/cs-sld.com\/","name":"CS-Smartlab Devices","description":"Better, Simpler","publisher":{"@id":"https:\/\/cs-sld.com\/#organization"},"potentialAction":[{"@type":"SearchAction","target":{"@type":"EntryPoint","urlTemplate":"https:\/\/cs-sld.com\/?s={search_term_string}"},"query-input":{"@type":"PropertyValueSpecification","valueRequired":true,"valueName":"search_term_string"}}],"inLanguage":"hu"},{"@type":"Organization","@id":"https:\/\/cs-sld.com\/#organization","name":"CS-Smartlab Devices kft.","url":"https:\/\/cs-sld.com\/","logo":{"@type":"ImageObject","inLanguage":"hu","@id":"https:\/\/cs-sld.com\/#\/schema\/logo\/image\/","url":"https:\/\/secureservercdn.net\/160.153.137.123\/6p9.7a7.myftpupload.com\/wp-content\/uploads\/2020\/07\/New_Logo.png?time=1665863562","contentUrl":"https:\/\/secureservercdn.net\/160.153.137.123\/6p9.7a7.myftpupload.com\/wp-content\/uploads\/2020\/07\/New_Logo.png?time=1665863562","width":2837,"height":724,"caption":"CS-Smartlab Devices kft."},"image":{"@id":"https:\/\/cs-sld.com\/#\/schema\/logo\/image\/"}}]}},"_links":{"self":[{"href":"https:\/\/cs-sld.com\/hu\/wp-json\/wp\/v2\/pages\/36","targetHints":{"allow":["GET"]}}],"collection":[{"href":"https:\/\/cs-sld.com\/hu\/wp-json\/wp\/v2\/pages"}],"about":[{"href":"https:\/\/cs-sld.com\/hu\/wp-json\/wp\/v2\/types\/page"}],"author":[{"embeddable":true,"href":"https:\/\/cs-sld.com\/hu\/wp-json\/wp\/v2\/users\/1"}],"replies":[{"embeddable":true,"href":"https:\/\/cs-sld.com\/hu\/wp-json\/wp\/v2\/comments?post=36"}],"version-history":[{"count":14,"href":"https:\/\/cs-sld.com\/hu\/wp-json\/wp\/v2\/pages\/36\/revisions"}],"predecessor-version":[{"id":501,"href":"https:\/\/cs-sld.com\/hu\/wp-json\/wp\/v2\/pages\/36\/revisions\/501"}],"wp:attachment":[{"href":"https:\/\/cs-sld.com\/hu\/wp-json\/wp\/v2\/media?parent=36"}],"wp:term":[{"taxonomy":"category","embeddable":true,"href":"https:\/\/cs-sld.com\/hu\/wp-json\/wp\/v2\/categories?post=36"},{"taxonomy":"post_tag","embeddable":true,"href":"https:\/\/cs-sld.com\/hu\/wp-json\/wp\/v2\/tags?post=36"}],"curies":[{"name":"wp","href":"https:\/\/api.w.org\/{rel}","templated":true}]}}