{"id":324,"date":"2020-08-12T17:18:18","date_gmt":"2020-08-12T17:18:18","guid":{"rendered":"https:\/\/cs-sld.com\/?page_id=324"},"modified":"2020-10-25T11:25:33","modified_gmt":"2020-10-25T11:25:33","slug":"photonics","status":"publish","type":"page","link":"https:\/\/cs-sld.com\/hu\/photonics\/","title":{"rendered":"Fotonikai kutat\u00e1sok"},"content":{"rendered":"<div class=\"wp-block-cover has-background-dim\" style=\"background-image:url(https:\/\/cs-sld.com\/wp-content\/uploads\/2020\/08\/Depositphotos_7641801_ds-scaled.jpg)\"><div class=\"wp-block-cover__inner-container is-layout-flow wp-block-cover-is-layout-flow\">\n<p class=\"has-text-align-center has-large-font-size\">\u00daj megvil\u00e1g\u00edt\u00e1si m\u00f3dszerek<\/p>\n<\/div><\/div>\n\n\n\n<hr class=\"wp-block-coblocks-dynamic-separator\" style=\"height:50px\"\/>\n\n\n\n<div class=\"wp-block-coblocks-media-card alignwide is-style-left is-stacked-on-mobile coblocks-media-card-71219653864\"><div class=\"wp-block-coblocks-media-card__inner has-no-padding\"><div class=\"wp-block-coblocks-media-card__wrapper\"><figure class=\"wp-block-coblocks-media-card__media\"><img loading=\"lazy\" decoding=\"async\" width=\"1024\" height=\"768\" src=\"https:\/\/cs-sld.com\/wp-content\/uploads\/2020\/08\/IMG_0225-1024x768.jpg\" alt=\"\" class=\"wp-image-256\" srcset=\"https:\/\/cs-sld.com\/wp-content\/uploads\/2020\/08\/IMG_0225-1024x768.jpg 1024w, https:\/\/cs-sld.com\/wp-content\/uploads\/2020\/08\/IMG_0225-300x225.jpg 300w, https:\/\/cs-sld.com\/wp-content\/uploads\/2020\/08\/IMG_0225-768x576.jpg 768w, https:\/\/cs-sld.com\/wp-content\/uploads\/2020\/08\/IMG_0225-1536x1152.jpg 1536w, https:\/\/cs-sld.com\/wp-content\/uploads\/2020\/08\/IMG_0225-2048x1536.jpg 2048w, https:\/\/cs-sld.com\/wp-content\/uploads\/2020\/08\/IMG_0225-380x285.jpg 380w, https:\/\/cs-sld.com\/wp-content\/uploads\/2020\/08\/IMG_0225-285x214.jpg 285w\" sizes=\"auto, (max-width: 1024px) 100vw, 1024px\" \/><\/figure><div class=\"wp-block-coblocks-media-card__content\">\n<div class=\"wp-block-coblocks-row coblocks-row-71219653965\" data-columns=\"1\" data-layout=\"100\"><div class=\"wp-block-coblocks-row__inner has-background has-padding has-huge-padding has-no-margin is-stacked-on-mobile has-medium-gutter\" style=\"background-color:#FFFFFF\">\n<div class=\"wp-block-coblocks-column coblocks-column-71219653969\" style=\"width:100%\"><div class=\"wp-block-coblocks-column__inner has-no-padding has-no-margin\">\n<h3 class=\"wp-block-heading\">L\u00c9ZER vagy LED<\/h3>\n\n\n\n<p style=\"font-size:18px\">Kor\u00e1bbi kutat\u00e1si tev\u00e9kenys\u00e9geink miatt \u00e9rdekl\u0151d\u00fcnk a k\u00fcl\u00f6nb\u00f6z\u0151 f\u00e9ny-anyag k\u00f6lcs\u00f6nhat\u00e1si jelens\u00e9gek ir\u00e1nt. A k\u00e9miai szint\u00e9zisek ter\u00fclet\u00e9n j\u00f3l ismert jelens\u00e9g, hogy a nagy energi\u00e1j\u00fa fotonok (\u03bb&lt;400nm) a molekul\u00e1kat nagyobb energi\u00e1j\u00fa \u00e1llapotba viszik, melyek ennek hat\u00e1s\u00e1ra reakt\u00edvv\u00e1 v\u00e1lnak, elbomlanak vagy \u00e1trendez\u0151dnek. A folyamat leggyakrabban izomeriz\u00e1ci\u00f3val, vagy redox-reakci\u00f3val v\u00e9gz\u0151dik. Fotonforr\u00e1sk\u00e9nt igen hossz\u00fa ideig kiz\u00e1r\u00f3lag a higanyg\u0151z l\u00e1mp\u00e1k \u00e9s a l\u00e9zerek szolg\u00e1ltak.<\/p>\n\n\n\n<p style=\"font-size:18px\">Napjainkban a LED-ek egyre nagyobb figyelmet kapnak, k\u00f6sz\u00f6nhet\u0151en a f\u00e9lvezet\u0151k robban\u00e1sszer\u0171 fejl\u0151d\u00e9s\u00e9nek a nagy energi\u00e1j\u00fa tartom\u00e1nyban. A hagyom\u00e1nyos l\u00e9zerekkel \u00f6sszehasonl\u00edtva a f\u00e9lvezet\u0151 f\u00e9nyforr\u00e1sok jelent\u0151sen kedvez\u0151bb \u00e1r\u00faak, de az optikai tulajdons\u00e1gaik elt\u00e9r\u0151ek. Jelenleg, egy olyan LED-alap\u00fa szintetikus c\u00e9l\u00fa fotok\u00e9miai reaktoron dolgozunk, mely felveszi a versenyt a l\u00e9zeren alapul\u00f3 modellekkel.<\/p>\n<\/div><\/div>\n<\/div><\/div>\n<\/div><\/div><\/div><\/div>","protected":false},"excerpt":{"rendered":"","protected":false},"author":1,"featured_media":0,"parent":0,"menu_order":0,"comment_status":"closed","ping_status":"closed","template":"","meta":{"_coblocks_attr":"","_coblocks_dimensions":"","_coblocks_responsive_height":"","_coblocks_accordion_ie_support":"","footnotes":""},"categories":[],"tags":[],"class_list":["post-324","page","type-page","status-publish","hentry"],"yoast_head":"<!-- This site is optimized with the Yoast SEO plugin v25.0 - https:\/\/yoast.com\/wordpress\/plugins\/seo\/ -->\n<title>Photonics - CS-Smartlab Devices<\/title>\n<meta name=\"robots\" content=\"index, follow, max-snippet:-1, max-image-preview:large, max-video-preview:-1\" \/>\n<link rel=\"canonical\" href=\"https:\/\/cs-sld.com\/hu\/photonics\/\" \/>\n<meta property=\"og:locale\" content=\"hu_HU\" \/>\n<meta property=\"og:type\" content=\"article\" \/>\n<meta property=\"og:title\" content=\"Photonics - CS-Smartlab Devices\" \/>\n<meta property=\"og:url\" content=\"https:\/\/cs-sld.com\/hu\/photonics\/\" \/>\n<meta property=\"og:site_name\" content=\"CS-Smartlab Devices\" \/>\n<meta property=\"article:modified_time\" content=\"2020-10-25T11:25:33+00:00\" \/>\n<meta property=\"og:image\" content=\"https:\/\/cs-sld.com\/wp-content\/uploads\/2020\/08\/IMG_0225-1024x768.jpg\" \/>\n<meta name=\"twitter:card\" content=\"summary_large_image\" \/>\n<meta name=\"twitter:label1\" content=\"Becs\u00fclt olvas\u00e1si id\u0151\" \/>\n\t<meta name=\"twitter:data1\" content=\"1 perc\" \/>\n<script type=\"application\/ld+json\" class=\"yoast-schema-graph\">{\"@context\":\"https:\/\/schema.org\",\"@graph\":[{\"@type\":\"WebPage\",\"@id\":\"https:\/\/cs-sld.com\/hu\/photonics\/\",\"url\":\"https:\/\/cs-sld.com\/hu\/photonics\/\",\"name\":\"Photonics - CS-Smartlab Devices\",\"isPartOf\":{\"@id\":\"https:\/\/cs-sld.com\/#website\"},\"primaryImageOfPage\":{\"@id\":\"https:\/\/cs-sld.com\/hu\/photonics\/#primaryimage\"},\"image\":{\"@id\":\"https:\/\/cs-sld.com\/hu\/photonics\/#primaryimage\"},\"thumbnailUrl\":\"https:\/\/cs-sld.com\/wp-content\/uploads\/2020\/08\/IMG_0225-1024x768.jpg\",\"datePublished\":\"2020-08-12T17:18:18+00:00\",\"dateModified\":\"2020-10-25T11:25:33+00:00\",\"breadcrumb\":{\"@id\":\"https:\/\/cs-sld.com\/hu\/photonics\/#breadcrumb\"},\"inLanguage\":\"hu\",\"potentialAction\":[{\"@type\":\"ReadAction\",\"target\":[\"https:\/\/cs-sld.com\/hu\/photonics\/\"]}]},{\"@type\":\"ImageObject\",\"inLanguage\":\"hu\",\"@id\":\"https:\/\/cs-sld.com\/hu\/photonics\/#primaryimage\",\"url\":\"https:\/\/cs-sld.com\/wp-content\/uploads\/2020\/08\/IMG_0225-1024x768.jpg\",\"contentUrl\":\"https:\/\/cs-sld.com\/wp-content\/uploads\/2020\/08\/IMG_0225-1024x768.jpg\"},{\"@type\":\"BreadcrumbList\",\"@id\":\"https:\/\/cs-sld.com\/hu\/photonics\/#breadcrumb\",\"itemListElement\":[{\"@type\":\"ListItem\",\"position\":1,\"name\":\"Home\",\"item\":\"https:\/\/cs-sld.com\/\"},{\"@type\":\"ListItem\",\"position\":2,\"name\":\"Photonics\"}]},{\"@type\":\"WebSite\",\"@id\":\"https:\/\/cs-sld.com\/#website\",\"url\":\"https:\/\/cs-sld.com\/\",\"name\":\"CS-Smartlab Devices\",\"description\":\"Better, Simpler\",\"publisher\":{\"@id\":\"https:\/\/cs-sld.com\/#organization\"},\"potentialAction\":[{\"@type\":\"SearchAction\",\"target\":{\"@type\":\"EntryPoint\",\"urlTemplate\":\"https:\/\/cs-sld.com\/?s={search_term_string}\"},\"query-input\":{\"@type\":\"PropertyValueSpecification\",\"valueRequired\":true,\"valueName\":\"search_term_string\"}}],\"inLanguage\":\"hu\"},{\"@type\":\"Organization\",\"@id\":\"https:\/\/cs-sld.com\/#organization\",\"name\":\"CS-Smartlab Devices kft.\",\"url\":\"https:\/\/cs-sld.com\/\",\"logo\":{\"@type\":\"ImageObject\",\"inLanguage\":\"hu\",\"@id\":\"https:\/\/cs-sld.com\/#\/schema\/logo\/image\/\",\"url\":\"https:\/\/secureservercdn.net\/160.153.137.123\/6p9.7a7.myftpupload.com\/wp-content\/uploads\/2020\/07\/New_Logo.png?time=1665863562\",\"contentUrl\":\"https:\/\/secureservercdn.net\/160.153.137.123\/6p9.7a7.myftpupload.com\/wp-content\/uploads\/2020\/07\/New_Logo.png?time=1665863562\",\"width\":2837,\"height\":724,\"caption\":\"CS-Smartlab Devices kft.\"},\"image\":{\"@id\":\"https:\/\/cs-sld.com\/#\/schema\/logo\/image\/\"}}]}<\/script>\n<!-- \/ Yoast SEO plugin. -->","yoast_head_json":{"title":"Photonics - CS-Smartlab Devices","robots":{"index":"index","follow":"follow","max-snippet":"max-snippet:-1","max-image-preview":"max-image-preview:large","max-video-preview":"max-video-preview:-1"},"canonical":"https:\/\/cs-sld.com\/hu\/photonics\/","og_locale":"hu_HU","og_type":"article","og_title":"Photonics - CS-Smartlab Devices","og_url":"https:\/\/cs-sld.com\/hu\/photonics\/","og_site_name":"CS-Smartlab Devices","article_modified_time":"2020-10-25T11:25:33+00:00","og_image":[{"url":"https:\/\/cs-sld.com\/wp-content\/uploads\/2020\/08\/IMG_0225-1024x768.jpg","type":"","width":"","height":""}],"twitter_card":"summary_large_image","twitter_misc":{"Becs\u00fclt olvas\u00e1si id\u0151":"1 perc"},"schema":{"@context":"https:\/\/schema.org","@graph":[{"@type":"WebPage","@id":"https:\/\/cs-sld.com\/hu\/photonics\/","url":"https:\/\/cs-sld.com\/hu\/photonics\/","name":"Photonics - CS-Smartlab Devices","isPartOf":{"@id":"https:\/\/cs-sld.com\/#website"},"primaryImageOfPage":{"@id":"https:\/\/cs-sld.com\/hu\/photonics\/#primaryimage"},"image":{"@id":"https:\/\/cs-sld.com\/hu\/photonics\/#primaryimage"},"thumbnailUrl":"https:\/\/cs-sld.com\/wp-content\/uploads\/2020\/08\/IMG_0225-1024x768.jpg","datePublished":"2020-08-12T17:18:18+00:00","dateModified":"2020-10-25T11:25:33+00:00","breadcrumb":{"@id":"https:\/\/cs-sld.com\/hu\/photonics\/#breadcrumb"},"inLanguage":"hu","potentialAction":[{"@type":"ReadAction","target":["https:\/\/cs-sld.com\/hu\/photonics\/"]}]},{"@type":"ImageObject","inLanguage":"hu","@id":"https:\/\/cs-sld.com\/hu\/photonics\/#primaryimage","url":"https:\/\/cs-sld.com\/wp-content\/uploads\/2020\/08\/IMG_0225-1024x768.jpg","contentUrl":"https:\/\/cs-sld.com\/wp-content\/uploads\/2020\/08\/IMG_0225-1024x768.jpg"},{"@type":"BreadcrumbList","@id":"https:\/\/cs-sld.com\/hu\/photonics\/#breadcrumb","itemListElement":[{"@type":"ListItem","position":1,"name":"Home","item":"https:\/\/cs-sld.com\/"},{"@type":"ListItem","position":2,"name":"Photonics"}]},{"@type":"WebSite","@id":"https:\/\/cs-sld.com\/#website","url":"https:\/\/cs-sld.com\/","name":"CS-Smartlab Devices","description":"Better, Simpler","publisher":{"@id":"https:\/\/cs-sld.com\/#organization"},"potentialAction":[{"@type":"SearchAction","target":{"@type":"EntryPoint","urlTemplate":"https:\/\/cs-sld.com\/?s={search_term_string}"},"query-input":{"@type":"PropertyValueSpecification","valueRequired":true,"valueName":"search_term_string"}}],"inLanguage":"hu"},{"@type":"Organization","@id":"https:\/\/cs-sld.com\/#organization","name":"CS-Smartlab Devices kft.","url":"https:\/\/cs-sld.com\/","logo":{"@type":"ImageObject","inLanguage":"hu","@id":"https:\/\/cs-sld.com\/#\/schema\/logo\/image\/","url":"https:\/\/secureservercdn.net\/160.153.137.123\/6p9.7a7.myftpupload.com\/wp-content\/uploads\/2020\/07\/New_Logo.png?time=1665863562","contentUrl":"https:\/\/secureservercdn.net\/160.153.137.123\/6p9.7a7.myftpupload.com\/wp-content\/uploads\/2020\/07\/New_Logo.png?time=1665863562","width":2837,"height":724,"caption":"CS-Smartlab Devices kft."},"image":{"@id":"https:\/\/cs-sld.com\/#\/schema\/logo\/image\/"}}]}},"_links":{"self":[{"href":"https:\/\/cs-sld.com\/hu\/wp-json\/wp\/v2\/pages\/324","targetHints":{"allow":["GET"]}}],"collection":[{"href":"https:\/\/cs-sld.com\/hu\/wp-json\/wp\/v2\/pages"}],"about":[{"href":"https:\/\/cs-sld.com\/hu\/wp-json\/wp\/v2\/types\/page"}],"author":[{"embeddable":true,"href":"https:\/\/cs-sld.com\/hu\/wp-json\/wp\/v2\/users\/1"}],"replies":[{"embeddable":true,"href":"https:\/\/cs-sld.com\/hu\/wp-json\/wp\/v2\/comments?post=324"}],"version-history":[{"count":8,"href":"https:\/\/cs-sld.com\/hu\/wp-json\/wp\/v2\/pages\/324\/revisions"}],"predecessor-version":[{"id":471,"href":"https:\/\/cs-sld.com\/hu\/wp-json\/wp\/v2\/pages\/324\/revisions\/471"}],"wp:attachment":[{"href":"https:\/\/cs-sld.com\/hu\/wp-json\/wp\/v2\/media?parent=324"}],"wp:term":[{"taxonomy":"category","embeddable":true,"href":"https:\/\/cs-sld.com\/hu\/wp-json\/wp\/v2\/categories?post=324"},{"taxonomy":"post_tag","embeddable":true,"href":"https:\/\/cs-sld.com\/hu\/wp-json\/wp\/v2\/tags?post=324"}],"curies":[{"name":"wp","href":"https:\/\/api.w.org\/{rel}","templated":true}]}}