{"id":289,"date":"2020-08-06T14:17:01","date_gmt":"2020-08-06T14:17:01","guid":{"rendered":"https:\/\/cs-sld.com\/?page_id=289"},"modified":"2020-10-25T11:25:34","modified_gmt":"2020-10-25T11:25:34","slug":"publications","status":"publish","type":"page","link":"https:\/\/cs-sld.com\/hu\/publications\/","title":{"rendered":"Publik\u00e1ci\u00f3k"},"content":{"rendered":"<figure class=\"wp-block-table is-style-stripes\"><table class=\"has-subtle-pale-blue-background-color has-background\"><tbody><tr><td class=\"has-text-align-left\" data-align=\"left\"><strong>[1]<\/strong> <strong>Csank\u00f3, K.,<\/strong> Dar\u00e1nyi, M., Kozma, G., Kukovecz, \u00c1., K\u00f3nya, Z., Sipos, P. P\u00e1link\u00f3, I.: Self-assembling of <em>Z<\/em>-a-pyridylcinnamic acid dimers over polycrystalline Ag and Au surfaces followed by FT-IR and atomic force microscopies, <em>J. Mol. Struct.<\/em> 993, 67-72 (2011). IF: 1.551&nbsp;&nbsp;&nbsp;&nbsp;&nbsp;&nbsp;&nbsp;<br>&nbsp;&nbsp;&nbsp;&nbsp;&nbsp;&nbsp;&nbsp;&nbsp;&nbsp;&nbsp;&nbsp;&nbsp;&nbsp;&nbsp;&nbsp;&nbsp;&nbsp;&nbsp;&nbsp;&nbsp;&nbsp;&nbsp;&nbsp; <\/td><td><\/td><\/tr><tr><td class=\"has-text-align-left\" data-align=\"left\"><strong>[2]<\/strong> <strong>Csank\u00f3, K.<\/strong>, Ill\u00e9s, L., Felf\u00f6ldi, K., Kiss, J.T., Sipos, P., P\u00e1link\u00f3, I.: C-H\u2026S hydrogen bonds as the organizing force in 2,3-thienyl- and phenyl- or 2,3-dithienyl-substituted propenoic acid aggregates studied by the combination of FT-IR spectroscopy and computations, <em>J. Mol. Struct.<\/em> 993, 259-263 (2011). IF: 1.551&nbsp;&nbsp;&nbsp;&nbsp;&nbsp;<br>&nbsp;&nbsp;&nbsp;&nbsp;&nbsp;&nbsp;&nbsp;&nbsp;&nbsp;&nbsp;&nbsp;&nbsp;&nbsp;&nbsp;&nbsp;&nbsp;&nbsp;&nbsp;&nbsp;&nbsp;&nbsp;&nbsp;&nbsp;&nbsp;&nbsp;<\/td><\/tr><tr><td class=\"has-text-align-left\" data-align=\"left\"><strong>[3]<\/strong> <strong>Csank\u00f3, K.<\/strong>, Sipos, P., P\u00e1link\u00f3, I.: Monometallic supported gold catalysts in organic transformations: Ring making and ring breaking, <em>Catalysts<\/em> <strong>2<\/strong>, 101-120 (2012). IF: 1.756&nbsp;&nbsp;&nbsp;&nbsp;&nbsp;&nbsp;&nbsp;&nbsp;<br>&nbsp;&nbsp;&nbsp;&nbsp;&nbsp;&nbsp;&nbsp;&nbsp;&nbsp;&nbsp;&nbsp;&nbsp;&nbsp;&nbsp;&nbsp;&nbsp;&nbsp;&nbsp;&nbsp;&nbsp;&nbsp;&nbsp; <\/td><td><\/td><\/tr><tr><td class=\"has-text-align-left\" data-align=\"left\"><strong>[4]<\/strong> <strong>Csank\u00f3, K.<\/strong>, Forgo P, Boros, K., Hohmann, J., Sipos, P., P\u00e1link\u00f3 I.,: Conformational properties of a pyridyl-substituted cinnamic acid studied by NMR measurements and computations,&nbsp;<br><em>J. Mol. Struct<\/em>,&nbsp;<strong>1044<\/strong>, 286-289 (2013). IF: 1.634&nbsp;&nbsp;&nbsp;&nbsp;&nbsp;<br>&nbsp;&nbsp;&nbsp;&nbsp;&nbsp;&nbsp;&nbsp;&nbsp;&nbsp;&nbsp;&nbsp;&nbsp;&nbsp;&nbsp;&nbsp;&nbsp;&nbsp;&nbsp;&nbsp;&nbsp;&nbsp;&nbsp;&nbsp;&nbsp;&nbsp; <\/td><\/tr><tr><td class=\"has-text-align-left\" data-align=\"left\"><strong>[5]<\/strong> <strong>Csank\u00f3, K.<\/strong>, Kozma, G., Valkai, L., Kukovecz, \u00c1., K\u00f3nya, Z., Sipos, P., P\u00e1link\u00f3, I., Self-assembling of 2,3-phenyl\/thienyl-substituted acrylic acids over polycrystalline gold, <em>J. Mol. Struct<\/em>, <strong>1044<\/strong>, 32-38 (2013).<br>IF: 1.634&nbsp;&nbsp;&nbsp;<br>&nbsp;&nbsp;&nbsp;&nbsp;&nbsp;&nbsp;&nbsp;&nbsp;&nbsp;&nbsp;&nbsp;&nbsp;&nbsp;&nbsp;&nbsp;&nbsp;&nbsp;&nbsp;&nbsp;&nbsp;&nbsp;&nbsp;&nbsp;&nbsp;&nbsp;&nbsp;&nbsp;<\/td><\/tr><tr><td class=\"has-text-align-left\" data-align=\"left\"><strong>[6]<\/strong> <strong>Csank\u00f3 K.<\/strong>, Ruusuvuori Kai., Tolnai, B., P\u00e1link\u00f3 I., Berkesi, O., Sipos P.,&nbsp; Structural features of pyridylcinnamic acid dimers and their extended hydrogen-bonded aggregations, <em>J. Mol. Struct.<\/em>, <strong>1090<\/strong>, 25-33 (2015) IF: 1.599&nbsp;&nbsp;&nbsp;&nbsp;&nbsp;&nbsp;<br>&nbsp;&nbsp;&nbsp;&nbsp;&nbsp;&nbsp;&nbsp;&nbsp;&nbsp;&nbsp;&nbsp;&nbsp;&nbsp;&nbsp;&nbsp;&nbsp;&nbsp;&nbsp;&nbsp;&nbsp;&nbsp;&nbsp;&nbsp;<\/td><td><\/td><\/tr><tr><td class=\"has-text-align-left\" data-align=\"left\"><strong>[7]<\/strong> <strong>&nbsp;Csank\u00f3, K.<\/strong>, Kozma, G., Kukovecz, \u00c1., K\u00f3nya, Z., Sipos, P., P\u00e1link\u00f3, I.: K\u00e9ntartalm\u00fa fah\u00e9jsav-anal\u00f3gok \u00f6nszervez\u0151d\u00e9se arany \u00e9s ez\u00fcstfel\u00fcleteken (Self-assembling of S-containing cinnamic acid analogues over gold and silver surfaces), <em>K\u00e9miai El\u0151ad\u00f3i Napok (Chemistry Lectures), (Book of abstracts)<\/em>, ISBN 978-96-331-5062-7, pp. 190-194 (2011). IF: \u2013&nbsp;&nbsp;&nbsp;&nbsp;&nbsp;&nbsp;&nbsp;<br><\/td><td><\/td><\/tr><tr><td class=\"has-text-align-left\" data-align=\"left\"><strong>[8]<\/strong> White, K. I., Bugris, V., McCarthy, A. A., Ravelli, R. B. G., <strong>Csanko, K<\/strong>., Cassetta, A. &amp; Brockhauser, S. (2018). J. Appl. Cryst. 51, 1421-1427. IF: 3.422&nbsp;<br><\/td><td><\/td><\/tr><tr><td class=\"has-text-align-left\" data-align=\"left\"><strong>[9]<\/strong> Bugris, V., Dudas, C., Kutus, B., Harmat, V., <strong>Csanko, K<\/strong>., Brockhauser, S., Palinko, I., Turner, P. &amp; Sipos, P. (2018). Acta Cryst. B74, 598-609. IF: 6.467&nbsp;<br><\/td><td><\/td><\/tr><tr><td class=\"has-text-align-left\" data-align=\"left\"><strong>[10] <\/strong>Timar Z, Varga G., Szabados M., <strong>Csanko K.<\/strong>, Alapi T., Forano C., Prevot V., Sipos P., Palinko I., Structural insight into the photoinduced E\u2192Z isomerisation of cinnamate embedded in ZnAl and MgAl layered double hydroxides, J. Mol. Struct.,<br><strong>1219<\/strong>, 128561, ISSN 0022-2860, (2020) IF: 2.463<br><\/td><td><\/td><\/tr><tr><td class=\"has-text-align-left\" data-align=\"left\"><strong>[1] <\/strong>Kotog\u00e1ny, E.; Balog, J.\u00c1.; Nagy, L.I.; Alf\u00f6ldi, R.; Bertagnolo, V.; Brugnoli, F.; Demj\u00e9n, A.; Kov\u00e1cs, A.K.; Bat\u00e1r, P.; Mezei, G.; Szab\u00f3, R.; Kanizsai, I.; Varga, C.; Pusk\u00e1s, L.G.; <strong>Szebeni, G.J.*<\/strong> <em>Imidazo[1,2-b]pyrazole-7-Carboxamide Derivative Induces Differentiation-Coupled Apoptosis of Immature Myeloid Cells Such as Acute Myeloid Leukemia and Myeloid-Derived Suppressor Cell<\/em>.\u00a0<em>Int. J. Mol. Sci.<\/em>2020<em>,\u00a021, <\/em>5135<br><\/td><td><\/td><\/tr><tr><td class=\"has-text-align-left\" data-align=\"left\"><strong>[2]<\/strong> Roberta Fajka-Boja, <strong>G\u00e1bor J Szebeni<\/strong>, \u00c9va Hunyadi-Guly\u00e1s, L\u00e1szl\u00f3 G Pusk\u00e1s, Robert Katona, Polyploid adipose stem cells shift the balance of IGF1\/IGFBP2 to promote the growth of breast cancer, Frontiers in Oncology, section Molecular and Cellular Oncology, 2020;10:157<br><\/td><td><\/td><\/tr><tr><td class=\"has-text-align-left\" data-align=\"left\"><strong>[3]<\/strong> J\u00f3zsef \u00c1. Balog,L\u00e1szl\u00f3 Hackler Jr.,Anita K. Kov\u00e1cs,Patr\u00edcia Neuperger,R\u00f3bert Alf\u00f6ldi,Lajos I. Nagy,L\u00e1szl\u00f3 G. Pusk\u00e1s and <strong>G\u00e1bor J. Szebeni*<\/strong>,Single Cell Mass Cytometry Revealed the Immunomodulatory Effect of Cisplatin Via Downregulation of Splenic CD44+, IL-17A+ MDSCs and Promotion of Circulating IFN-\u03b3+ Myeloid Cells in the 4T1 Metastatic Breast Cancer Model<br>Int. J. Mol. Sci. 2020, 21(1), 170<br><\/td><td><\/td><\/tr><tr><td class=\"has-text-align-left\" data-align=\"left\"><strong>[4]<\/strong> L\u00e1szl\u00f3 Hackler Jr., M\u00e1ri\u00f3 Gyuris, Orsolya Huzi\u00e1n, R\u00f3bert Alf\u00f6ldi, <strong>G\u00e1bor J. Szebeni<\/strong>, Ram\u00f3na Mad\u00e1csi, Levente Knapp, Iv\u00e1n Kanizsai and L\u00e1szl\u00f3 G. Pusk\u00e1s, Enantioselective Synthesis of 8-Hydroxyquinoline Derivative, Q134 as a Hypoxic Adaptation Inducing Agent Molecules 2019, 24(23), 4269<br><\/td><td><\/td><\/tr><tr><td class=\"has-text-align-left\" data-align=\"left\"><strong>[5]<\/strong> Alf\u00f6ldi R, Balog J\u00c1, Farag\u00f3 N, Halmai M, Kotog\u00e1ny E, Neuperger P, Nagy LI, Feh\u00e9r LZ, <strong>Szebeni GJ<em>,<\/em><\/strong><em> Pusk\u00e1s LG<\/em>. Single Cell Mass Cytometry of Non-Small Cell Lung Cancer Cells Reveals Complexity of In vivo And Three-Dimensional Models over the Petri-dish. Cells. 2019 Sep 16;8(9). pii: E1093. doi: 10.3390\/cells8091093. Special Issue: \u201cSingle cell Analysis\u201d<br><\/td><td><\/td><\/tr><tr><td class=\"has-text-align-left\" data-align=\"left\"><strong>[6]<\/strong> <strong>G\u00e1bor J. Szebeni<\/strong>, Lajos I. Nagy, Anik\u00f3 Berk\u00f3, Alexandra Hoffmann, Lili\u00e1na Z. Feh\u00e9r, M\u00e1ria Bagy\u00e1nszki , Be\u00e1ta Kari, J\u00f3zsef A. Balog, L\u00e1szl\u00f3 Hackler Jr. ,Iv\u00e1n Kanizsai, Anik\u00f3 P\u00f3sa, Csaba Varga and L\u00e1szl\u00f3 G. Pusk\u00e1s The Anti-Inflammatory Role of Mannich Curcuminoids; Special Focus on Colitis, Molecules, Special Issue: \u201cAnti-Inflammatory Activity of Natural Products\u201d 2019, 24(8), 1546<br><\/td><td><\/td><\/tr><tr><td class=\"has-text-align-left\" data-align=\"left\"><strong>[7]<\/strong> <strong>G\u00e1bor J. Szebeni<\/strong>, J\u00f3zsef A. Balog, Andr\u00e1s Demj\u00e9n, R\u00f3bert Alf\u00f6ldi,Vanessza L. V\u00e9gi, Lili\u00e1na Z. Feh\u00e9r, Imola M\u00e1n, Edit Kotog\u00e1ny, Barbara Gub\u00e1n, P\u00e9ter Bat\u00e1r, L\u00e1szl\u00f3 Hackler Jr.,Iv\u00e1n Kanizsai and L\u00e1szl\u00f3 G. Pusk\u00e1s Imidazo[1,2-b]pyrazole-7-carboxamides Induce Apoptosis in Human Leukemia Cells at Nanomolar Concentrations, Special Issue: &#8220;Pyrazole Derivatives\u201d Molecules 2018, 23(11), 2845<br><\/td><td><\/td><\/tr><tr><td class=\"has-text-align-left\" data-align=\"left\"><strong>[8]<\/strong> Anita K. Kov\u00e1cs, P\u00e9ter Hegyes, <strong>G\u00e1bor J. Szebeni<\/strong>, Kriszti\u00e1n Bog\u00e1r, L\u00e1szl\u00f3 G. Pusk\u00e1s, G\u00e1bor K. T\u00f3th Synthesis of N-Peptide-6-Amino-d-Luciferin Conjugates with Optimized Fragment Condensation Strategy, International Journal of Peptide Research and Therapeutics, 2018, doi.org\/10.1007\/s10989-018-9768-8<br><\/td><td><\/td><\/tr><tr><td class=\"has-text-align-left\" data-align=\"left\"><strong>[9]<\/strong> Kanizsai I, Madacsi R, Hackler L Jr, Gyuris M, <strong>Szebeni GJ<\/strong>, Huzian O, Puskas LG, Synthesis and Cytoprotective Characterization of 8-Hydroxyquinoline Betti Products, Molecules 23:(8) Paper 1934. 25 p. (2018)<br><\/td><td><\/td><\/tr><tr><td class=\"has-text-align-left\" data-align=\"left\"><strong>[10]<\/strong> Andr\u00e1s Demj\u00e9n, R\u00f3bert Alf\u00f6ldi, M\u00e1ri\u00f3 Gyuris, Anik\u00f3 Angyal, L\u00e1szl\u00f3 Hackler, <strong>G\u00e1bor J. Szebeni<\/strong>, J\u00e1nos W\u00f6lfling, L\u00e1szl\u00f3 G. Pusk\u00e1s, Iv\u00e1n Kanizsai, Synthesis, cytotoxic characterization and SAR study of imidazo[1,2-b]pyrazole-7-carboxamides, Archive der Pharmazie, 351:(7) Paper e1800062. 21 p. (2018)<br><\/td><td><\/td><\/tr><tr><td class=\"has-text-align-left\" data-align=\"left\"><strong>[11]<\/strong> Anita K\u00e1rmen Kov\u00e1cs, P\u00e9ter Hegyes, <strong>G\u00e1bor J\u00e1nos Szebeni<\/strong>, Lajos Istv\u00e1n Nagy, L\u00e1szl\u00f3 G\u00e9za Pusk\u00e1s, G\u00e1bor K. T\u00f3th Synthesis of N-peptide-6-amino-D-luciferin Conjugates, Frontiers in Chemistry, 2018 Apr 19;6:120<br><\/td><td><\/td><\/tr><tr><td class=\"has-text-align-left\" data-align=\"left\"><strong>[12]<\/strong> <strong>G\u00e1bor J. Szebeni<\/strong>, \u00c1rp\u00e1d Bal\u00e1zs, Ildik\u00f3 Madar\u00e1sz, G\u00e1bor P\u00f3cz, Ferhan Ayaydin, Iv\u00e1n Kanizsai, Roberta Fajka-Boja, R\u00f3bert Alf\u00f6ldi, L\u00e1szl\u00f3 Hackler Jr., L\u00e1szl\u00f3 G. Pusk\u00e1s, Achiral Mannich-base curcumin analogs induce unfolded protein response and mitochondrial membrane depolarization in PANC-1 cells, International Journal of Molecular Sciences, Special Issue: &#8220;Natural and Semi-Synthetic Molecules in Drug Discovery&#8221; 2017, 18(10), 2105<br><\/td><td><\/td><\/tr><tr><td class=\"has-text-align-left\" data-align=\"left\"><strong>[13]<\/strong> <strong>Gabor J. Szebeni<\/strong>, Zsuzsanna Tancos, Liliana Z. Feher, Robert Alfoldi, Julianna Kobolak, Andras Dinnyes, Laszlo G. Puskas, Real Architecture For 3D Tissue (RAFT\u2122) Culturing Maintains Insulin, Glucagon Production and Viability of Mouse Pancreatic Islet Cells, Cytotechnology 2017 Apr; 69(2):359-369. doi: 10.1007\/s10616-017-0067-6<br><\/td><td><\/td><\/tr><tr><td class=\"has-text-align-left\" data-align=\"left\"><strong>[14] Gabor J. Szebeni*<\/strong>, Csaba Vizler, Klara Kitajka, Laszlo G. Puskas, Inflammation and Cancer: extra- and intracellular determinants of tumor-associated macrophages as tumor promoters, Mediators of inflammation, 2017;2017:9294018<br><\/td><td><\/td><\/tr><tr><td class=\"has-text-align-left\" data-align=\"left\"><strong>[15] Gabor J. Szebeni*<\/strong>, Csaba Vizler, Lajos I. Nagy, Klara Kitajka, Laszlo G. Puskas, Pro-tumoral inflammatory myeloid cells as emerging therapeutic targets, Int. J. Mol. Sci., Special Issue: \u201cInflammation and Cancer\u201d, 2016, 17(11), 1958<br><\/td><td><\/td><\/tr><tr><td class=\"has-text-align-left\" data-align=\"left\"><strong>[16]<\/strong> L\u00e1szl\u00f3 G. Pusk\u00e1s, Imola M\u00e1n, <strong>Gabor Szebeni<\/strong>, Laszlo Tiszlavicz, Susan Tsai, Michael James, Novel anti-CRR9\/CLPTM1L Antibodies with Anti-tumorigenic activity Inhibit Cell Surface Accumulation, PI3K Interaction, and Survival Signaling, Molecular Cancer Therapeutics, 2016 May;15(5):985-97<br><\/td><td><\/td><\/tr><tr><td class=\"has-text-align-left\" data-align=\"left\"><strong>[17]<\/strong> R. Fajka-Boja, V.S. Urb\u00e1n, <strong>G.J. Szebeni<\/strong>, \u00c1. Czibula, A. Blask\u00f3,\u00c9. Kriston-P\u00e1l, I. Makra, \u00c1. Hornung, E. Szab\u00f3, F. Uher, G.N. Than, \u00c9. Monostori Galectin-1 is a local but not systemic immunomodulatory factor in mesenchymal stromal cells, Cytotherapy 2016; 18(3): 360\u2013370<br><\/td><td><\/td><\/tr><tr><td class=\"has-text-align-left\" data-align=\"left\"><strong>[18]<\/strong> Judit Moln\u00e1r, <strong>G\u00e1bor J. Szebeni<\/strong>, Bogl\u00e1rka Csupor-L\u00f6ffler, Zsuzsanna Hajd\u00fa, Thomas Szekeres, Philipp Saiko, Imre Ocsovszki, L\u00e1szl\u00f3 G. Pusk\u00e1s, Judit Hohmann, Istv\u00e1n Zupk\u00f3 Investigation of the Antiproliferative Properties of Natural Sesquiterpenes from Artemisia asiatica and Onopordum acanthium on HL-60 Cells in vitro, Int. J. Mol. Sci. 2016, 17(2), 83<br><\/td><td><\/td><\/tr><tr><td class=\"has-text-align-left\" data-align=\"left\"><strong>[19]<\/strong> Otilia Antal , M\u00e1ria P\u00e9ter, L\u00e1szl\u00f3 Hackler Jr., Imola M\u00e1n, <strong>G\u00e1bor Szebeni<\/strong>, Ferhan Ayaydin, Katalin Hidegh\u00e9ty, L\u00e1szl\u00f3 Vigh, Kl\u00e1ra Kitajka, G\u00e1bor Balogh, L\u00e1szl\u00f3 G Pusk\u00e1s, Lipidomic Analysis Reveals a Radiosensitizing Role of Gamma-Linolenic Acid in Glioma Cells, BBA Molecular and Cell Biology of Lipids 2015 Sep;1851(9):1271-82.<br><\/td><td><\/td><\/tr><tr><td class=\"has-text-align-left\" data-align=\"left\"><strong>[20]<\/strong> Laura Strauss, Sabina Sangaletti, Francesca Maria Consonni, <strong>Gabor Szebeni<\/strong>, Sara Morlacchi, Maria Grazia Totaro, Chiara Porta, Achille Anselmo, Silvia Tartari, Andrea Doni, Francesco Zitelli, Claudio Tripodo, Mario P. Colombo, Antonio Sica RORC1 Regulates Tumor-Promoting \u2018\u2018Emergency\u2019\u2019 Granulo-Monocytopoiesis, Cancer Cell, 28, 253\u2013269, August 10, 2015<br><\/td><td><\/td><\/tr><tr><td class=\"has-text-align-left\" data-align=\"left\"><strong>[21]<\/strong> Imola M\u00e1n, <strong>G\u00e1bor J. Szebeni<\/strong>, Imola Plang\u00e1r, Emilia R. Szab\u00f3, T\u00fcnde T\u0151k\u00e9s, Zolt\u00e1n Szab\u00f3, Zolt\u00e1n Nagy, G\u00e1bor Fekete, Roberta Fajka-Boja, L\u00e1szl\u00f3 G. Pusk\u00e1s, Katalin Hidegh\u00e9ty, L\u00e1szl\u00f3 Hackler Jr: Novel Real-Time Cell Analysis Platform for dynamic monitoring of ionizing radiation effect on human tumor cell lines and primary fibroblasts, Mol Med Reports 12: 4610-4619, 2015 (2015)<br><\/td><td><\/td><\/tr><tr><td class=\"has-text-align-left\" data-align=\"left\"><strong>[22]<\/strong> Lajos I Nagy, Liliana Zsuzsanna Feher, <strong>Gabor Janos Szebeni<\/strong>, Mario Gyuris, Peter Sipos, Robert Alfoldi, Bela Ozsvari, Laszlo Hackler Jr., Arpad Balazs, Peter Batar, Ivan Kanizsai and L\u00e1szl\u00f3 G Pusk\u00e1s Curcumin and its analogue induce apoptosis in leukemia cells and have additive effects with bortezomib in cellular and xenograft models, BioMed Research International Volume 2015 (2015), Article ID 968981<br><\/td><td><\/td><\/tr><tr><td class=\"has-text-align-left\" data-align=\"left\"><strong>[23]<\/strong> <strong>G\u00e1bor J. Szebeni<\/strong>, \u00c9va Kriston-P\u00e1l, P\u00e9ter Blazs\u00f3, R\u00f3bert L. Katona, Julianna Nov\u00e1k,Enik\u0151 Szab\u00f3, Gabriella Jo\u00f3, Be\u00e1ta Hegyi, Ferenc Uher, L\u00e1szl\u00f3 Kren\u00e1cs, Roberta Fajka-Boja, \u00c1gnes Czibula, \u00c9va Monostori, Identification of galectin-1 as a critical factor in function of mesenchymal stem cell-mediated tumor promotion, PLoS ONE (2012) 7(7): e41372<br><\/td><td><\/td><\/tr><tr><td class=\"has-text-align-left\" data-align=\"left\"><strong>[24]<\/strong> Kov\u00e1cs-S\u00f3lyom F, Blask\u00f3 A, Fajka-Boja R, Katona RL, V\u00e9gh L, Nov\u00e1k J, <strong>Szebeni GJ<\/strong>, Kren\u00e1cs L, Uher F, Tubak V, Kiss R, Monostori E. Mechanism of tumor cell-induced T-cell apoptosis mediated by galectin-1. Immunolology Letters (2010), Vol:127 (2): 108-118<br><\/td><td><\/td><\/tr><tr><td class=\"has-text-align-left\" data-align=\"left\"><strong>[25]<\/strong> R. Fajka-Boja, A. Blasko, F. Kovacs-Solyom, <strong>G. J. Szebeni<\/strong>, G. K. Toth, E. Monostori, Co-localization of galectin-1 with GM1 ganglioside in the course of its clathrin- and raftdependent endocytosis, Cellular and Molecular Life Sciences, (2008) 65: 2586-2593<br><\/td><td><\/td><\/tr><tr><td class=\"has-text-align-left\" data-align=\"left\"><strong>[26]<\/strong> Ion G, Fajka-Boja R, Kovacs F, <strong>Szebeni G<\/strong>, Gombos I, Czibula A, Matko J, Monostori E.: Acid sphingomyelinase mediated release of ceramide is essential to trigger the mitochondrial pathway of apoptosis by galectin-1, Cellular Signalling, (2006) 18: 1887-1896<br><\/td><td><\/td><\/tr><\/tbody><\/table><\/figure>","protected":false},"excerpt":{"rendered":"<p>[1] Csank\u00f3, K., Dar\u00e1nyi, M., Kozma, G., Kukovecz, \u00c1., K\u00f3nya, Z., Sipos, P. P\u00e1link\u00f3, I.: Self-assembling of Z-a-pyridylcinnamic acid dimers over polycrystalline Ag and Au surfaces followed by FT-IR and atomic force microscopies, J. Mol. Struct. 993, 67-72 (2011). IF: 1.551&nbsp;&nbsp;&nbsp;&nbsp;&nbsp;&nbsp;&nbsp;&nbsp;&nbsp;&nbsp;&nbsp;&nbsp;&nbsp;&nbsp;&nbsp;&nbsp;&nbsp;&nbsp;&nbsp;&nbsp;&nbsp;&nbsp;&nbsp;&nbsp;&nbsp;&nbsp;&nbsp;&nbsp;&nbsp;&nbsp; [2] Csank\u00f3, K., Ill\u00e9s, L., Felf\u00f6ldi, K., Kiss, J.T., Sipos, P., P\u00e1link\u00f3, I.: C-H\u2026S<\/p>\n<p class=\"more-link\"><a href=\"https:\/\/cs-sld.com\/hu\/publications\/\" class=\"themebutton\">Read More<\/a><\/p>","protected":false},"author":1,"featured_media":0,"parent":0,"menu_order":0,"comment_status":"closed","ping_status":"closed","template":"","meta":{"_coblocks_attr":"","_coblocks_dimensions":"","_coblocks_responsive_height":"","_coblocks_accordion_ie_support":"","footnotes":""},"categories":[],"tags":[],"class_list":["post-289","page","type-page","status-publish","hentry"],"yoast_head":"<!-- This site is optimized with the Yoast SEO plugin v25.0 - https:\/\/yoast.com\/wordpress\/plugins\/seo\/ -->\n<title>Publications - CS-Smartlab Devices<\/title>\n<meta name=\"robots\" content=\"index, follow, max-snippet:-1, max-image-preview:large, max-video-preview:-1\" \/>\n<link rel=\"canonical\" href=\"https:\/\/cs-sld.com\/hu\/publications\/\" \/>\n<meta property=\"og:locale\" content=\"hu_HU\" \/>\n<meta property=\"og:type\" content=\"article\" \/>\n<meta property=\"og:title\" content=\"Publications - CS-Smartlab Devices\" \/>\n<meta property=\"og:description\" content=\"[1] Csank\u00f3, K., Dar\u00e1nyi, M., Kozma, G., Kukovecz, \u00c1., K\u00f3nya, Z., Sipos, P. P\u00e1link\u00f3, I.: Self-assembling of Z-a-pyridylcinnamic acid dimers over polycrystalline Ag and Au surfaces followed by FT-IR and atomic force microscopies, J. Mol. Struct. 993, 67-72 (2011). IF: 1.551&nbsp;&nbsp;&nbsp;&nbsp;&nbsp;&nbsp;&nbsp;&nbsp;&nbsp;&nbsp;&nbsp;&nbsp;&nbsp;&nbsp;&nbsp;&nbsp;&nbsp;&nbsp;&nbsp;&nbsp;&nbsp;&nbsp;&nbsp;&nbsp;&nbsp;&nbsp;&nbsp;&nbsp;&nbsp;&nbsp; [2] Csank\u00f3, K., Ill\u00e9s, L., Felf\u00f6ldi, K., Kiss, J.T., Sipos, P., P\u00e1link\u00f3, I.: C-H\u2026SRead More\" \/>\n<meta property=\"og:url\" content=\"https:\/\/cs-sld.com\/hu\/publications\/\" \/>\n<meta property=\"og:site_name\" content=\"CS-Smartlab Devices\" \/>\n<meta property=\"article:modified_time\" content=\"2020-10-25T11:25:34+00:00\" \/>\n<meta name=\"twitter:card\" content=\"summary_large_image\" \/>\n<meta name=\"twitter:label1\" content=\"Becs\u00fclt olvas\u00e1si id\u0151\" \/>\n\t<meta name=\"twitter:data1\" content=\"9 perc\" \/>\n<script type=\"application\/ld+json\" class=\"yoast-schema-graph\">{\"@context\":\"https:\/\/schema.org\",\"@graph\":[{\"@type\":\"WebPage\",\"@id\":\"https:\/\/cs-sld.com\/publications\/\",\"url\":\"https:\/\/cs-sld.com\/publications\/\",\"name\":\"Publications - CS-Smartlab Devices\",\"isPartOf\":{\"@id\":\"https:\/\/cs-sld.com\/#website\"},\"datePublished\":\"2020-08-06T14:17:01+00:00\",\"dateModified\":\"2020-10-25T11:25:34+00:00\",\"breadcrumb\":{\"@id\":\"https:\/\/cs-sld.com\/publications\/#breadcrumb\"},\"inLanguage\":\"hu\",\"potentialAction\":[{\"@type\":\"ReadAction\",\"target\":[\"https:\/\/cs-sld.com\/publications\/\"]}]},{\"@type\":\"BreadcrumbList\",\"@id\":\"https:\/\/cs-sld.com\/publications\/#breadcrumb\",\"itemListElement\":[{\"@type\":\"ListItem\",\"position\":1,\"name\":\"Home\",\"item\":\"https:\/\/cs-sld.com\/\"},{\"@type\":\"ListItem\",\"position\":2,\"name\":\"Publications\"}]},{\"@type\":\"WebSite\",\"@id\":\"https:\/\/cs-sld.com\/#website\",\"url\":\"https:\/\/cs-sld.com\/\",\"name\":\"CS-Smartlab Devices\",\"description\":\"Better, Simpler\",\"publisher\":{\"@id\":\"https:\/\/cs-sld.com\/#organization\"},\"potentialAction\":[{\"@type\":\"SearchAction\",\"target\":{\"@type\":\"EntryPoint\",\"urlTemplate\":\"https:\/\/cs-sld.com\/?s={search_term_string}\"},\"query-input\":{\"@type\":\"PropertyValueSpecification\",\"valueRequired\":true,\"valueName\":\"search_term_string\"}}],\"inLanguage\":\"hu\"},{\"@type\":\"Organization\",\"@id\":\"https:\/\/cs-sld.com\/#organization\",\"name\":\"CS-Smartlab Devices kft.\",\"url\":\"https:\/\/cs-sld.com\/\",\"logo\":{\"@type\":\"ImageObject\",\"inLanguage\":\"hu\",\"@id\":\"https:\/\/cs-sld.com\/#\/schema\/logo\/image\/\",\"url\":\"https:\/\/secureservercdn.net\/160.153.137.123\/6p9.7a7.myftpupload.com\/wp-content\/uploads\/2020\/07\/New_Logo.png?time=1665863562\",\"contentUrl\":\"https:\/\/secureservercdn.net\/160.153.137.123\/6p9.7a7.myftpupload.com\/wp-content\/uploads\/2020\/07\/New_Logo.png?time=1665863562\",\"width\":2837,\"height\":724,\"caption\":\"CS-Smartlab Devices kft.\"},\"image\":{\"@id\":\"https:\/\/cs-sld.com\/#\/schema\/logo\/image\/\"}}]}<\/script>\n<!-- \/ Yoast SEO plugin. -->","yoast_head_json":{"title":"Publications - CS-Smartlab Devices","robots":{"index":"index","follow":"follow","max-snippet":"max-snippet:-1","max-image-preview":"max-image-preview:large","max-video-preview":"max-video-preview:-1"},"canonical":"https:\/\/cs-sld.com\/hu\/publications\/","og_locale":"hu_HU","og_type":"article","og_title":"Publications - CS-Smartlab Devices","og_description":"[1] Csank\u00f3, K., Dar\u00e1nyi, M., Kozma, G., Kukovecz, \u00c1., K\u00f3nya, Z., Sipos, P. P\u00e1link\u00f3, I.: Self-assembling of Z-a-pyridylcinnamic acid dimers over polycrystalline Ag and Au surfaces followed by FT-IR and atomic force microscopies, J. Mol. Struct. 993, 67-72 (2011). IF: 1.551&nbsp;&nbsp;&nbsp;&nbsp;&nbsp;&nbsp;&nbsp;&nbsp;&nbsp;&nbsp;&nbsp;&nbsp;&nbsp;&nbsp;&nbsp;&nbsp;&nbsp;&nbsp;&nbsp;&nbsp;&nbsp;&nbsp;&nbsp;&nbsp;&nbsp;&nbsp;&nbsp;&nbsp;&nbsp;&nbsp; [2] Csank\u00f3, K., Ill\u00e9s, L., Felf\u00f6ldi, K., Kiss, J.T., Sipos, P., P\u00e1link\u00f3, I.: C-H\u2026SRead More","og_url":"https:\/\/cs-sld.com\/hu\/publications\/","og_site_name":"CS-Smartlab Devices","article_modified_time":"2020-10-25T11:25:34+00:00","twitter_card":"summary_large_image","twitter_misc":{"Becs\u00fclt olvas\u00e1si id\u0151":"9 perc"},"schema":{"@context":"https:\/\/schema.org","@graph":[{"@type":"WebPage","@id":"https:\/\/cs-sld.com\/publications\/","url":"https:\/\/cs-sld.com\/publications\/","name":"Publications - CS-Smartlab Devices","isPartOf":{"@id":"https:\/\/cs-sld.com\/#website"},"datePublished":"2020-08-06T14:17:01+00:00","dateModified":"2020-10-25T11:25:34+00:00","breadcrumb":{"@id":"https:\/\/cs-sld.com\/publications\/#breadcrumb"},"inLanguage":"hu","potentialAction":[{"@type":"ReadAction","target":["https:\/\/cs-sld.com\/publications\/"]}]},{"@type":"BreadcrumbList","@id":"https:\/\/cs-sld.com\/publications\/#breadcrumb","itemListElement":[{"@type":"ListItem","position":1,"name":"Home","item":"https:\/\/cs-sld.com\/"},{"@type":"ListItem","position":2,"name":"Publications"}]},{"@type":"WebSite","@id":"https:\/\/cs-sld.com\/#website","url":"https:\/\/cs-sld.com\/","name":"CS-Smartlab Devices","description":"Better, Simpler","publisher":{"@id":"https:\/\/cs-sld.com\/#organization"},"potentialAction":[{"@type":"SearchAction","target":{"@type":"EntryPoint","urlTemplate":"https:\/\/cs-sld.com\/?s={search_term_string}"},"query-input":{"@type":"PropertyValueSpecification","valueRequired":true,"valueName":"search_term_string"}}],"inLanguage":"hu"},{"@type":"Organization","@id":"https:\/\/cs-sld.com\/#organization","name":"CS-Smartlab Devices kft.","url":"https:\/\/cs-sld.com\/","logo":{"@type":"ImageObject","inLanguage":"hu","@id":"https:\/\/cs-sld.com\/#\/schema\/logo\/image\/","url":"https:\/\/secureservercdn.net\/160.153.137.123\/6p9.7a7.myftpupload.com\/wp-content\/uploads\/2020\/07\/New_Logo.png?time=1665863562","contentUrl":"https:\/\/secureservercdn.net\/160.153.137.123\/6p9.7a7.myftpupload.com\/wp-content\/uploads\/2020\/07\/New_Logo.png?time=1665863562","width":2837,"height":724,"caption":"CS-Smartlab Devices kft."},"image":{"@id":"https:\/\/cs-sld.com\/#\/schema\/logo\/image\/"}}]}},"_links":{"self":[{"href":"https:\/\/cs-sld.com\/hu\/wp-json\/wp\/v2\/pages\/289","targetHints":{"allow":["GET"]}}],"collection":[{"href":"https:\/\/cs-sld.com\/hu\/wp-json\/wp\/v2\/pages"}],"about":[{"href":"https:\/\/cs-sld.com\/hu\/wp-json\/wp\/v2\/types\/page"}],"author":[{"embeddable":true,"href":"https:\/\/cs-sld.com\/hu\/wp-json\/wp\/v2\/users\/1"}],"replies":[{"embeddable":true,"href":"https:\/\/cs-sld.com\/hu\/wp-json\/wp\/v2\/comments?post=289"}],"version-history":[{"count":12,"href":"https:\/\/cs-sld.com\/hu\/wp-json\/wp\/v2\/pages\/289\/revisions"}],"predecessor-version":[{"id":400,"href":"https:\/\/cs-sld.com\/hu\/wp-json\/wp\/v2\/pages\/289\/revisions\/400"}],"wp:attachment":[{"href":"https:\/\/cs-sld.com\/hu\/wp-json\/wp\/v2\/media?parent=289"}],"wp:term":[{"taxonomy":"category","embeddable":true,"href":"https:\/\/cs-sld.com\/hu\/wp-json\/wp\/v2\/categories?post=289"},{"taxonomy":"post_tag","embeddable":true,"href":"https:\/\/cs-sld.com\/hu\/wp-json\/wp\/v2\/tags?post=289"}],"curies":[{"name":"wp","href":"https:\/\/api.w.org\/{rel}","templated":true}]}}