{"id":262,"date":"2020-08-06T09:05:49","date_gmt":"2020-08-06T09:05:49","guid":{"rendered":"https:\/\/cs-sld.com\/?page_id=262"},"modified":"2020-10-25T11:25:33","modified_gmt":"2020-10-25T11:25:33","slug":"analytical-instruments","status":"publish","type":"page","link":"https:\/\/cs-sld.com\/hu\/analytical-instruments\/","title":{"rendered":"Analitikai m\u0171szerek"},"content":{"rendered":"<div class=\"wp-block-coblocks-media-card alignwide is-style-left is-stacked-on-mobile coblocks-media-card-7611658650\"><div class=\"wp-block-coblocks-media-card__inner has-no-padding\"><div class=\"wp-block-coblocks-media-card__wrapper\"><figure class=\"wp-block-coblocks-media-card__media\"><img loading=\"lazy\" decoding=\"async\" width=\"1024\" height=\"768\" src=\"https:\/\/cs-sld.com\/wp-content\/uploads\/2020\/08\/IMG_20171211_193428-1024x768.jpg\" alt=\"\" class=\"wp-image-265\" srcset=\"https:\/\/cs-sld.com\/wp-content\/uploads\/2020\/08\/IMG_20171211_193428-1024x768.jpg 1024w, https:\/\/cs-sld.com\/wp-content\/uploads\/2020\/08\/IMG_20171211_193428-300x225.jpg 300w, https:\/\/cs-sld.com\/wp-content\/uploads\/2020\/08\/IMG_20171211_193428-768x576.jpg 768w, https:\/\/cs-sld.com\/wp-content\/uploads\/2020\/08\/IMG_20171211_193428-1536x1152.jpg 1536w, https:\/\/cs-sld.com\/wp-content\/uploads\/2020\/08\/IMG_20171211_193428-2048x1536.jpg 2048w, https:\/\/cs-sld.com\/wp-content\/uploads\/2020\/08\/IMG_20171211_193428-380x285.jpg 380w, https:\/\/cs-sld.com\/wp-content\/uploads\/2020\/08\/IMG_20171211_193428-285x214.jpg 285w\" sizes=\"auto, (max-width: 1024px) 100vw, 1024px\" \/><\/figure><div class=\"wp-block-coblocks-media-card__content\">\n<div class=\"wp-block-coblocks-row coblocks-row-7611658729\" data-columns=\"1\" data-layout=\"100\"><div class=\"wp-block-coblocks-row__inner has-background has-medium-gutter has-padding has-huge-padding has-no-margin is-stacked-on-mobile\" style=\"background-color:#FFFFFF\">\n<div class=\"wp-block-coblocks-column coblocks-column-7611658737\" style=\"width:100%\"><div class=\"wp-block-coblocks-column__inner has-no-padding has-no-margin\">\n<h3 class=\"wp-block-heading\">T\u00f6bbcsatorn\u00e1s szem\u00e9lyre szabhat\u00f3 adatgy\u0171jt\u0151k<\/h3>\n\n\n\n<p>\u00d6n kiv\u00e1lasztja a k\u00eds\u00e9rlet elv\u00e9gz\u00e9s\u00e9hez sz\u00fcks\u00e9ges sz\u00e1m\u00fa \u00e9s fajt\u00e1j\u00fa elektr\u00f3dokat, mi sz\u00e1ll\u00edtjuk a k\u00edv\u00e1nt adatgy\u0171jt\u0151t. <\/p>\n\n\n\n<p>A p\u00e1rhuzamosan is kit\u0171n\u0151en m\u0171k\u00f6d\u0151 opci\u00f3k egy egys\u00e9gen bel\u00fcl a k\u00f6vetkez\u0151k:<\/p>\n\n\n\n<ul class=\"wp-block-list\"><li>pH elektr\u00f3d<\/li><li>Potenciometri\u00e1s elektr\u00f3dok (ion-szelekt\u00edv \u00e9s referencia elektr\u00f3dok)<\/li><li>Vezet\u0151k\u00e9pess\u00e9g m\u00e9r\u0151 elektr\u00f3dok (sz\u00e9les m\u00e9r\u00e9startom\u00e1nyban)<\/li><li>H\u0151m\u00e9r\u0151k (Pt100, NTC, PTC, termop\u00e1rok)<\/li><\/ul>\n\n\n\n<p>Az \u00f6ssze\u00e1ll\u00edtott term\u00e9k mell\u00e9 egy platform-f\u00fcggetlen alkalmaz\u00e1st is adunk, melyet minden esetben az \u00f6n ig\u00e9nyeihez igaz\u00edtunk.<\/p>\n<\/div><\/div>\n<\/div><\/div>\n<\/div><\/div><\/div><\/div>","protected":false},"excerpt":{"rendered":"","protected":false},"author":1,"featured_media":0,"parent":0,"menu_order":0,"comment_status":"closed","ping_status":"closed","template":"","meta":{"_coblocks_attr":"","_coblocks_dimensions":"","_coblocks_responsive_height":"","_coblocks_accordion_ie_support":"","footnotes":""},"categories":[],"tags":[],"class_list":["post-262","page","type-page","status-publish","hentry"],"yoast_head":"<!-- This site is optimized with the Yoast SEO plugin v25.0 - https:\/\/yoast.com\/wordpress\/plugins\/seo\/ -->\n<title>Analytical instruments - CS-Smartlab Devices<\/title>\n<meta name=\"robots\" content=\"index, follow, max-snippet:-1, max-image-preview:large, max-video-preview:-1\" \/>\n<link rel=\"canonical\" href=\"https:\/\/cs-sld.com\/hu\/analytical-instruments\/\" \/>\n<meta property=\"og:locale\" content=\"hu_HU\" \/>\n<meta property=\"og:type\" content=\"article\" \/>\n<meta property=\"og:title\" content=\"Analytical instruments - CS-Smartlab Devices\" \/>\n<meta property=\"og:url\" content=\"https:\/\/cs-sld.com\/hu\/analytical-instruments\/\" \/>\n<meta property=\"og:site_name\" content=\"CS-Smartlab Devices\" \/>\n<meta property=\"article:modified_time\" content=\"2020-10-25T11:25:33+00:00\" \/>\n<meta property=\"og:image\" content=\"https:\/\/cs-sld.com\/wp-content\/uploads\/2020\/08\/IMG_20171211_193428-1024x768.jpg\" \/>\n<meta name=\"twitter:card\" content=\"summary_large_image\" \/>\n<script type=\"application\/ld+json\" class=\"yoast-schema-graph\">{\"@context\":\"https:\/\/schema.org\",\"@graph\":[{\"@type\":\"WebPage\",\"@id\":\"https:\/\/cs-sld.com\/analytical-instruments\/\",\"url\":\"https:\/\/cs-sld.com\/analytical-instruments\/\",\"name\":\"Analytical instruments - CS-Smartlab Devices\",\"isPartOf\":{\"@id\":\"https:\/\/cs-sld.com\/#website\"},\"primaryImageOfPage\":{\"@id\":\"https:\/\/cs-sld.com\/analytical-instruments\/#primaryimage\"},\"image\":{\"@id\":\"https:\/\/cs-sld.com\/analytical-instruments\/#primaryimage\"},\"thumbnailUrl\":\"https:\/\/cs-sld.com\/wp-content\/uploads\/2020\/08\/IMG_20171211_193428-1024x768.jpg\",\"datePublished\":\"2020-08-06T09:05:49+00:00\",\"dateModified\":\"2020-10-25T11:25:33+00:00\",\"breadcrumb\":{\"@id\":\"https:\/\/cs-sld.com\/analytical-instruments\/#breadcrumb\"},\"inLanguage\":\"hu\",\"potentialAction\":[{\"@type\":\"ReadAction\",\"target\":[\"https:\/\/cs-sld.com\/analytical-instruments\/\"]}]},{\"@type\":\"ImageObject\",\"inLanguage\":\"hu\",\"@id\":\"https:\/\/cs-sld.com\/analytical-instruments\/#primaryimage\",\"url\":\"https:\/\/cs-sld.com\/wp-content\/uploads\/2020\/08\/IMG_20171211_193428-1024x768.jpg\",\"contentUrl\":\"https:\/\/cs-sld.com\/wp-content\/uploads\/2020\/08\/IMG_20171211_193428-1024x768.jpg\"},{\"@type\":\"BreadcrumbList\",\"@id\":\"https:\/\/cs-sld.com\/analytical-instruments\/#breadcrumb\",\"itemListElement\":[{\"@type\":\"ListItem\",\"position\":1,\"name\":\"Home\",\"item\":\"https:\/\/cs-sld.com\/\"},{\"@type\":\"ListItem\",\"position\":2,\"name\":\"Analytical instruments\"}]},{\"@type\":\"WebSite\",\"@id\":\"https:\/\/cs-sld.com\/#website\",\"url\":\"https:\/\/cs-sld.com\/\",\"name\":\"CS-Smartlab Devices\",\"description\":\"Better, Simpler\",\"publisher\":{\"@id\":\"https:\/\/cs-sld.com\/#organization\"},\"potentialAction\":[{\"@type\":\"SearchAction\",\"target\":{\"@type\":\"EntryPoint\",\"urlTemplate\":\"https:\/\/cs-sld.com\/?s={search_term_string}\"},\"query-input\":{\"@type\":\"PropertyValueSpecification\",\"valueRequired\":true,\"valueName\":\"search_term_string\"}}],\"inLanguage\":\"hu\"},{\"@type\":\"Organization\",\"@id\":\"https:\/\/cs-sld.com\/#organization\",\"name\":\"CS-Smartlab Devices kft.\",\"url\":\"https:\/\/cs-sld.com\/\",\"logo\":{\"@type\":\"ImageObject\",\"inLanguage\":\"hu\",\"@id\":\"https:\/\/cs-sld.com\/#\/schema\/logo\/image\/\",\"url\":\"https:\/\/secureservercdn.net\/160.153.137.123\/6p9.7a7.myftpupload.com\/wp-content\/uploads\/2020\/07\/New_Logo.png?time=1665863562\",\"contentUrl\":\"https:\/\/secureservercdn.net\/160.153.137.123\/6p9.7a7.myftpupload.com\/wp-content\/uploads\/2020\/07\/New_Logo.png?time=1665863562\",\"width\":2837,\"height\":724,\"caption\":\"CS-Smartlab Devices kft.\"},\"image\":{\"@id\":\"https:\/\/cs-sld.com\/#\/schema\/logo\/image\/\"}}]}<\/script>\n<!-- \/ Yoast SEO plugin. -->","yoast_head_json":{"title":"Analytical instruments - CS-Smartlab Devices","robots":{"index":"index","follow":"follow","max-snippet":"max-snippet:-1","max-image-preview":"max-image-preview:large","max-video-preview":"max-video-preview:-1"},"canonical":"https:\/\/cs-sld.com\/hu\/analytical-instruments\/","og_locale":"hu_HU","og_type":"article","og_title":"Analytical instruments - CS-Smartlab Devices","og_url":"https:\/\/cs-sld.com\/hu\/analytical-instruments\/","og_site_name":"CS-Smartlab Devices","article_modified_time":"2020-10-25T11:25:33+00:00","og_image":[{"url":"https:\/\/cs-sld.com\/wp-content\/uploads\/2020\/08\/IMG_20171211_193428-1024x768.jpg","type":"","width":"","height":""}],"twitter_card":"summary_large_image","schema":{"@context":"https:\/\/schema.org","@graph":[{"@type":"WebPage","@id":"https:\/\/cs-sld.com\/analytical-instruments\/","url":"https:\/\/cs-sld.com\/analytical-instruments\/","name":"Analytical instruments - CS-Smartlab Devices","isPartOf":{"@id":"https:\/\/cs-sld.com\/#website"},"primaryImageOfPage":{"@id":"https:\/\/cs-sld.com\/analytical-instruments\/#primaryimage"},"image":{"@id":"https:\/\/cs-sld.com\/analytical-instruments\/#primaryimage"},"thumbnailUrl":"https:\/\/cs-sld.com\/wp-content\/uploads\/2020\/08\/IMG_20171211_193428-1024x768.jpg","datePublished":"2020-08-06T09:05:49+00:00","dateModified":"2020-10-25T11:25:33+00:00","breadcrumb":{"@id":"https:\/\/cs-sld.com\/analytical-instruments\/#breadcrumb"},"inLanguage":"hu","potentialAction":[{"@type":"ReadAction","target":["https:\/\/cs-sld.com\/analytical-instruments\/"]}]},{"@type":"ImageObject","inLanguage":"hu","@id":"https:\/\/cs-sld.com\/analytical-instruments\/#primaryimage","url":"https:\/\/cs-sld.com\/wp-content\/uploads\/2020\/08\/IMG_20171211_193428-1024x768.jpg","contentUrl":"https:\/\/cs-sld.com\/wp-content\/uploads\/2020\/08\/IMG_20171211_193428-1024x768.jpg"},{"@type":"BreadcrumbList","@id":"https:\/\/cs-sld.com\/analytical-instruments\/#breadcrumb","itemListElement":[{"@type":"ListItem","position":1,"name":"Home","item":"https:\/\/cs-sld.com\/"},{"@type":"ListItem","position":2,"name":"Analytical instruments"}]},{"@type":"WebSite","@id":"https:\/\/cs-sld.com\/#website","url":"https:\/\/cs-sld.com\/","name":"CS-Smartlab Devices","description":"Better, Simpler","publisher":{"@id":"https:\/\/cs-sld.com\/#organization"},"potentialAction":[{"@type":"SearchAction","target":{"@type":"EntryPoint","urlTemplate":"https:\/\/cs-sld.com\/?s={search_term_string}"},"query-input":{"@type":"PropertyValueSpecification","valueRequired":true,"valueName":"search_term_string"}}],"inLanguage":"hu"},{"@type":"Organization","@id":"https:\/\/cs-sld.com\/#organization","name":"CS-Smartlab Devices kft.","url":"https:\/\/cs-sld.com\/","logo":{"@type":"ImageObject","inLanguage":"hu","@id":"https:\/\/cs-sld.com\/#\/schema\/logo\/image\/","url":"https:\/\/secureservercdn.net\/160.153.137.123\/6p9.7a7.myftpupload.com\/wp-content\/uploads\/2020\/07\/New_Logo.png?time=1665863562","contentUrl":"https:\/\/secureservercdn.net\/160.153.137.123\/6p9.7a7.myftpupload.com\/wp-content\/uploads\/2020\/07\/New_Logo.png?time=1665863562","width":2837,"height":724,"caption":"CS-Smartlab Devices kft."},"image":{"@id":"https:\/\/cs-sld.com\/#\/schema\/logo\/image\/"}}]}},"_links":{"self":[{"href":"https:\/\/cs-sld.com\/hu\/wp-json\/wp\/v2\/pages\/262","targetHints":{"allow":["GET"]}}],"collection":[{"href":"https:\/\/cs-sld.com\/hu\/wp-json\/wp\/v2\/pages"}],"about":[{"href":"https:\/\/cs-sld.com\/hu\/wp-json\/wp\/v2\/types\/page"}],"author":[{"embeddable":true,"href":"https:\/\/cs-sld.com\/hu\/wp-json\/wp\/v2\/users\/1"}],"replies":[{"embeddable":true,"href":"https:\/\/cs-sld.com\/hu\/wp-json\/wp\/v2\/comments?post=262"}],"version-history":[{"count":3,"href":"https:\/\/cs-sld.com\/hu\/wp-json\/wp\/v2\/pages\/262\/revisions"}],"predecessor-version":[{"id":344,"href":"https:\/\/cs-sld.com\/hu\/wp-json\/wp\/v2\/pages\/262\/revisions\/344"}],"wp:attachment":[{"href":"https:\/\/cs-sld.com\/hu\/wp-json\/wp\/v2\/media?parent=262"}],"wp:term":[{"taxonomy":"category","embeddable":true,"href":"https:\/\/cs-sld.com\/hu\/wp-json\/wp\/v2\/categories?post=262"},{"taxonomy":"post_tag","embeddable":true,"href":"https:\/\/cs-sld.com\/hu\/wp-json\/wp\/v2\/tags?post=262"}],"curies":[{"name":"wp","href":"https:\/\/api.w.org\/{rel}","templated":true}]}}