{"id":223,"date":"2020-08-05T12:24:51","date_gmt":"2020-08-05T12:24:51","guid":{"rendered":"https:\/\/cs-sld.com\/?page_id=223"},"modified":"2020-10-25T11:25:34","modified_gmt":"2020-10-25T11:25:34","slug":"prototyping","status":"publish","type":"page","link":"https:\/\/cs-sld.com\/hu\/prototyping\/","title":{"rendered":"Protot\u00edpus \u00e9p\u00edt\u00e9s"},"content":{"rendered":"<div class=\"wp-block-cover has-background-dim\" style=\"background-image:url(https:\/\/cs-sld.com\/wp-content\/uploads\/2020\/08\/IMG_0215-scaled.jpg)\"><div class=\"wp-block-cover__inner-container is-layout-flow wp-block-cover-is-layout-flow\">\n<p class=\"has-text-align-center has-large-font-size\">Protot\u00edpusok \u00e9p\u00edt\u00e9se, nem csak teszt\u00fczemre<\/p>\n<\/div><\/div>\n\n\n\n<hr class=\"wp-block-coblocks-dynamic-separator\" style=\"height:50px\"\/>\n\n\n\n<p style=\"font-size:18px\">Integr\u00e1lt szolg\u00e1ltat\u00e1sunk k\u00f6r\u00e9be tartozik a protot\u00edpus \u00e9p\u00edt\u00e9s, mely miden \u00faj fejleszt\u00e9s legkritikusabb eleme. Az \u00e1ltalunk \u00e9p\u00edtett protot\u00edpusok nem csak tesztel\u00e9sre alkalmasak, teljes funkcionalit\u00e1ssal rendelkeznek, \u00edgy valid\u00e1lhat\u00f3k is. <\/p>\n\n\n\n<p style=\"font-size:18px\">Minden term\u00e9k\u00fcnkre, legyen az sorozat gy\u00e1rtott, egyedi fejleszt\u00e9s, vagy protot\u00edpus, egy \u00e9v teljes k\u00f6r\u0171 garanci\u00e1t v\u00e1llalunk.<\/p>\n\n\n\n<p style=\"font-size:18px\">Ha \u00f6n m\u00e1r rendelkezik egy k\u00e9sz tervrajzzal \u00e9s olyan c\u00e9get keres, ami meg tudja \u00e9p\u00edteni a m\u0171szer protot\u00edpus\u00e1t \u00e9s mindezt megfizethet\u0151 \u00e1ron, akkor a legjobb helyen j\u00e1r.<\/p>","protected":false},"excerpt":{"rendered":"<p>Our integrated service covers prototyping which is always the most critical part of new developments. Our prototypes or not just made for testing purposes, they are fully functioning models, that can be validated. All of our products comes with a one year warranty whether it&#8217;s produced serially or its an individual device or just a<\/p>\n<p class=\"more-link\"><a href=\"https:\/\/cs-sld.com\/hu\/prototyping\/\" class=\"themebutton\">Read More<\/a><\/p>","protected":false},"author":1,"featured_media":0,"parent":0,"menu_order":0,"comment_status":"closed","ping_status":"closed","template":"","meta":{"_coblocks_attr":"","_coblocks_dimensions":"","_coblocks_responsive_height":"","_coblocks_accordion_ie_support":"","footnotes":""},"categories":[],"tags":[],"class_list":["post-223","page","type-page","status-publish","hentry"],"yoast_head":"<!-- This site is optimized with the Yoast SEO plugin v25.0 - https:\/\/yoast.com\/wordpress\/plugins\/seo\/ -->\n<title>Prototyping - CS-Smartlab Devices<\/title>\n<meta name=\"robots\" content=\"index, follow, max-snippet:-1, max-image-preview:large, max-video-preview:-1\" \/>\n<link rel=\"canonical\" href=\"https:\/\/cs-sld.com\/hu\/prototyping\/\" \/>\n<meta property=\"og:locale\" content=\"hu_HU\" \/>\n<meta property=\"og:type\" content=\"article\" \/>\n<meta property=\"og:title\" content=\"Prototyping - CS-Smartlab Devices\" \/>\n<meta property=\"og:description\" content=\"Our integrated service covers prototyping which is always the most critical part of new developments. Our prototypes or not just made for testing purposes, they are fully functioning models, that can be validated. All of our products comes with a one year warranty whether it&#8217;s produced serially or its an individual device or just aRead More\" \/>\n<meta property=\"og:url\" content=\"https:\/\/cs-sld.com\/hu\/prototyping\/\" \/>\n<meta property=\"og:site_name\" content=\"CS-Smartlab Devices\" \/>\n<meta property=\"article:modified_time\" content=\"2020-10-25T11:25:34+00:00\" \/>\n<meta name=\"twitter:card\" content=\"summary_large_image\" \/>\n<script type=\"application\/ld+json\" class=\"yoast-schema-graph\">{\"@context\":\"https:\/\/schema.org\",\"@graph\":[{\"@type\":\"WebPage\",\"@id\":\"https:\/\/cs-sld.com\/hu\/prototyping\/\",\"url\":\"https:\/\/cs-sld.com\/hu\/prototyping\/\",\"name\":\"Prototyping - CS-Smartlab Devices\",\"isPartOf\":{\"@id\":\"https:\/\/cs-sld.com\/#website\"},\"datePublished\":\"2020-08-05T12:24:51+00:00\",\"dateModified\":\"2020-10-25T11:25:34+00:00\",\"breadcrumb\":{\"@id\":\"https:\/\/cs-sld.com\/hu\/prototyping\/#breadcrumb\"},\"inLanguage\":\"hu\",\"potentialAction\":[{\"@type\":\"ReadAction\",\"target\":[\"https:\/\/cs-sld.com\/hu\/prototyping\/\"]}]},{\"@type\":\"BreadcrumbList\",\"@id\":\"https:\/\/cs-sld.com\/hu\/prototyping\/#breadcrumb\",\"itemListElement\":[{\"@type\":\"ListItem\",\"position\":1,\"name\":\"Home\",\"item\":\"https:\/\/cs-sld.com\/\"},{\"@type\":\"ListItem\",\"position\":2,\"name\":\"Prototyping\"}]},{\"@type\":\"WebSite\",\"@id\":\"https:\/\/cs-sld.com\/#website\",\"url\":\"https:\/\/cs-sld.com\/\",\"name\":\"CS-Smartlab Devices\",\"description\":\"Better, Simpler\",\"publisher\":{\"@id\":\"https:\/\/cs-sld.com\/#organization\"},\"potentialAction\":[{\"@type\":\"SearchAction\",\"target\":{\"@type\":\"EntryPoint\",\"urlTemplate\":\"https:\/\/cs-sld.com\/?s={search_term_string}\"},\"query-input\":{\"@type\":\"PropertyValueSpecification\",\"valueRequired\":true,\"valueName\":\"search_term_string\"}}],\"inLanguage\":\"hu\"},{\"@type\":\"Organization\",\"@id\":\"https:\/\/cs-sld.com\/#organization\",\"name\":\"CS-Smartlab Devices kft.\",\"url\":\"https:\/\/cs-sld.com\/\",\"logo\":{\"@type\":\"ImageObject\",\"inLanguage\":\"hu\",\"@id\":\"https:\/\/cs-sld.com\/#\/schema\/logo\/image\/\",\"url\":\"https:\/\/secureservercdn.net\/160.153.137.123\/6p9.7a7.myftpupload.com\/wp-content\/uploads\/2020\/07\/New_Logo.png?time=1665863562\",\"contentUrl\":\"https:\/\/secureservercdn.net\/160.153.137.123\/6p9.7a7.myftpupload.com\/wp-content\/uploads\/2020\/07\/New_Logo.png?time=1665863562\",\"width\":2837,\"height\":724,\"caption\":\"CS-Smartlab Devices kft.\"},\"image\":{\"@id\":\"https:\/\/cs-sld.com\/#\/schema\/logo\/image\/\"}}]}<\/script>\n<!-- \/ Yoast SEO plugin. -->","yoast_head_json":{"title":"Prototyping - CS-Smartlab Devices","robots":{"index":"index","follow":"follow","max-snippet":"max-snippet:-1","max-image-preview":"max-image-preview:large","max-video-preview":"max-video-preview:-1"},"canonical":"https:\/\/cs-sld.com\/hu\/prototyping\/","og_locale":"hu_HU","og_type":"article","og_title":"Prototyping - CS-Smartlab Devices","og_description":"Our integrated service covers prototyping which is always the most critical part of new developments. Our prototypes or not just made for testing purposes, they are fully functioning models, that can be validated. All of our products comes with a one year warranty whether it&#8217;s produced serially or its an individual device or just aRead More","og_url":"https:\/\/cs-sld.com\/hu\/prototyping\/","og_site_name":"CS-Smartlab Devices","article_modified_time":"2020-10-25T11:25:34+00:00","twitter_card":"summary_large_image","schema":{"@context":"https:\/\/schema.org","@graph":[{"@type":"WebPage","@id":"https:\/\/cs-sld.com\/hu\/prototyping\/","url":"https:\/\/cs-sld.com\/hu\/prototyping\/","name":"Prototyping - CS-Smartlab Devices","isPartOf":{"@id":"https:\/\/cs-sld.com\/#website"},"datePublished":"2020-08-05T12:24:51+00:00","dateModified":"2020-10-25T11:25:34+00:00","breadcrumb":{"@id":"https:\/\/cs-sld.com\/hu\/prototyping\/#breadcrumb"},"inLanguage":"hu","potentialAction":[{"@type":"ReadAction","target":["https:\/\/cs-sld.com\/hu\/prototyping\/"]}]},{"@type":"BreadcrumbList","@id":"https:\/\/cs-sld.com\/hu\/prototyping\/#breadcrumb","itemListElement":[{"@type":"ListItem","position":1,"name":"Home","item":"https:\/\/cs-sld.com\/"},{"@type":"ListItem","position":2,"name":"Prototyping"}]},{"@type":"WebSite","@id":"https:\/\/cs-sld.com\/#website","url":"https:\/\/cs-sld.com\/","name":"CS-Smartlab Devices","description":"Better, Simpler","publisher":{"@id":"https:\/\/cs-sld.com\/#organization"},"potentialAction":[{"@type":"SearchAction","target":{"@type":"EntryPoint","urlTemplate":"https:\/\/cs-sld.com\/?s={search_term_string}"},"query-input":{"@type":"PropertyValueSpecification","valueRequired":true,"valueName":"search_term_string"}}],"inLanguage":"hu"},{"@type":"Organization","@id":"https:\/\/cs-sld.com\/#organization","name":"CS-Smartlab Devices kft.","url":"https:\/\/cs-sld.com\/","logo":{"@type":"ImageObject","inLanguage":"hu","@id":"https:\/\/cs-sld.com\/#\/schema\/logo\/image\/","url":"https:\/\/secureservercdn.net\/160.153.137.123\/6p9.7a7.myftpupload.com\/wp-content\/uploads\/2020\/07\/New_Logo.png?time=1665863562","contentUrl":"https:\/\/secureservercdn.net\/160.153.137.123\/6p9.7a7.myftpupload.com\/wp-content\/uploads\/2020\/07\/New_Logo.png?time=1665863562","width":2837,"height":724,"caption":"CS-Smartlab Devices kft."},"image":{"@id":"https:\/\/cs-sld.com\/#\/schema\/logo\/image\/"}}]}},"_links":{"self":[{"href":"https:\/\/cs-sld.com\/hu\/wp-json\/wp\/v2\/pages\/223","targetHints":{"allow":["GET"]}}],"collection":[{"href":"https:\/\/cs-sld.com\/hu\/wp-json\/wp\/v2\/pages"}],"about":[{"href":"https:\/\/cs-sld.com\/hu\/wp-json\/wp\/v2\/types\/page"}],"author":[{"embeddable":true,"href":"https:\/\/cs-sld.com\/hu\/wp-json\/wp\/v2\/users\/1"}],"replies":[{"embeddable":true,"href":"https:\/\/cs-sld.com\/hu\/wp-json\/wp\/v2\/comments?post=223"}],"version-history":[{"count":5,"href":"https:\/\/cs-sld.com\/hu\/wp-json\/wp\/v2\/pages\/223\/revisions"}],"predecessor-version":[{"id":350,"href":"https:\/\/cs-sld.com\/hu\/wp-json\/wp\/v2\/pages\/223\/revisions\/350"}],"wp:attachment":[{"href":"https:\/\/cs-sld.com\/hu\/wp-json\/wp\/v2\/media?parent=223"}],"wp:term":[{"taxonomy":"category","embeddable":true,"href":"https:\/\/cs-sld.com\/hu\/wp-json\/wp\/v2\/categories?post=223"},{"taxonomy":"post_tag","embeddable":true,"href":"https:\/\/cs-sld.com\/hu\/wp-json\/wp\/v2\/tags?post=223"}],"curies":[{"name":"wp","href":"https:\/\/api.w.org\/{rel}","templated":true}]}}