{"id":173,"date":"2020-08-05T08:01:30","date_gmt":"2020-08-05T08:01:30","guid":{"rendered":"https:\/\/cs-sld.com\/?page_id=173"},"modified":"2020-10-25T11:25:33","modified_gmt":"2020-10-25T11:25:33","slug":"instrument-development","status":"publish","type":"page","link":"https:\/\/cs-sld.com\/hu\/instrument-development\/","title":{"rendered":"M\u0171szerfejleszt\u00e9s"},"content":{"rendered":"<div class=\"wp-block-cover has-background-dim\" style=\"background-image:url(https:\/\/cs-sld.com\/wp-content\/uploads\/2020\/08\/Depositphotos_319345630_ds-scaled.jpg)\"><div class=\"wp-block-cover__inner-container is-layout-flow wp-block-cover-is-layout-flow\">\n<p class=\"has-text-align-center has-large-font-size\">Elk\u00f6telezetten \u00e9p\u00edt\u00fcnk kiv\u00e1l\u00f3 K+F m\u0171szereket <\/p>\n<\/div><\/div>\n\n\n\n<hr class=\"wp-block-coblocks-dynamic-separator\" style=\"height:50px\"\/>\n\n\n\n<div class=\"wp-block-coblocks-media-card alignwide is-style-left is-stacked-on-mobile coblocks-media-card-79172756331\"><div class=\"wp-block-coblocks-media-card__inner has-no-padding\"><div class=\"wp-block-coblocks-media-card__wrapper\"><figure class=\"wp-block-coblocks-media-card__media\"><img loading=\"lazy\" decoding=\"async\" width=\"1024\" height=\"768\" src=\"https:\/\/cs-sld.com\/wp-content\/uploads\/2020\/08\/IMG_20180418_152825-1024x768.jpg\" alt=\"\" class=\"wp-image-312\" srcset=\"https:\/\/cs-sld.com\/wp-content\/uploads\/2020\/08\/IMG_20180418_152825-1024x768.jpg 1024w, https:\/\/cs-sld.com\/wp-content\/uploads\/2020\/08\/IMG_20180418_152825-300x225.jpg 300w, https:\/\/cs-sld.com\/wp-content\/uploads\/2020\/08\/IMG_20180418_152825-768x576.jpg 768w, https:\/\/cs-sld.com\/wp-content\/uploads\/2020\/08\/IMG_20180418_152825-1536x1152.jpg 1536w, https:\/\/cs-sld.com\/wp-content\/uploads\/2020\/08\/IMG_20180418_152825-2048x1536.jpg 2048w, https:\/\/cs-sld.com\/wp-content\/uploads\/2020\/08\/IMG_20180418_152825-380x285.jpg 380w, https:\/\/cs-sld.com\/wp-content\/uploads\/2020\/08\/IMG_20180418_152825-285x214.jpg 285w\" sizes=\"auto, (max-width: 1024px) 100vw, 1024px\" \/><\/figure><div class=\"wp-block-coblocks-media-card__content\">\n<div class=\"wp-block-coblocks-row coblocks-row-79172756512\" data-columns=\"1\" data-layout=\"100\"><div class=\"wp-block-coblocks-row__inner has-background has-medium-gutter has-padding has-huge-padding has-no-margin is-stacked-on-mobile\" style=\"background-color:#FFFFFF\">\n<div class=\"wp-block-coblocks-column coblocks-column-79172756518\" style=\"width:100%\"><div class=\"wp-block-coblocks-column__inner has-no-padding has-no-margin\">\n<h3 class=\"wp-block-heading\">M\u0171szerek,  robotok \u00e9s sok m\u00e1s...<\/h3>\n\n\n\n<p style=\"font-size:18px\">Folyamatosan dolgozunk a leg\u00fajabb megb\u00edzhat\u00f3an m\u0171k\u00f6d\u0151 m\u0171szerek \u00e9s eszk\u00f6z\u00f6k tervez\u00e9s\u00e9n \u00e9s gy\u00e1rt\u00e1s\u00e1n, els\u0151sorban, de nem kiz\u00e1r\u00f3lag a K+F szektor sz\u00e1m\u00e1ra. <\/p>\n\n\n\n<p style=\"font-size:18px\">Maradjon naprak\u00e9sz term\u00e9keinkkel kapcsolatban \u00e9s olvassa blogunkat a leg\u00fajabb el\u00e9rhet\u0151 k\u00e9sz\u00fcl\u00e9kekr\u0151l.<\/p>\n<\/div><\/div>\n<\/div><\/div>\n<\/div><\/div><\/div><\/div>\n\n\n\n<p><\/p>","protected":false},"excerpt":{"rendered":"","protected":false},"author":1,"featured_media":0,"parent":0,"menu_order":0,"comment_status":"closed","ping_status":"closed","template":"","meta":{"_coblocks_attr":"","_coblocks_dimensions":"","_coblocks_responsive_height":"","_coblocks_accordion_ie_support":"","footnotes":""},"categories":[],"tags":[],"class_list":["post-173","page","type-page","status-publish","hentry"],"yoast_head":"<!-- This site is optimized with the Yoast SEO plugin v25.0 - https:\/\/yoast.com\/wordpress\/plugins\/seo\/ -->\n<title>Instrument development - CS-Smartlab Devices<\/title>\n<meta name=\"robots\" content=\"index, follow, max-snippet:-1, max-image-preview:large, max-video-preview:-1\" \/>\n<link rel=\"canonical\" href=\"https:\/\/cs-sld.com\/hu\/instrument-development\/\" \/>\n<meta property=\"og:locale\" content=\"hu_HU\" \/>\n<meta property=\"og:type\" content=\"article\" \/>\n<meta property=\"og:title\" content=\"Instrument development - CS-Smartlab Devices\" \/>\n<meta property=\"og:url\" content=\"https:\/\/cs-sld.com\/hu\/instrument-development\/\" \/>\n<meta property=\"og:site_name\" content=\"CS-Smartlab Devices\" \/>\n<meta property=\"article:modified_time\" content=\"2020-10-25T11:25:33+00:00\" \/>\n<meta property=\"og:image\" content=\"https:\/\/cs-sld.com\/wp-content\/uploads\/2020\/08\/IMG_20180418_152825-1024x768.jpg\" \/>\n<meta name=\"twitter:card\" content=\"summary_large_image\" \/>\n<script type=\"application\/ld+json\" class=\"yoast-schema-graph\">{\"@context\":\"https:\/\/schema.org\",\"@graph\":[{\"@type\":\"WebPage\",\"@id\":\"https:\/\/cs-sld.com\/instrument-development\/\",\"url\":\"https:\/\/cs-sld.com\/instrument-development\/\",\"name\":\"Instrument development - CS-Smartlab Devices\",\"isPartOf\":{\"@id\":\"https:\/\/cs-sld.com\/#website\"},\"primaryImageOfPage\":{\"@id\":\"https:\/\/cs-sld.com\/instrument-development\/#primaryimage\"},\"image\":{\"@id\":\"https:\/\/cs-sld.com\/instrument-development\/#primaryimage\"},\"thumbnailUrl\":\"https:\/\/cs-sld.com\/wp-content\/uploads\/2020\/08\/IMG_20180418_152825-1024x768.jpg\",\"datePublished\":\"2020-08-05T08:01:30+00:00\",\"dateModified\":\"2020-10-25T11:25:33+00:00\",\"breadcrumb\":{\"@id\":\"https:\/\/cs-sld.com\/instrument-development\/#breadcrumb\"},\"inLanguage\":\"hu\",\"potentialAction\":[{\"@type\":\"ReadAction\",\"target\":[\"https:\/\/cs-sld.com\/instrument-development\/\"]}]},{\"@type\":\"ImageObject\",\"inLanguage\":\"hu\",\"@id\":\"https:\/\/cs-sld.com\/instrument-development\/#primaryimage\",\"url\":\"https:\/\/cs-sld.com\/wp-content\/uploads\/2020\/08\/IMG_20180418_152825-1024x768.jpg\",\"contentUrl\":\"https:\/\/cs-sld.com\/wp-content\/uploads\/2020\/08\/IMG_20180418_152825-1024x768.jpg\"},{\"@type\":\"BreadcrumbList\",\"@id\":\"https:\/\/cs-sld.com\/instrument-development\/#breadcrumb\",\"itemListElement\":[{\"@type\":\"ListItem\",\"position\":1,\"name\":\"Home\",\"item\":\"https:\/\/cs-sld.com\/\"},{\"@type\":\"ListItem\",\"position\":2,\"name\":\"Instrument development\"}]},{\"@type\":\"WebSite\",\"@id\":\"https:\/\/cs-sld.com\/#website\",\"url\":\"https:\/\/cs-sld.com\/\",\"name\":\"CS-Smartlab Devices\",\"description\":\"Better, Simpler\",\"publisher\":{\"@id\":\"https:\/\/cs-sld.com\/#organization\"},\"potentialAction\":[{\"@type\":\"SearchAction\",\"target\":{\"@type\":\"EntryPoint\",\"urlTemplate\":\"https:\/\/cs-sld.com\/?s={search_term_string}\"},\"query-input\":{\"@type\":\"PropertyValueSpecification\",\"valueRequired\":true,\"valueName\":\"search_term_string\"}}],\"inLanguage\":\"hu\"},{\"@type\":\"Organization\",\"@id\":\"https:\/\/cs-sld.com\/#organization\",\"name\":\"CS-Smartlab Devices kft.\",\"url\":\"https:\/\/cs-sld.com\/\",\"logo\":{\"@type\":\"ImageObject\",\"inLanguage\":\"hu\",\"@id\":\"https:\/\/cs-sld.com\/#\/schema\/logo\/image\/\",\"url\":\"https:\/\/secureservercdn.net\/160.153.137.123\/6p9.7a7.myftpupload.com\/wp-content\/uploads\/2020\/07\/New_Logo.png?time=1665863562\",\"contentUrl\":\"https:\/\/secureservercdn.net\/160.153.137.123\/6p9.7a7.myftpupload.com\/wp-content\/uploads\/2020\/07\/New_Logo.png?time=1665863562\",\"width\":2837,\"height\":724,\"caption\":\"CS-Smartlab Devices kft.\"},\"image\":{\"@id\":\"https:\/\/cs-sld.com\/#\/schema\/logo\/image\/\"}}]}<\/script>\n<!-- \/ Yoast SEO plugin. -->","yoast_head_json":{"title":"Instrument development - CS-Smartlab Devices","robots":{"index":"index","follow":"follow","max-snippet":"max-snippet:-1","max-image-preview":"max-image-preview:large","max-video-preview":"max-video-preview:-1"},"canonical":"https:\/\/cs-sld.com\/hu\/instrument-development\/","og_locale":"hu_HU","og_type":"article","og_title":"Instrument development - CS-Smartlab Devices","og_url":"https:\/\/cs-sld.com\/hu\/instrument-development\/","og_site_name":"CS-Smartlab Devices","article_modified_time":"2020-10-25T11:25:33+00:00","og_image":[{"url":"https:\/\/cs-sld.com\/wp-content\/uploads\/2020\/08\/IMG_20180418_152825-1024x768.jpg","type":"","width":"","height":""}],"twitter_card":"summary_large_image","schema":{"@context":"https:\/\/schema.org","@graph":[{"@type":"WebPage","@id":"https:\/\/cs-sld.com\/instrument-development\/","url":"https:\/\/cs-sld.com\/instrument-development\/","name":"Instrument development - CS-Smartlab Devices","isPartOf":{"@id":"https:\/\/cs-sld.com\/#website"},"primaryImageOfPage":{"@id":"https:\/\/cs-sld.com\/instrument-development\/#primaryimage"},"image":{"@id":"https:\/\/cs-sld.com\/instrument-development\/#primaryimage"},"thumbnailUrl":"https:\/\/cs-sld.com\/wp-content\/uploads\/2020\/08\/IMG_20180418_152825-1024x768.jpg","datePublished":"2020-08-05T08:01:30+00:00","dateModified":"2020-10-25T11:25:33+00:00","breadcrumb":{"@id":"https:\/\/cs-sld.com\/instrument-development\/#breadcrumb"},"inLanguage":"hu","potentialAction":[{"@type":"ReadAction","target":["https:\/\/cs-sld.com\/instrument-development\/"]}]},{"@type":"ImageObject","inLanguage":"hu","@id":"https:\/\/cs-sld.com\/instrument-development\/#primaryimage","url":"https:\/\/cs-sld.com\/wp-content\/uploads\/2020\/08\/IMG_20180418_152825-1024x768.jpg","contentUrl":"https:\/\/cs-sld.com\/wp-content\/uploads\/2020\/08\/IMG_20180418_152825-1024x768.jpg"},{"@type":"BreadcrumbList","@id":"https:\/\/cs-sld.com\/instrument-development\/#breadcrumb","itemListElement":[{"@type":"ListItem","position":1,"name":"Home","item":"https:\/\/cs-sld.com\/"},{"@type":"ListItem","position":2,"name":"Instrument development"}]},{"@type":"WebSite","@id":"https:\/\/cs-sld.com\/#website","url":"https:\/\/cs-sld.com\/","name":"CS-Smartlab Devices","description":"Better, Simpler","publisher":{"@id":"https:\/\/cs-sld.com\/#organization"},"potentialAction":[{"@type":"SearchAction","target":{"@type":"EntryPoint","urlTemplate":"https:\/\/cs-sld.com\/?s={search_term_string}"},"query-input":{"@type":"PropertyValueSpecification","valueRequired":true,"valueName":"search_term_string"}}],"inLanguage":"hu"},{"@type":"Organization","@id":"https:\/\/cs-sld.com\/#organization","name":"CS-Smartlab Devices kft.","url":"https:\/\/cs-sld.com\/","logo":{"@type":"ImageObject","inLanguage":"hu","@id":"https:\/\/cs-sld.com\/#\/schema\/logo\/image\/","url":"https:\/\/secureservercdn.net\/160.153.137.123\/6p9.7a7.myftpupload.com\/wp-content\/uploads\/2020\/07\/New_Logo.png?time=1665863562","contentUrl":"https:\/\/secureservercdn.net\/160.153.137.123\/6p9.7a7.myftpupload.com\/wp-content\/uploads\/2020\/07\/New_Logo.png?time=1665863562","width":2837,"height":724,"caption":"CS-Smartlab Devices kft."},"image":{"@id":"https:\/\/cs-sld.com\/#\/schema\/logo\/image\/"}}]}},"_links":{"self":[{"href":"https:\/\/cs-sld.com\/hu\/wp-json\/wp\/v2\/pages\/173","targetHints":{"allow":["GET"]}}],"collection":[{"href":"https:\/\/cs-sld.com\/hu\/wp-json\/wp\/v2\/pages"}],"about":[{"href":"https:\/\/cs-sld.com\/hu\/wp-json\/wp\/v2\/types\/page"}],"author":[{"embeddable":true,"href":"https:\/\/cs-sld.com\/hu\/wp-json\/wp\/v2\/users\/1"}],"replies":[{"embeddable":true,"href":"https:\/\/cs-sld.com\/hu\/wp-json\/wp\/v2\/comments?post=173"}],"version-history":[{"count":4,"href":"https:\/\/cs-sld.com\/hu\/wp-json\/wp\/v2\/pages\/173\/revisions"}],"predecessor-version":[{"id":362,"href":"https:\/\/cs-sld.com\/hu\/wp-json\/wp\/v2\/pages\/173\/revisions\/362"}],"wp:attachment":[{"href":"https:\/\/cs-sld.com\/hu\/wp-json\/wp\/v2\/media?parent=173"}],"wp:term":[{"taxonomy":"category","embeddable":true,"href":"https:\/\/cs-sld.com\/hu\/wp-json\/wp\/v2\/categories?post=173"},{"taxonomy":"post_tag","embeddable":true,"href":"https:\/\/cs-sld.com\/hu\/wp-json\/wp\/v2\/tags?post=173"}],"curies":[{"name":"wp","href":"https:\/\/api.w.org\/{rel}","templated":true}]}}