{"id":169,"date":"2020-08-05T07:59:24","date_gmt":"2020-08-05T07:59:24","guid":{"rendered":"https:\/\/cs-sld.com\/?page_id=169"},"modified":"2020-10-25T11:25:33","modified_gmt":"2020-10-25T11:25:33","slug":"artificial-plant-growt","status":"publish","type":"page","link":"https:\/\/cs-sld.com\/hu\/artificial-plant-growt\/","title":{"rendered":"Mesters\u00e9ges n\u00f6v\u00e9nytermeszt\u00e9s"},"content":{"rendered":"<div class=\"wp-block-cover has-background-dim\" style=\"background-image:url(https:\/\/cs-sld.com\/wp-content\/uploads\/2020\/08\/Depositphotos_377094476_ds-scaled.jpg)\"><div class=\"wp-block-cover__inner-container is-layout-flow wp-block-cover-is-layout-flow\">\n<p class=\"has-text-align-center has-large-font-size\">A n\u00f6v\u00e9nytermeszt\u00e9s j\u00f6v\u0151je<\/p>\n<\/div><\/div>\n\n\n\n<hr class=\"wp-block-coblocks-dynamic-separator\" style=\"height:50px\"\/>\n\n\n\n<div class=\"wp-block-coblocks-media-card alignwide is-style-left is-stacked-on-mobile coblocks-media-card-7616050802\"><div class=\"wp-block-coblocks-media-card__inner has-no-padding\"><div class=\"wp-block-coblocks-media-card__wrapper\"><figure class=\"wp-block-coblocks-media-card__media\"><img loading=\"lazy\" decoding=\"async\" width=\"1019\" height=\"1024\" src=\"https:\/\/cs-sld.com\/wp-content\/uploads\/2020\/08\/IMG_20191025_103212-scaled-e1596722765225-1019x1024.jpg\" alt=\"\" class=\"wp-image-286\" srcset=\"https:\/\/cs-sld.com\/wp-content\/uploads\/2020\/08\/IMG_20191025_103212-scaled-e1596722765225-1019x1024.jpg 1019w, https:\/\/cs-sld.com\/wp-content\/uploads\/2020\/08\/IMG_20191025_103212-scaled-e1596722765225-300x300.jpg 300w, https:\/\/cs-sld.com\/wp-content\/uploads\/2020\/08\/IMG_20191025_103212-scaled-e1596722765225-150x150.jpg 150w, https:\/\/cs-sld.com\/wp-content\/uploads\/2020\/08\/IMG_20191025_103212-scaled-e1596722765225-768x772.jpg 768w, https:\/\/cs-sld.com\/wp-content\/uploads\/2020\/08\/IMG_20191025_103212-scaled-e1596722765225-120x120.jpg 120w, https:\/\/cs-sld.com\/wp-content\/uploads\/2020\/08\/IMG_20191025_103212-scaled-e1596722765225-105x105.jpg 105w, https:\/\/cs-sld.com\/wp-content\/uploads\/2020\/08\/IMG_20191025_103212-scaled-e1596722765225-285x285.jpg 285w, https:\/\/cs-sld.com\/wp-content\/uploads\/2020\/08\/IMG_20191025_103212-scaled-e1596722765225.jpg 1401w\" sizes=\"auto, (max-width: 1019px) 100vw, 1019px\" \/><\/figure><div class=\"wp-block-coblocks-media-card__content\">\n<div class=\"wp-block-coblocks-row coblocks-row-7616050898\" data-columns=\"1\" data-layout=\"100\"><div class=\"wp-block-coblocks-row__inner has-background has-medium-gutter has-padding has-huge-padding has-no-margin is-stacked-on-mobile\" style=\"background-color:#FFFFFF\">\n<div class=\"wp-block-coblocks-column coblocks-column-7616050904\" style=\"width:100%\"><div class=\"wp-block-coblocks-column__inner has-no-padding has-no-margin\">\n<h3 class=\"wp-block-heading\">Z\u00e1rt kultiv\u00e1ci\u00f3s rendszer n\u00f6veked\u00e9s optimaliz\u00e1l\u00e1shoz<\/h3>\n\n\n\n<p style=\"font-size:18px\">Ez a kutat\u00e1si vonal a n\u00f6v\u00e9nytermeszt\u00e9s optimaliz\u00e1l\u00e1s\u00e1ra f\u00f3kusz\u00e1l, egy olyan z\u00e1rt rendszerben, ahol modellezni \u00e9s dinamikusan v\u00e1ltoztatni tudjuk a k\u00f6rnyezeti faktorokat.<\/p>\n\n\n\n<p style=\"font-size:18px\">Egy, az eddigi tapasztalatainkon alapul\u00f3, univerz\u00e1lisan alkalmazhat\u00f3 optimaliz\u00e1l\u00f3 rendszer jelenleg is fejleszt\u00e9s alatt \u00e1ll, mely hamarosan el\u00e9rhet\u0151 lesz. Figyelje blogunkat a v\u00e1rhat\u00f3 megjelen\u00e9s id\u0151pontj\u00e1val kapcsolatban.<\/p>\n<\/div><\/div>\n<\/div><\/div>\n<\/div><\/div><\/div><\/div>","protected":false},"excerpt":{"rendered":"","protected":false},"author":1,"featured_media":0,"parent":0,"menu_order":0,"comment_status":"closed","ping_status":"closed","template":"","meta":{"_coblocks_attr":"","_coblocks_dimensions":"","_coblocks_responsive_height":"","_coblocks_accordion_ie_support":"","footnotes":""},"categories":[],"tags":[],"class_list":["post-169","page","type-page","status-publish","hentry"],"yoast_head":"<!-- This site is optimized with the Yoast SEO plugin v25.0 - https:\/\/yoast.com\/wordpress\/plugins\/seo\/ -->\n<title>Artificial plant growth - CS-Smartlab Devices<\/title>\n<meta name=\"robots\" content=\"index, follow, max-snippet:-1, max-image-preview:large, max-video-preview:-1\" \/>\n<link rel=\"canonical\" href=\"https:\/\/cs-sld.com\/hu\/artificial-plant-growt\/\" \/>\n<meta property=\"og:locale\" content=\"hu_HU\" \/>\n<meta property=\"og:type\" content=\"article\" \/>\n<meta property=\"og:title\" content=\"Artificial plant growth - CS-Smartlab Devices\" \/>\n<meta property=\"og:url\" content=\"https:\/\/cs-sld.com\/hu\/artificial-plant-growt\/\" \/>\n<meta property=\"og:site_name\" content=\"CS-Smartlab Devices\" \/>\n<meta property=\"article:modified_time\" content=\"2020-10-25T11:25:33+00:00\" \/>\n<meta property=\"og:image\" content=\"https:\/\/cs-sld.com\/wp-content\/uploads\/2020\/08\/IMG_20191025_103212-scaled-e1596722765225-1019x1024.jpg\" \/>\n<meta name=\"twitter:card\" content=\"summary_large_image\" \/>\n<script type=\"application\/ld+json\" class=\"yoast-schema-graph\">{\"@context\":\"https:\/\/schema.org\",\"@graph\":[{\"@type\":\"WebPage\",\"@id\":\"https:\/\/cs-sld.com\/artificial-plant-growt\/\",\"url\":\"https:\/\/cs-sld.com\/artificial-plant-growt\/\",\"name\":\"Artificial plant growth - CS-Smartlab Devices\",\"isPartOf\":{\"@id\":\"https:\/\/cs-sld.com\/#website\"},\"primaryImageOfPage\":{\"@id\":\"https:\/\/cs-sld.com\/artificial-plant-growt\/#primaryimage\"},\"image\":{\"@id\":\"https:\/\/cs-sld.com\/artificial-plant-growt\/#primaryimage\"},\"thumbnailUrl\":\"https:\/\/cs-sld.com\/wp-content\/uploads\/2020\/08\/IMG_20191025_103212-scaled-e1596722765225-1019x1024.jpg\",\"datePublished\":\"2020-08-05T07:59:24+00:00\",\"dateModified\":\"2020-10-25T11:25:33+00:00\",\"breadcrumb\":{\"@id\":\"https:\/\/cs-sld.com\/artificial-plant-growt\/#breadcrumb\"},\"inLanguage\":\"hu\",\"potentialAction\":[{\"@type\":\"ReadAction\",\"target\":[\"https:\/\/cs-sld.com\/artificial-plant-growt\/\"]}]},{\"@type\":\"ImageObject\",\"inLanguage\":\"hu\",\"@id\":\"https:\/\/cs-sld.com\/artificial-plant-growt\/#primaryimage\",\"url\":\"https:\/\/cs-sld.com\/wp-content\/uploads\/2020\/08\/IMG_20191025_103212-scaled-e1596722765225-1019x1024.jpg\",\"contentUrl\":\"https:\/\/cs-sld.com\/wp-content\/uploads\/2020\/08\/IMG_20191025_103212-scaled-e1596722765225-1019x1024.jpg\"},{\"@type\":\"BreadcrumbList\",\"@id\":\"https:\/\/cs-sld.com\/artificial-plant-growt\/#breadcrumb\",\"itemListElement\":[{\"@type\":\"ListItem\",\"position\":1,\"name\":\"Home\",\"item\":\"https:\/\/cs-sld.com\/\"},{\"@type\":\"ListItem\",\"position\":2,\"name\":\"Artificial plant growth\"}]},{\"@type\":\"WebSite\",\"@id\":\"https:\/\/cs-sld.com\/#website\",\"url\":\"https:\/\/cs-sld.com\/\",\"name\":\"CS-Smartlab Devices\",\"description\":\"Better, Simpler\",\"publisher\":{\"@id\":\"https:\/\/cs-sld.com\/#organization\"},\"potentialAction\":[{\"@type\":\"SearchAction\",\"target\":{\"@type\":\"EntryPoint\",\"urlTemplate\":\"https:\/\/cs-sld.com\/?s={search_term_string}\"},\"query-input\":{\"@type\":\"PropertyValueSpecification\",\"valueRequired\":true,\"valueName\":\"search_term_string\"}}],\"inLanguage\":\"hu\"},{\"@type\":\"Organization\",\"@id\":\"https:\/\/cs-sld.com\/#organization\",\"name\":\"CS-Smartlab Devices kft.\",\"url\":\"https:\/\/cs-sld.com\/\",\"logo\":{\"@type\":\"ImageObject\",\"inLanguage\":\"hu\",\"@id\":\"https:\/\/cs-sld.com\/#\/schema\/logo\/image\/\",\"url\":\"https:\/\/secureservercdn.net\/160.153.137.123\/6p9.7a7.myftpupload.com\/wp-content\/uploads\/2020\/07\/New_Logo.png?time=1665863562\",\"contentUrl\":\"https:\/\/secureservercdn.net\/160.153.137.123\/6p9.7a7.myftpupload.com\/wp-content\/uploads\/2020\/07\/New_Logo.png?time=1665863562\",\"width\":2837,\"height\":724,\"caption\":\"CS-Smartlab Devices kft.\"},\"image\":{\"@id\":\"https:\/\/cs-sld.com\/#\/schema\/logo\/image\/\"}}]}<\/script>\n<!-- \/ Yoast SEO plugin. -->","yoast_head_json":{"title":"Artificial plant growth - CS-Smartlab Devices","robots":{"index":"index","follow":"follow","max-snippet":"max-snippet:-1","max-image-preview":"max-image-preview:large","max-video-preview":"max-video-preview:-1"},"canonical":"https:\/\/cs-sld.com\/hu\/artificial-plant-growt\/","og_locale":"hu_HU","og_type":"article","og_title":"Artificial plant growth - CS-Smartlab Devices","og_url":"https:\/\/cs-sld.com\/hu\/artificial-plant-growt\/","og_site_name":"CS-Smartlab Devices","article_modified_time":"2020-10-25T11:25:33+00:00","og_image":[{"url":"https:\/\/cs-sld.com\/wp-content\/uploads\/2020\/08\/IMG_20191025_103212-scaled-e1596722765225-1019x1024.jpg","type":"","width":"","height":""}],"twitter_card":"summary_large_image","schema":{"@context":"https:\/\/schema.org","@graph":[{"@type":"WebPage","@id":"https:\/\/cs-sld.com\/artificial-plant-growt\/","url":"https:\/\/cs-sld.com\/artificial-plant-growt\/","name":"Artificial plant growth - CS-Smartlab Devices","isPartOf":{"@id":"https:\/\/cs-sld.com\/#website"},"primaryImageOfPage":{"@id":"https:\/\/cs-sld.com\/artificial-plant-growt\/#primaryimage"},"image":{"@id":"https:\/\/cs-sld.com\/artificial-plant-growt\/#primaryimage"},"thumbnailUrl":"https:\/\/cs-sld.com\/wp-content\/uploads\/2020\/08\/IMG_20191025_103212-scaled-e1596722765225-1019x1024.jpg","datePublished":"2020-08-05T07:59:24+00:00","dateModified":"2020-10-25T11:25:33+00:00","breadcrumb":{"@id":"https:\/\/cs-sld.com\/artificial-plant-growt\/#breadcrumb"},"inLanguage":"hu","potentialAction":[{"@type":"ReadAction","target":["https:\/\/cs-sld.com\/artificial-plant-growt\/"]}]},{"@type":"ImageObject","inLanguage":"hu","@id":"https:\/\/cs-sld.com\/artificial-plant-growt\/#primaryimage","url":"https:\/\/cs-sld.com\/wp-content\/uploads\/2020\/08\/IMG_20191025_103212-scaled-e1596722765225-1019x1024.jpg","contentUrl":"https:\/\/cs-sld.com\/wp-content\/uploads\/2020\/08\/IMG_20191025_103212-scaled-e1596722765225-1019x1024.jpg"},{"@type":"BreadcrumbList","@id":"https:\/\/cs-sld.com\/artificial-plant-growt\/#breadcrumb","itemListElement":[{"@type":"ListItem","position":1,"name":"Home","item":"https:\/\/cs-sld.com\/"},{"@type":"ListItem","position":2,"name":"Artificial plant growth"}]},{"@type":"WebSite","@id":"https:\/\/cs-sld.com\/#website","url":"https:\/\/cs-sld.com\/","name":"CS-Smartlab Devices","description":"Better, Simpler","publisher":{"@id":"https:\/\/cs-sld.com\/#organization"},"potentialAction":[{"@type":"SearchAction","target":{"@type":"EntryPoint","urlTemplate":"https:\/\/cs-sld.com\/?s={search_term_string}"},"query-input":{"@type":"PropertyValueSpecification","valueRequired":true,"valueName":"search_term_string"}}],"inLanguage":"hu"},{"@type":"Organization","@id":"https:\/\/cs-sld.com\/#organization","name":"CS-Smartlab Devices kft.","url":"https:\/\/cs-sld.com\/","logo":{"@type":"ImageObject","inLanguage":"hu","@id":"https:\/\/cs-sld.com\/#\/schema\/logo\/image\/","url":"https:\/\/secureservercdn.net\/160.153.137.123\/6p9.7a7.myftpupload.com\/wp-content\/uploads\/2020\/07\/New_Logo.png?time=1665863562","contentUrl":"https:\/\/secureservercdn.net\/160.153.137.123\/6p9.7a7.myftpupload.com\/wp-content\/uploads\/2020\/07\/New_Logo.png?time=1665863562","width":2837,"height":724,"caption":"CS-Smartlab Devices kft."},"image":{"@id":"https:\/\/cs-sld.com\/#\/schema\/logo\/image\/"}}]}},"_links":{"self":[{"href":"https:\/\/cs-sld.com\/hu\/wp-json\/wp\/v2\/pages\/169","targetHints":{"allow":["GET"]}}],"collection":[{"href":"https:\/\/cs-sld.com\/hu\/wp-json\/wp\/v2\/pages"}],"about":[{"href":"https:\/\/cs-sld.com\/hu\/wp-json\/wp\/v2\/types\/page"}],"author":[{"embeddable":true,"href":"https:\/\/cs-sld.com\/hu\/wp-json\/wp\/v2\/users\/1"}],"replies":[{"embeddable":true,"href":"https:\/\/cs-sld.com\/hu\/wp-json\/wp\/v2\/comments?post=169"}],"version-history":[{"count":8,"href":"https:\/\/cs-sld.com\/hu\/wp-json\/wp\/v2\/pages\/169\/revisions"}],"predecessor-version":[{"id":363,"href":"https:\/\/cs-sld.com\/hu\/wp-json\/wp\/v2\/pages\/169\/revisions\/363"}],"wp:attachment":[{"href":"https:\/\/cs-sld.com\/hu\/wp-json\/wp\/v2\/media?parent=169"}],"wp:term":[{"taxonomy":"category","embeddable":true,"href":"https:\/\/cs-sld.com\/hu\/wp-json\/wp\/v2\/categories?post=169"},{"taxonomy":"post_tag","embeddable":true,"href":"https:\/\/cs-sld.com\/hu\/wp-json\/wp\/v2\/tags?post=169"}],"curies":[{"name":"wp","href":"https:\/\/api.w.org\/{rel}","templated":true}]}}