{"id":159,"date":"2020-08-05T07:52:30","date_gmt":"2020-08-05T07:52:30","guid":{"rendered":"https:\/\/cs-sld.com\/?page_id=159"},"modified":"2020-10-16T16:28:23","modified_gmt":"2020-10-16T16:28:23","slug":"service-and-maintenance","status":"publish","type":"page","link":"https:\/\/cs-sld.com\/hu\/service-and-maintenance\/","title":{"rendered":"Szerviz \u00e9s karbantart\u00e1s"},"content":{"rendered":"<div class=\"wp-block-cover has-background-dim\" style=\"background-image:url(https:\/\/cs-sld.com\/wp-content\/uploads\/2020\/08\/qtq80-FXkjtV.jpeg)\"><div class=\"wp-block-cover__inner-container is-layout-flow wp-block-cover-is-layout-flow\">\n<p class=\"has-text-align-center has-large-font-size\">Laborat\u00f3riumi \u00e9s ipari m\u0171szerek m\u00e1rkaf\u00fcggetlen szervizel\u00e9se<\/p>\n<\/div><\/div>\n\n\n\n<hr class=\"wp-block-coblocks-dynamic-separator\" style=\"height:50px\"\/>\n\n\n\n<p style=\"font-size:18px\">V\u00e1llaljuk laborat\u00f3riumi \u00e9s ipari m\u0171szerek m\u00e1rkaf\u00fcggetlen jav\u00edt\u00e1s\u00e1t \u00e9s karbantart\u00e1s\u00e1t. <\/p>\n\n\n\n<p style=\"font-size:18px\">Ha \u00f6nnek van olyan hib\u00e1san m\u0171k\u00f6d\u0151, vagy t\u00f6nkrement m\u0171szere, melyet a gy\u00e1rt\u00f3 m\u00e1r nem szervizel, vagy t\u00fal id\u0151s ahhoz, hogy jelent\u0151s \u00f6sszeget ford\u00edtson dr\u00e1ga cserealkatr\u00e9sz\u00e9kre \u00e9s szervizk\u00f6lts\u00e9gre, akkor k\u00e9rjen seg\u00edts\u00e9get t\u0151l\u00fcnk. Egy \u00e1llapotfelm\u00e9r\u00e9st k\u00f6vet\u0151en megjav\u00edtjuk, vagy ak\u00e1r \u00faj alkatr\u00e9szt gy\u00e1rtunk m\u0171szer\u00e9hez, mindezt megfizethet\u0151 \u00e1ron. <\/p>\n\n\n\n<p style=\"font-size:18px\">Az al\u00e1bbi lista referenciak\u00e9nt szolg\u00e1l az \u00e1ltalunk leggyakrabban jav\u00edtott m\u0171szerekre. Ha nem tal\u00e1lja rajta saj\u00e1t berendez\u00e9s\u00e9t ez nem jelenti azt, hogy nem v\u00e1llaljuk. Keressen benn\u00fcnket bizalommal \u00e9s adjon egy es\u00e9lyt a felm\u00e9r\u00e9sre, miel\u0151tt \u00faj berendez\u00e9sbe fektetne. <\/p>\n\n\n\n<ul class=\"wp-block-list\"><li>G\u00e1zkromatogr\u00e1fok<\/li><li>Folyad\u00e9k komatorgr\u00e1fok<\/li><li>Laborat\u00f3riumi robotok:<ul><li>Automata mintavev\u0151k<\/li><li>Folyad\u00e9kkezel\u0151 \u00e9s pipett\u00e1z\u00f3 robotok<\/li><li>K\u00e9palkot\u00f3 rendszerek<\/li><\/ul><\/li><li>Spektrom\u00e9terek:<ul><li>T\u00f6megspektrom\u00e9terek<\/li><li>Fotom\u00e9terek<\/li><li>Atomabszorpci\u00f3s \u00e9s emisszi\u00f3s berendez\u00e9sek<\/li><li>K\u00fcl\u00f6nb\u00f6z\u0151 fotodetektorok<\/li><\/ul><\/li><li>Optikai berendez\u00e9sek:<ul><li>Mikroszk\u00f3pok<\/li><li>Refraktom\u00e9terek<\/li><li>Polarim\u00e9terek<\/li><li>L\u00e9zerek \u00e9s tartoz\u00e9kaik<\/li><li>Fotoreaktorok<\/li><li>F\u00e9nyforr\u00e1sok<\/li><\/ul><\/li><li>Mechanikus \u00e9s termoelektromos berendez\u00e9sek:<ul><li>M\u00e1gneses \u00e9s sz\u00e1ras kever\u0151k<\/li><li>R\u00e1z\u00f3g\u00e9pek \u00e9s homogeniz\u00e1torok<\/li><li>V\u00e1kuumpump\u00e1k, kompresszorok<\/li><li>Inkub\u00e1torok<\/li><li>H\u0171t\u0151-f\u0171t\u0151 berendez\u00e9sek<\/li><li>Bep\u00e1rl\u00f3k<\/li><\/ul><\/li><\/ul>","protected":false},"excerpt":{"rendered":"<p>We offer service and maintenance for laboratory and industrial instruments, regardless of brand. If you have a faulty or malfunctioning instrument which has been abandoned by the official service or it is too old to spend high amount for replacing a part, feel free to contact us for more information. We may help you to<\/p>\n<p class=\"more-link\"><a href=\"https:\/\/cs-sld.com\/hu\/service-and-maintenance\/\" class=\"themebutton\">Read More<\/a><\/p>","protected":false},"author":1,"featured_media":0,"parent":0,"menu_order":0,"comment_status":"closed","ping_status":"closed","template":"","meta":{"_coblocks_attr":"","_coblocks_dimensions":"","_coblocks_responsive_height":"","_coblocks_accordion_ie_support":"","footnotes":""},"categories":[],"tags":[],"class_list":["post-159","page","type-page","status-publish","hentry"],"yoast_head":"<!-- This site is optimized with the Yoast SEO plugin v25.0 - https:\/\/yoast.com\/wordpress\/plugins\/seo\/ -->\n<title>Service and maintenance - CS-Smartlab Devices<\/title>\n<meta name=\"robots\" content=\"index, follow, max-snippet:-1, max-image-preview:large, max-video-preview:-1\" \/>\n<link rel=\"canonical\" href=\"https:\/\/cs-sld.com\/hu\/service-and-maintenance\/\" \/>\n<meta property=\"og:locale\" content=\"hu_HU\" \/>\n<meta property=\"og:type\" content=\"article\" \/>\n<meta property=\"og:title\" content=\"Service and maintenance - CS-Smartlab Devices\" \/>\n<meta property=\"og:description\" content=\"We offer service and maintenance for laboratory and industrial instruments, regardless of brand. If you have a faulty or malfunctioning instrument which has been abandoned by the official service or it is too old to spend high amount for replacing a part, feel free to contact us for more information. We may help you toRead More\" \/>\n<meta property=\"og:url\" content=\"https:\/\/cs-sld.com\/hu\/service-and-maintenance\/\" \/>\n<meta property=\"og:site_name\" content=\"CS-Smartlab Devices\" \/>\n<meta property=\"article:modified_time\" content=\"2020-10-16T16:28:23+00:00\" \/>\n<meta name=\"twitter:card\" content=\"summary_large_image\" \/>\n<meta name=\"twitter:label1\" content=\"Becs\u00fclt olvas\u00e1si id\u0151\" \/>\n\t<meta name=\"twitter:data1\" content=\"1 perc\" \/>\n<script type=\"application\/ld+json\" class=\"yoast-schema-graph\">{\"@context\":\"https:\/\/schema.org\",\"@graph\":[{\"@type\":\"WebPage\",\"@id\":\"https:\/\/cs-sld.com\/hu\/service-and-maintenance\/\",\"url\":\"https:\/\/cs-sld.com\/hu\/service-and-maintenance\/\",\"name\":\"Service and maintenance - CS-Smartlab Devices\",\"isPartOf\":{\"@id\":\"https:\/\/cs-sld.com\/#website\"},\"datePublished\":\"2020-08-05T07:52:30+00:00\",\"dateModified\":\"2020-10-16T16:28:23+00:00\",\"breadcrumb\":{\"@id\":\"https:\/\/cs-sld.com\/hu\/service-and-maintenance\/#breadcrumb\"},\"inLanguage\":\"hu\",\"potentialAction\":[{\"@type\":\"ReadAction\",\"target\":[\"https:\/\/cs-sld.com\/hu\/service-and-maintenance\/\"]}]},{\"@type\":\"BreadcrumbList\",\"@id\":\"https:\/\/cs-sld.com\/hu\/service-and-maintenance\/#breadcrumb\",\"itemListElement\":[{\"@type\":\"ListItem\",\"position\":1,\"name\":\"Home\",\"item\":\"https:\/\/cs-sld.com\/\"},{\"@type\":\"ListItem\",\"position\":2,\"name\":\"Service and maintenance\"}]},{\"@type\":\"WebSite\",\"@id\":\"https:\/\/cs-sld.com\/#website\",\"url\":\"https:\/\/cs-sld.com\/\",\"name\":\"CS-Smartlab Devices\",\"description\":\"Better, Simpler\",\"publisher\":{\"@id\":\"https:\/\/cs-sld.com\/#organization\"},\"potentialAction\":[{\"@type\":\"SearchAction\",\"target\":{\"@type\":\"EntryPoint\",\"urlTemplate\":\"https:\/\/cs-sld.com\/?s={search_term_string}\"},\"query-input\":{\"@type\":\"PropertyValueSpecification\",\"valueRequired\":true,\"valueName\":\"search_term_string\"}}],\"inLanguage\":\"hu\"},{\"@type\":\"Organization\",\"@id\":\"https:\/\/cs-sld.com\/#organization\",\"name\":\"CS-Smartlab Devices kft.\",\"url\":\"https:\/\/cs-sld.com\/\",\"logo\":{\"@type\":\"ImageObject\",\"inLanguage\":\"hu\",\"@id\":\"https:\/\/cs-sld.com\/#\/schema\/logo\/image\/\",\"url\":\"https:\/\/secureservercdn.net\/160.153.137.123\/6p9.7a7.myftpupload.com\/wp-content\/uploads\/2020\/07\/New_Logo.png?time=1665863562\",\"contentUrl\":\"https:\/\/secureservercdn.net\/160.153.137.123\/6p9.7a7.myftpupload.com\/wp-content\/uploads\/2020\/07\/New_Logo.png?time=1665863562\",\"width\":2837,\"height\":724,\"caption\":\"CS-Smartlab Devices kft.\"},\"image\":{\"@id\":\"https:\/\/cs-sld.com\/#\/schema\/logo\/image\/\"}}]}<\/script>\n<!-- \/ Yoast SEO plugin. -->","yoast_head_json":{"title":"Service and maintenance - CS-Smartlab Devices","robots":{"index":"index","follow":"follow","max-snippet":"max-snippet:-1","max-image-preview":"max-image-preview:large","max-video-preview":"max-video-preview:-1"},"canonical":"https:\/\/cs-sld.com\/hu\/service-and-maintenance\/","og_locale":"hu_HU","og_type":"article","og_title":"Service and maintenance - CS-Smartlab Devices","og_description":"We offer service and maintenance for laboratory and industrial instruments, regardless of brand. If you have a faulty or malfunctioning instrument which has been abandoned by the official service or it is too old to spend high amount for replacing a part, feel free to contact us for more information. We may help you toRead More","og_url":"https:\/\/cs-sld.com\/hu\/service-and-maintenance\/","og_site_name":"CS-Smartlab Devices","article_modified_time":"2020-10-16T16:28:23+00:00","twitter_card":"summary_large_image","twitter_misc":{"Becs\u00fclt olvas\u00e1si id\u0151":"1 perc"},"schema":{"@context":"https:\/\/schema.org","@graph":[{"@type":"WebPage","@id":"https:\/\/cs-sld.com\/hu\/service-and-maintenance\/","url":"https:\/\/cs-sld.com\/hu\/service-and-maintenance\/","name":"Service and maintenance - CS-Smartlab Devices","isPartOf":{"@id":"https:\/\/cs-sld.com\/#website"},"datePublished":"2020-08-05T07:52:30+00:00","dateModified":"2020-10-16T16:28:23+00:00","breadcrumb":{"@id":"https:\/\/cs-sld.com\/hu\/service-and-maintenance\/#breadcrumb"},"inLanguage":"hu","potentialAction":[{"@type":"ReadAction","target":["https:\/\/cs-sld.com\/hu\/service-and-maintenance\/"]}]},{"@type":"BreadcrumbList","@id":"https:\/\/cs-sld.com\/hu\/service-and-maintenance\/#breadcrumb","itemListElement":[{"@type":"ListItem","position":1,"name":"Home","item":"https:\/\/cs-sld.com\/"},{"@type":"ListItem","position":2,"name":"Service and maintenance"}]},{"@type":"WebSite","@id":"https:\/\/cs-sld.com\/#website","url":"https:\/\/cs-sld.com\/","name":"CS-Smartlab Devices","description":"Better, Simpler","publisher":{"@id":"https:\/\/cs-sld.com\/#organization"},"potentialAction":[{"@type":"SearchAction","target":{"@type":"EntryPoint","urlTemplate":"https:\/\/cs-sld.com\/?s={search_term_string}"},"query-input":{"@type":"PropertyValueSpecification","valueRequired":true,"valueName":"search_term_string"}}],"inLanguage":"hu"},{"@type":"Organization","@id":"https:\/\/cs-sld.com\/#organization","name":"CS-Smartlab Devices kft.","url":"https:\/\/cs-sld.com\/","logo":{"@type":"ImageObject","inLanguage":"hu","@id":"https:\/\/cs-sld.com\/#\/schema\/logo\/image\/","url":"https:\/\/secureservercdn.net\/160.153.137.123\/6p9.7a7.myftpupload.com\/wp-content\/uploads\/2020\/07\/New_Logo.png?time=1665863562","contentUrl":"https:\/\/secureservercdn.net\/160.153.137.123\/6p9.7a7.myftpupload.com\/wp-content\/uploads\/2020\/07\/New_Logo.png?time=1665863562","width":2837,"height":724,"caption":"CS-Smartlab Devices kft."},"image":{"@id":"https:\/\/cs-sld.com\/#\/schema\/logo\/image\/"}}]}},"_links":{"self":[{"href":"https:\/\/cs-sld.com\/hu\/wp-json\/wp\/v2\/pages\/159","targetHints":{"allow":["GET"]}}],"collection":[{"href":"https:\/\/cs-sld.com\/hu\/wp-json\/wp\/v2\/pages"}],"about":[{"href":"https:\/\/cs-sld.com\/hu\/wp-json\/wp\/v2\/types\/page"}],"author":[{"embeddable":true,"href":"https:\/\/cs-sld.com\/hu\/wp-json\/wp\/v2\/users\/1"}],"replies":[{"embeddable":true,"href":"https:\/\/cs-sld.com\/hu\/wp-json\/wp\/v2\/comments?post=159"}],"version-history":[{"count":9,"href":"https:\/\/cs-sld.com\/hu\/wp-json\/wp\/v2\/pages\/159\/revisions"}],"predecessor-version":[{"id":468,"href":"https:\/\/cs-sld.com\/hu\/wp-json\/wp\/v2\/pages\/159\/revisions\/468"}],"wp:attachment":[{"href":"https:\/\/cs-sld.com\/hu\/wp-json\/wp\/v2\/media?parent=159"}],"wp:term":[{"taxonomy":"category","embeddable":true,"href":"https:\/\/cs-sld.com\/hu\/wp-json\/wp\/v2\/categories?post=159"},{"taxonomy":"post_tag","embeddable":true,"href":"https:\/\/cs-sld.com\/hu\/wp-json\/wp\/v2\/tags?post=159"}],"curies":[{"name":"wp","href":"https:\/\/api.w.org\/{rel}","templated":true}]}}