{"id":157,"date":"2020-08-05T07:51:52","date_gmt":"2020-08-05T07:51:52","guid":{"rendered":"https:\/\/cs-sld.com\/?page_id=157"},"modified":"2020-10-25T11:25:33","modified_gmt":"2020-10-25T11:25:33","slug":"iot-in-the-lab","status":"publish","type":"page","link":"https:\/\/cs-sld.com\/hu\/iot-in-the-lab\/","title":{"rendered":"IoT a laborban"},"content":{"rendered":"<div class=\"wp-block-cover has-background-dim\" style=\"background-image:url(https:\/\/cs-sld.com\/wp-content\/uploads\/2020\/08\/Depositphotos_384530846_ds-scaled.jpg)\"><div class=\"wp-block-cover__inner-container is-layout-flow wp-block-cover-is-layout-flow\">\n<p class=\"has-text-align-center has-large-font-size\">Maradjon kapcsolatban berendez\u00e9seivel<\/p>\n<\/div><\/div>\n\n\n\n<hr class=\"wp-block-coblocks-dynamic-separator\" style=\"height:50px\"\/>\n\n\n\n<p style=\"font-size:18px\">Minden term\u00e9k\u00fcnket felk\u00e9sz\u00edtj\u00fck a h\u00e1l\u00f3zati eszk\u00f6z\u00f6kkel t\u00f6rt\u00e9n\u0151 kommunik\u00e1ci\u00f3ra, hogy biztos\u00edtsuk a t\u00e1voli el\u00e9r\u00e9st, a val\u00f3sidej\u0171 vez\u00e9rl\u00e9st \u00e9s a szinkroniz\u00e1ci\u00f3 lehet\u0151s\u00e9g\u00e9t.<\/p>\n\n\n\n<p style=\"font-size:18px\">Jelent\u0151s tapasztalatot szerezt\u00fcnk a vezet\u00e9kes \u00e9s vezet\u00e9k n\u00e9lk\u00fcli rendszerek alkalmaz\u00e1s\u00e1ban, \u00edgy biztos\u00edtani tudjuk, hogy mindig kapcsolatban tudjon maradni eszk\u00f6zeivel az adott k\u00f6rnyezetnek megfelel\u0151 biztons\u00e1gi megfontol\u00e1sok \u00e9s el\u0151\u00edr\u00e1sok figyelembev\u00e9tel\u00e9vel.<\/p>\n\n\n\n<p style=\"font-size:18px\">Minden \u00e1ltalunk fejlesztett szoftver ny\u00edlt forr\u00e1sk\u00f3d\u00fa, \u00edgy ak\u00e1r \u00f6n is v\u00e9gezhet m\u00f3dis\u00edt\u00e1sokat a programban, amihez b\u00e1rmikor tudunk seg\u00edts\u00e9get ny\u00fajtani.<\/p>\n\n\n\n<p style=\"font-size:20px\"><strong>Kulcsszavak:<\/strong><\/p>\n\n\n\n<ul style=\"letter-spacing:1px;text-transform:uppercase\" class=\"has-custom-transform has-custom-letterspacing wp-block-list\"><li>Wi-fi<\/li><li>BluEtooth<\/li><li>URH<\/li><li>Optical<\/li><li>USB<\/li><li>RF<\/li><li>SPI<\/li><li>RS-232<\/li><li>RS-485<\/li><li>CAN<\/li><li>Ethernet<\/li><li>I<sup>2<\/sup>C<\/li><\/ul>\n\n\n\n<p><\/p>","protected":false},"excerpt":{"rendered":"<p>All of our products are capable of connecting to network devices to provide remote access, real-time control and synhcronisation. We have great experince with lot of different approaches to keep you connected to your instruments and devices, including several wired and many wireless methods, depend on what can be used in a specific environment to<\/p>\n<p class=\"more-link\"><a href=\"https:\/\/cs-sld.com\/hu\/iot-in-the-lab\/\" class=\"themebutton\">Read More<\/a><\/p>","protected":false},"author":1,"featured_media":0,"parent":0,"menu_order":0,"comment_status":"closed","ping_status":"closed","template":"","meta":{"_coblocks_attr":"","_coblocks_dimensions":"","_coblocks_responsive_height":"","_coblocks_accordion_ie_support":"","footnotes":""},"categories":[],"tags":[],"class_list":["post-157","page","type-page","status-publish","hentry"],"yoast_head":"<!-- This site is optimized with the Yoast SEO plugin v25.0 - https:\/\/yoast.com\/wordpress\/plugins\/seo\/ -->\n<title>IoT in the lab - CS-Smartlab Devices<\/title>\n<meta name=\"robots\" content=\"index, follow, max-snippet:-1, max-image-preview:large, max-video-preview:-1\" \/>\n<link rel=\"canonical\" href=\"https:\/\/cs-sld.com\/hu\/iot-in-the-lab\/\" \/>\n<meta property=\"og:locale\" content=\"hu_HU\" \/>\n<meta property=\"og:type\" content=\"article\" \/>\n<meta property=\"og:title\" content=\"IoT in the lab - CS-Smartlab Devices\" \/>\n<meta property=\"og:description\" content=\"All of our products are capable of connecting to network devices to provide remote access, real-time control and synhcronisation. We have great experince with lot of different approaches to keep you connected to your instruments and devices, including several wired and many wireless methods, depend on what can be used in a specific environment toRead More\" \/>\n<meta property=\"og:url\" content=\"https:\/\/cs-sld.com\/hu\/iot-in-the-lab\/\" \/>\n<meta property=\"og:site_name\" content=\"CS-Smartlab Devices\" \/>\n<meta property=\"article:modified_time\" content=\"2020-10-25T11:25:33+00:00\" \/>\n<meta name=\"twitter:card\" content=\"summary_large_image\" \/>\n<meta name=\"twitter:label1\" content=\"Becs\u00fclt olvas\u00e1si id\u0151\" \/>\n\t<meta name=\"twitter:data1\" content=\"1 perc\" \/>\n<script type=\"application\/ld+json\" class=\"yoast-schema-graph\">{\"@context\":\"https:\/\/schema.org\",\"@graph\":[{\"@type\":\"WebPage\",\"@id\":\"https:\/\/cs-sld.com\/iot-in-the-lab\/\",\"url\":\"https:\/\/cs-sld.com\/iot-in-the-lab\/\",\"name\":\"IoT in the lab - CS-Smartlab Devices\",\"isPartOf\":{\"@id\":\"https:\/\/cs-sld.com\/#website\"},\"datePublished\":\"2020-08-05T07:51:52+00:00\",\"dateModified\":\"2020-10-25T11:25:33+00:00\",\"breadcrumb\":{\"@id\":\"https:\/\/cs-sld.com\/iot-in-the-lab\/#breadcrumb\"},\"inLanguage\":\"hu\",\"potentialAction\":[{\"@type\":\"ReadAction\",\"target\":[\"https:\/\/cs-sld.com\/iot-in-the-lab\/\"]}]},{\"@type\":\"BreadcrumbList\",\"@id\":\"https:\/\/cs-sld.com\/iot-in-the-lab\/#breadcrumb\",\"itemListElement\":[{\"@type\":\"ListItem\",\"position\":1,\"name\":\"Home\",\"item\":\"https:\/\/cs-sld.com\/\"},{\"@type\":\"ListItem\",\"position\":2,\"name\":\"IoT in the lab\"}]},{\"@type\":\"WebSite\",\"@id\":\"https:\/\/cs-sld.com\/#website\",\"url\":\"https:\/\/cs-sld.com\/\",\"name\":\"CS-Smartlab Devices\",\"description\":\"Better, Simpler\",\"publisher\":{\"@id\":\"https:\/\/cs-sld.com\/#organization\"},\"potentialAction\":[{\"@type\":\"SearchAction\",\"target\":{\"@type\":\"EntryPoint\",\"urlTemplate\":\"https:\/\/cs-sld.com\/?s={search_term_string}\"},\"query-input\":{\"@type\":\"PropertyValueSpecification\",\"valueRequired\":true,\"valueName\":\"search_term_string\"}}],\"inLanguage\":\"hu\"},{\"@type\":\"Organization\",\"@id\":\"https:\/\/cs-sld.com\/#organization\",\"name\":\"CS-Smartlab Devices kft.\",\"url\":\"https:\/\/cs-sld.com\/\",\"logo\":{\"@type\":\"ImageObject\",\"inLanguage\":\"hu\",\"@id\":\"https:\/\/cs-sld.com\/#\/schema\/logo\/image\/\",\"url\":\"https:\/\/secureservercdn.net\/160.153.137.123\/6p9.7a7.myftpupload.com\/wp-content\/uploads\/2020\/07\/New_Logo.png?time=1665863562\",\"contentUrl\":\"https:\/\/secureservercdn.net\/160.153.137.123\/6p9.7a7.myftpupload.com\/wp-content\/uploads\/2020\/07\/New_Logo.png?time=1665863562\",\"width\":2837,\"height\":724,\"caption\":\"CS-Smartlab Devices kft.\"},\"image\":{\"@id\":\"https:\/\/cs-sld.com\/#\/schema\/logo\/image\/\"}}]}<\/script>\n<!-- \/ Yoast SEO plugin. -->","yoast_head_json":{"title":"IoT in the lab - CS-Smartlab Devices","robots":{"index":"index","follow":"follow","max-snippet":"max-snippet:-1","max-image-preview":"max-image-preview:large","max-video-preview":"max-video-preview:-1"},"canonical":"https:\/\/cs-sld.com\/hu\/iot-in-the-lab\/","og_locale":"hu_HU","og_type":"article","og_title":"IoT in the lab - CS-Smartlab Devices","og_description":"All of our products are capable of connecting to network devices to provide remote access, real-time control and synhcronisation. We have great experince with lot of different approaches to keep you connected to your instruments and devices, including several wired and many wireless methods, depend on what can be used in a specific environment toRead More","og_url":"https:\/\/cs-sld.com\/hu\/iot-in-the-lab\/","og_site_name":"CS-Smartlab Devices","article_modified_time":"2020-10-25T11:25:33+00:00","twitter_card":"summary_large_image","twitter_misc":{"Becs\u00fclt olvas\u00e1si id\u0151":"1 perc"},"schema":{"@context":"https:\/\/schema.org","@graph":[{"@type":"WebPage","@id":"https:\/\/cs-sld.com\/iot-in-the-lab\/","url":"https:\/\/cs-sld.com\/iot-in-the-lab\/","name":"IoT in the lab - CS-Smartlab Devices","isPartOf":{"@id":"https:\/\/cs-sld.com\/#website"},"datePublished":"2020-08-05T07:51:52+00:00","dateModified":"2020-10-25T11:25:33+00:00","breadcrumb":{"@id":"https:\/\/cs-sld.com\/iot-in-the-lab\/#breadcrumb"},"inLanguage":"hu","potentialAction":[{"@type":"ReadAction","target":["https:\/\/cs-sld.com\/iot-in-the-lab\/"]}]},{"@type":"BreadcrumbList","@id":"https:\/\/cs-sld.com\/iot-in-the-lab\/#breadcrumb","itemListElement":[{"@type":"ListItem","position":1,"name":"Home","item":"https:\/\/cs-sld.com\/"},{"@type":"ListItem","position":2,"name":"IoT in the lab"}]},{"@type":"WebSite","@id":"https:\/\/cs-sld.com\/#website","url":"https:\/\/cs-sld.com\/","name":"CS-Smartlab Devices","description":"Better, Simpler","publisher":{"@id":"https:\/\/cs-sld.com\/#organization"},"potentialAction":[{"@type":"SearchAction","target":{"@type":"EntryPoint","urlTemplate":"https:\/\/cs-sld.com\/?s={search_term_string}"},"query-input":{"@type":"PropertyValueSpecification","valueRequired":true,"valueName":"search_term_string"}}],"inLanguage":"hu"},{"@type":"Organization","@id":"https:\/\/cs-sld.com\/#organization","name":"CS-Smartlab Devices kft.","url":"https:\/\/cs-sld.com\/","logo":{"@type":"ImageObject","inLanguage":"hu","@id":"https:\/\/cs-sld.com\/#\/schema\/logo\/image\/","url":"https:\/\/secureservercdn.net\/160.153.137.123\/6p9.7a7.myftpupload.com\/wp-content\/uploads\/2020\/07\/New_Logo.png?time=1665863562","contentUrl":"https:\/\/secureservercdn.net\/160.153.137.123\/6p9.7a7.myftpupload.com\/wp-content\/uploads\/2020\/07\/New_Logo.png?time=1665863562","width":2837,"height":724,"caption":"CS-Smartlab Devices kft."},"image":{"@id":"https:\/\/cs-sld.com\/#\/schema\/logo\/image\/"}}]}},"_links":{"self":[{"href":"https:\/\/cs-sld.com\/hu\/wp-json\/wp\/v2\/pages\/157","targetHints":{"allow":["GET"]}}],"collection":[{"href":"https:\/\/cs-sld.com\/hu\/wp-json\/wp\/v2\/pages"}],"about":[{"href":"https:\/\/cs-sld.com\/hu\/wp-json\/wp\/v2\/types\/page"}],"author":[{"embeddable":true,"href":"https:\/\/cs-sld.com\/hu\/wp-json\/wp\/v2\/users\/1"}],"replies":[{"embeddable":true,"href":"https:\/\/cs-sld.com\/hu\/wp-json\/wp\/v2\/comments?post=157"}],"version-history":[{"count":13,"href":"https:\/\/cs-sld.com\/hu\/wp-json\/wp\/v2\/pages\/157\/revisions"}],"predecessor-version":[{"id":353,"href":"https:\/\/cs-sld.com\/hu\/wp-json\/wp\/v2\/pages\/157\/revisions\/353"}],"wp:attachment":[{"href":"https:\/\/cs-sld.com\/hu\/wp-json\/wp\/v2\/media?parent=157"}],"wp:term":[{"taxonomy":"category","embeddable":true,"href":"https:\/\/cs-sld.com\/hu\/wp-json\/wp\/v2\/categories?post=157"},{"taxonomy":"post_tag","embeddable":true,"href":"https:\/\/cs-sld.com\/hu\/wp-json\/wp\/v2\/tags?post=157"}],"curies":[{"name":"wp","href":"https:\/\/api.w.org\/{rel}","templated":true}]}}