{"id":155,"date":"2020-08-05T07:51:14","date_gmt":"2020-08-05T07:51:14","guid":{"rendered":"https:\/\/cs-sld.com\/?page_id=155"},"modified":"2020-09-23T22:06:11","modified_gmt":"2020-09-23T22:06:11","slug":"software-engineering","status":"publish","type":"page","link":"https:\/\/cs-sld.com\/hu\/software-engineering\/","title":{"rendered":"Szoftverfejleszt\u00e9s"},"content":{"rendered":"<div class=\"wp-block-cover has-background-dim\" style=\"background-image:url(https:\/\/cs-sld.com\/wp-content\/uploads\/2020\/08\/qtq80-AO1ZPB.jpeg)\"><div class=\"wp-block-cover__inner-container is-layout-flow wp-block-cover-is-layout-flow\">\n<p class=\"has-text-align-center has-large-font-size\">Platformf\u00fcggetlen informatikai megold\u00e1sok az \u00f6n ig\u00e9nyei szerint fejlesztve<\/p>\n<\/div><\/div>\n\n\n\n<hr class=\"wp-block-coblocks-dynamic-separator\" style=\"height:50px\"\/>\n\n\n\n<ul class=\"wp-block-list\" style=\"font-size:18px\"><li>Integr\u00e1lt szolg\u00e1ltat\u00e1sunk keret\u00e9n bel\u00fcl, platformf\u00fcggetlen szoftveres megold\u00e1sokat \u00e9s alkalmaz\u00e1sokat k\u00edn\u00e1lunk az \u00f6n ig\u00e9nyeihez igaz\u00edtva.<\/li><li>Megtervezz\u00fck \u00e9s implement\u00e1ljuk az \u00f6nnek megfelel\u0151 szoftvert a be\u00e1gyazott\u00f3l kezdve eg\u00e9szen a felhaszn\u00e1l\u00f3i fel\u00fcletig \u00e9s mindehhez hossz\u00fa t\u00e1v\u00fa t\u00e1mogat\u00e1st biztos\u00edtunk.<\/li><li>Programoz\u00e1si nyelvek tekintet\u00e9ben rugalmasak vagyunk, ugyan\u00edgy a program jelleg\u00e9t tekintve is: sz\u00fcks\u00e9g szerint fejleszt\u00fcnk csak be\u00e1gyazott firmware-t, asztali, mobilapplik\u00e1ci\u00f3t, vagy IoT alkalmaz\u00e1st.<\/li><li>A megfelel\u0151 alkalmaz\u00e1st minden esetben term\u00e9keinkkel egy\u00fctt sz\u00e1ll\u00edtjuk, azonban ha \u00f6nnek csak szoftveres fejleszt\u00e9sre van sz\u00fcks\u00e9ge, vagy illeszteni szeretn\u00e9 a mi, vagy m\u00e1s gy\u00e1rt\u00f3 szoftver\u00e9hez a berendez\u00e9s\u00e9t, esetleg t\u00f6bb m\u0171szert szeretne egy id\u0151ben kezelni, vagy mindezt t\u00e1voli vez\u00e9rl\u00e9ssel ell\u00e1tni, akkor megtervezz\u00fck \u00e9s implement\u00e1ljuk az \u00f6n k\u00e9r\u00e9s\u00e9nek megfelel\u0151en.<\/li><\/ul>\n\n\n\n<p><\/p>\n\n\n\n<p><\/p>\n\n\n\n<p><\/p>\n\n\n\n<p><\/p>","protected":false},"excerpt":{"rendered":"<p>As part of our integrated service we provide cross-platform software and applications according to the needs of our costumers. We engineer and implement the required software for your application from low-level to front-end and providing long term support for all of our products. We&#8217;re flexible about the programming language and the level of it. From<\/p>\n<p class=\"more-link\"><a href=\"https:\/\/cs-sld.com\/hu\/software-engineering\/\" class=\"themebutton\">Read More<\/a><\/p>","protected":false},"author":1,"featured_media":0,"parent":0,"menu_order":0,"comment_status":"closed","ping_status":"closed","template":"","meta":{"_coblocks_attr":"","_coblocks_dimensions":"","_coblocks_responsive_height":"","_coblocks_accordion_ie_support":"","footnotes":""},"categories":[],"tags":[],"class_list":["post-155","page","type-page","status-publish","hentry"],"yoast_head":"<!-- This site is optimized with the Yoast SEO plugin v25.0 - https:\/\/yoast.com\/wordpress\/plugins\/seo\/ -->\n<title>Software engineering - CS-Smartlab Devices<\/title>\n<meta name=\"robots\" content=\"index, follow, max-snippet:-1, max-image-preview:large, max-video-preview:-1\" \/>\n<link rel=\"canonical\" href=\"https:\/\/cs-sld.com\/hu\/software-engineering\/\" \/>\n<meta property=\"og:locale\" content=\"hu_HU\" \/>\n<meta property=\"og:type\" content=\"article\" \/>\n<meta property=\"og:title\" content=\"Software engineering - CS-Smartlab Devices\" \/>\n<meta property=\"og:description\" content=\"As part of our integrated service we provide cross-platform software and applications according to the needs of our costumers. We engineer and implement the required software for your application from low-level to front-end and providing long term support for all of our products. We&#8217;re flexible about the programming language and the level of it. FromRead More\" \/>\n<meta property=\"og:url\" content=\"https:\/\/cs-sld.com\/hu\/software-engineering\/\" \/>\n<meta property=\"og:site_name\" content=\"CS-Smartlab Devices\" \/>\n<meta property=\"article:modified_time\" content=\"2020-09-23T22:06:11+00:00\" \/>\n<meta name=\"twitter:card\" content=\"summary_large_image\" \/>\n<meta name=\"twitter:label1\" content=\"Becs\u00fclt olvas\u00e1si id\u0151\" \/>\n\t<meta name=\"twitter:data1\" content=\"1 perc\" \/>\n<script type=\"application\/ld+json\" class=\"yoast-schema-graph\">{\"@context\":\"https:\/\/schema.org\",\"@graph\":[{\"@type\":\"WebPage\",\"@id\":\"https:\/\/cs-sld.com\/software-engineering\/\",\"url\":\"https:\/\/cs-sld.com\/software-engineering\/\",\"name\":\"Software engineering - CS-Smartlab Devices\",\"isPartOf\":{\"@id\":\"https:\/\/cs-sld.com\/#website\"},\"datePublished\":\"2020-08-05T07:51:14+00:00\",\"dateModified\":\"2020-09-23T22:06:11+00:00\",\"breadcrumb\":{\"@id\":\"https:\/\/cs-sld.com\/software-engineering\/#breadcrumb\"},\"inLanguage\":\"hu\",\"potentialAction\":[{\"@type\":\"ReadAction\",\"target\":[\"https:\/\/cs-sld.com\/software-engineering\/\"]}]},{\"@type\":\"BreadcrumbList\",\"@id\":\"https:\/\/cs-sld.com\/software-engineering\/#breadcrumb\",\"itemListElement\":[{\"@type\":\"ListItem\",\"position\":1,\"name\":\"Home\",\"item\":\"https:\/\/cs-sld.com\/\"},{\"@type\":\"ListItem\",\"position\":2,\"name\":\"Software engineering\"}]},{\"@type\":\"WebSite\",\"@id\":\"https:\/\/cs-sld.com\/#website\",\"url\":\"https:\/\/cs-sld.com\/\",\"name\":\"CS-Smartlab Devices\",\"description\":\"Better, Simpler\",\"publisher\":{\"@id\":\"https:\/\/cs-sld.com\/#organization\"},\"potentialAction\":[{\"@type\":\"SearchAction\",\"target\":{\"@type\":\"EntryPoint\",\"urlTemplate\":\"https:\/\/cs-sld.com\/?s={search_term_string}\"},\"query-input\":{\"@type\":\"PropertyValueSpecification\",\"valueRequired\":true,\"valueName\":\"search_term_string\"}}],\"inLanguage\":\"hu\"},{\"@type\":\"Organization\",\"@id\":\"https:\/\/cs-sld.com\/#organization\",\"name\":\"CS-Smartlab Devices kft.\",\"url\":\"https:\/\/cs-sld.com\/\",\"logo\":{\"@type\":\"ImageObject\",\"inLanguage\":\"hu\",\"@id\":\"https:\/\/cs-sld.com\/#\/schema\/logo\/image\/\",\"url\":\"https:\/\/secureservercdn.net\/160.153.137.123\/6p9.7a7.myftpupload.com\/wp-content\/uploads\/2020\/07\/New_Logo.png?time=1665863562\",\"contentUrl\":\"https:\/\/secureservercdn.net\/160.153.137.123\/6p9.7a7.myftpupload.com\/wp-content\/uploads\/2020\/07\/New_Logo.png?time=1665863562\",\"width\":2837,\"height\":724,\"caption\":\"CS-Smartlab Devices kft.\"},\"image\":{\"@id\":\"https:\/\/cs-sld.com\/#\/schema\/logo\/image\/\"}}]}<\/script>\n<!-- \/ Yoast SEO plugin. -->","yoast_head_json":{"title":"Software engineering - CS-Smartlab Devices","robots":{"index":"index","follow":"follow","max-snippet":"max-snippet:-1","max-image-preview":"max-image-preview:large","max-video-preview":"max-video-preview:-1"},"canonical":"https:\/\/cs-sld.com\/hu\/software-engineering\/","og_locale":"hu_HU","og_type":"article","og_title":"Software engineering - CS-Smartlab Devices","og_description":"As part of our integrated service we provide cross-platform software and applications according to the needs of our costumers. We engineer and implement the required software for your application from low-level to front-end and providing long term support for all of our products. We&#8217;re flexible about the programming language and the level of it. FromRead More","og_url":"https:\/\/cs-sld.com\/hu\/software-engineering\/","og_site_name":"CS-Smartlab Devices","article_modified_time":"2020-09-23T22:06:11+00:00","twitter_card":"summary_large_image","twitter_misc":{"Becs\u00fclt olvas\u00e1si id\u0151":"1 perc"},"schema":{"@context":"https:\/\/schema.org","@graph":[{"@type":"WebPage","@id":"https:\/\/cs-sld.com\/software-engineering\/","url":"https:\/\/cs-sld.com\/software-engineering\/","name":"Software engineering - CS-Smartlab Devices","isPartOf":{"@id":"https:\/\/cs-sld.com\/#website"},"datePublished":"2020-08-05T07:51:14+00:00","dateModified":"2020-09-23T22:06:11+00:00","breadcrumb":{"@id":"https:\/\/cs-sld.com\/software-engineering\/#breadcrumb"},"inLanguage":"hu","potentialAction":[{"@type":"ReadAction","target":["https:\/\/cs-sld.com\/software-engineering\/"]}]},{"@type":"BreadcrumbList","@id":"https:\/\/cs-sld.com\/software-engineering\/#breadcrumb","itemListElement":[{"@type":"ListItem","position":1,"name":"Home","item":"https:\/\/cs-sld.com\/"},{"@type":"ListItem","position":2,"name":"Software engineering"}]},{"@type":"WebSite","@id":"https:\/\/cs-sld.com\/#website","url":"https:\/\/cs-sld.com\/","name":"CS-Smartlab Devices","description":"Better, Simpler","publisher":{"@id":"https:\/\/cs-sld.com\/#organization"},"potentialAction":[{"@type":"SearchAction","target":{"@type":"EntryPoint","urlTemplate":"https:\/\/cs-sld.com\/?s={search_term_string}"},"query-input":{"@type":"PropertyValueSpecification","valueRequired":true,"valueName":"search_term_string"}}],"inLanguage":"hu"},{"@type":"Organization","@id":"https:\/\/cs-sld.com\/#organization","name":"CS-Smartlab Devices kft.","url":"https:\/\/cs-sld.com\/","logo":{"@type":"ImageObject","inLanguage":"hu","@id":"https:\/\/cs-sld.com\/#\/schema\/logo\/image\/","url":"https:\/\/secureservercdn.net\/160.153.137.123\/6p9.7a7.myftpupload.com\/wp-content\/uploads\/2020\/07\/New_Logo.png?time=1665863562","contentUrl":"https:\/\/secureservercdn.net\/160.153.137.123\/6p9.7a7.myftpupload.com\/wp-content\/uploads\/2020\/07\/New_Logo.png?time=1665863562","width":2837,"height":724,"caption":"CS-Smartlab Devices kft."},"image":{"@id":"https:\/\/cs-sld.com\/#\/schema\/logo\/image\/"}}]}},"_links":{"self":[{"href":"https:\/\/cs-sld.com\/hu\/wp-json\/wp\/v2\/pages\/155","targetHints":{"allow":["GET"]}}],"collection":[{"href":"https:\/\/cs-sld.com\/hu\/wp-json\/wp\/v2\/pages"}],"about":[{"href":"https:\/\/cs-sld.com\/hu\/wp-json\/wp\/v2\/types\/page"}],"author":[{"embeddable":true,"href":"https:\/\/cs-sld.com\/hu\/wp-json\/wp\/v2\/users\/1"}],"replies":[{"embeddable":true,"href":"https:\/\/cs-sld.com\/hu\/wp-json\/wp\/v2\/comments?post=155"}],"version-history":[{"count":7,"href":"https:\/\/cs-sld.com\/hu\/wp-json\/wp\/v2\/pages\/155\/revisions"}],"predecessor-version":[{"id":351,"href":"https:\/\/cs-sld.com\/hu\/wp-json\/wp\/v2\/pages\/155\/revisions\/351"}],"wp:attachment":[{"href":"https:\/\/cs-sld.com\/hu\/wp-json\/wp\/v2\/media?parent=155"}],"wp:term":[{"taxonomy":"category","embeddable":true,"href":"https:\/\/cs-sld.com\/hu\/wp-json\/wp\/v2\/categories?post=155"},{"taxonomy":"post_tag","embeddable":true,"href":"https:\/\/cs-sld.com\/hu\/wp-json\/wp\/v2\/tags?post=155"}],"curies":[{"name":"wp","href":"https:\/\/api.w.org\/{rel}","templated":true}]}}