{"id":153,"date":"2020-08-05T07:49:27","date_gmt":"2020-08-05T07:49:27","guid":{"rendered":"https:\/\/cs-sld.com\/?page_id=153"},"modified":"2020-10-25T11:25:33","modified_gmt":"2020-10-25T11:25:33","slug":"consulting","status":"publish","type":"page","link":"https:\/\/cs-sld.com\/hu\/consulting\/","title":{"rendered":"Konzulting szolg\u00e1ltat\u00e1sok"},"content":{"rendered":"<div class=\"wp-block-cover has-background-dim\" style=\"background-image:url(https:\/\/cs-sld.com\/wp-content\/uploads\/2020\/08\/qtq80-v7pW1M.jpeg)\"><div class=\"wp-block-cover__inner-container is-layout-flow wp-block-cover-is-layout-flow\">\n<p class=\"has-text-align-center has-large-font-size\">Visszatartj\u00e1k a technikai gondok, vagy a szakismeretek hi\u00e1nya?<\/p>\n<\/div><\/div>\n\n\n\n<p><\/p>\n\n\n\n<hr class=\"wp-block-coblocks-dynamic-separator\" style=\"height:50px\"\/>\n\n\n\n<p style=\"font-size:18px\">Szolg\u00e1ltat\u00e1saink fontos r\u00e9sz\u00e9t k\u00e9pezi a magas sz\u00ednvonal\u00fa szakmai konzulting, mellyel  mindig \u00fcgyfeleink rendelkez\u00e9s\u00e9re \u00e1llunk. Ha kutat\u00e1s fejleszt\u00e9si projektj\u00e9nek sz\u00fcks\u00e9ge van egy nagyobb ugr\u00e1sra a kezd\u00e9shez, seg\u00edt\u00fcnk felgyors\u00edtani a munkafolyamatot.<\/p>\n\n\n\n<p style=\"font-size:18px\">Mivel m\u00e1r t\u00f6bb mint h\u00e9t \u00e9ve dolgozunk egy\u00fctt k\u00fcl\u00f6nb\u00f6z\u0151 tudom\u00e1nyter\u00fcletek szak\u00e9rt\u0151ivel , bele\u00e9rtve az akad\u00e9miai \u00e9s non-profit kutat\u00f3int\u00e9zeteket, ipari \u00e9s kutat\u00e1s-fejleszt\u00e9si  v\u00e1llalatokat, biztosan seg\u00edthet\u00fcnk \u00f6nnek egy komplex kutat\u00e1s-fejleszt\u00e9si projekt sikeres elind\u00edt\u00e1s\u00e1ban, aggodalmak n\u00e9lk\u00fcl. Ezen fel\u00fcl seg\u00edts\u00e9get ny\u00fajthatunk a k\u00eds\u00e9rlettervez\u00e9sben, hogy \u00f6n min\u00e9l hamarabb hozz\u00e1jusson a keresett inform\u00e1ci\u00f3hoz. A lehet\u0151s\u00e9gek sora szinte v\u00e9gtelen, keressen benn\u00fcnket bizalommal: <a href=\"https:\/\/cs-sld.com\/hu\/contact\/\">Kapcsolat.<\/a> us?<\/p>","protected":false},"excerpt":{"rendered":"<p>As an important part of our integrated services, we offer high quality consulting services for our costumers at any time. If you need a kick-start for your own R&amp;D project, we can help you to facilitate your workflow . Due to the fact tath we have been working together with experts from many different sectors<\/p>\n<p class=\"more-link\"><a href=\"https:\/\/cs-sld.com\/hu\/consulting\/\" class=\"themebutton\">Read More<\/a><\/p>","protected":false},"author":1,"featured_media":0,"parent":0,"menu_order":0,"comment_status":"closed","ping_status":"closed","template":"","meta":{"_coblocks_attr":"","_coblocks_dimensions":"","_coblocks_responsive_height":"","_coblocks_accordion_ie_support":"","footnotes":""},"categories":[],"tags":[],"class_list":["post-153","page","type-page","status-publish","hentry"],"yoast_head":"<!-- This site is optimized with the Yoast SEO plugin v25.0 - https:\/\/yoast.com\/wordpress\/plugins\/seo\/ -->\n<title>Consulting - CS-Smartlab Devices<\/title>\n<meta name=\"robots\" content=\"index, follow, max-snippet:-1, max-image-preview:large, max-video-preview:-1\" \/>\n<link rel=\"canonical\" href=\"https:\/\/cs-sld.com\/hu\/consulting\/\" \/>\n<meta property=\"og:locale\" content=\"hu_HU\" \/>\n<meta property=\"og:type\" content=\"article\" \/>\n<meta property=\"og:title\" content=\"Consulting - CS-Smartlab Devices\" \/>\n<meta property=\"og:description\" content=\"As an important part of our integrated services, we offer high quality consulting services for our costumers at any time. If you need a kick-start for your own R&amp;D project, we can help you to facilitate your workflow . Due to the fact tath we have been working together with experts from many different sectorsRead More\" \/>\n<meta property=\"og:url\" content=\"https:\/\/cs-sld.com\/hu\/consulting\/\" \/>\n<meta property=\"og:site_name\" content=\"CS-Smartlab Devices\" \/>\n<meta property=\"article:modified_time\" content=\"2020-10-25T11:25:33+00:00\" \/>\n<meta name=\"twitter:card\" content=\"summary_large_image\" \/>\n<meta name=\"twitter:label1\" content=\"Becs\u00fclt olvas\u00e1si id\u0151\" \/>\n\t<meta name=\"twitter:data1\" content=\"1 perc\" \/>\n<script type=\"application\/ld+json\" class=\"yoast-schema-graph\">{\"@context\":\"https:\/\/schema.org\",\"@graph\":[{\"@type\":\"WebPage\",\"@id\":\"https:\/\/cs-sld.com\/hu\/consulting\/\",\"url\":\"https:\/\/cs-sld.com\/hu\/consulting\/\",\"name\":\"Consulting - CS-Smartlab Devices\",\"isPartOf\":{\"@id\":\"https:\/\/cs-sld.com\/#website\"},\"datePublished\":\"2020-08-05T07:49:27+00:00\",\"dateModified\":\"2020-10-25T11:25:33+00:00\",\"breadcrumb\":{\"@id\":\"https:\/\/cs-sld.com\/hu\/consulting\/#breadcrumb\"},\"inLanguage\":\"hu\",\"potentialAction\":[{\"@type\":\"ReadAction\",\"target\":[\"https:\/\/cs-sld.com\/hu\/consulting\/\"]}]},{\"@type\":\"BreadcrumbList\",\"@id\":\"https:\/\/cs-sld.com\/hu\/consulting\/#breadcrumb\",\"itemListElement\":[{\"@type\":\"ListItem\",\"position\":1,\"name\":\"Home\",\"item\":\"https:\/\/cs-sld.com\/\"},{\"@type\":\"ListItem\",\"position\":2,\"name\":\"Consulting\"}]},{\"@type\":\"WebSite\",\"@id\":\"https:\/\/cs-sld.com\/#website\",\"url\":\"https:\/\/cs-sld.com\/\",\"name\":\"CS-Smartlab Devices\",\"description\":\"Better, Simpler\",\"publisher\":{\"@id\":\"https:\/\/cs-sld.com\/#organization\"},\"potentialAction\":[{\"@type\":\"SearchAction\",\"target\":{\"@type\":\"EntryPoint\",\"urlTemplate\":\"https:\/\/cs-sld.com\/?s={search_term_string}\"},\"query-input\":{\"@type\":\"PropertyValueSpecification\",\"valueRequired\":true,\"valueName\":\"search_term_string\"}}],\"inLanguage\":\"hu\"},{\"@type\":\"Organization\",\"@id\":\"https:\/\/cs-sld.com\/#organization\",\"name\":\"CS-Smartlab Devices kft.\",\"url\":\"https:\/\/cs-sld.com\/\",\"logo\":{\"@type\":\"ImageObject\",\"inLanguage\":\"hu\",\"@id\":\"https:\/\/cs-sld.com\/#\/schema\/logo\/image\/\",\"url\":\"https:\/\/secureservercdn.net\/160.153.137.123\/6p9.7a7.myftpupload.com\/wp-content\/uploads\/2020\/07\/New_Logo.png?time=1665863562\",\"contentUrl\":\"https:\/\/secureservercdn.net\/160.153.137.123\/6p9.7a7.myftpupload.com\/wp-content\/uploads\/2020\/07\/New_Logo.png?time=1665863562\",\"width\":2837,\"height\":724,\"caption\":\"CS-Smartlab Devices kft.\"},\"image\":{\"@id\":\"https:\/\/cs-sld.com\/#\/schema\/logo\/image\/\"}}]}<\/script>\n<!-- \/ Yoast SEO plugin. -->","yoast_head_json":{"title":"Consulting - CS-Smartlab Devices","robots":{"index":"index","follow":"follow","max-snippet":"max-snippet:-1","max-image-preview":"max-image-preview:large","max-video-preview":"max-video-preview:-1"},"canonical":"https:\/\/cs-sld.com\/hu\/consulting\/","og_locale":"hu_HU","og_type":"article","og_title":"Consulting - CS-Smartlab Devices","og_description":"As an important part of our integrated services, we offer high quality consulting services for our costumers at any time. If you need a kick-start for your own R&amp;D project, we can help you to facilitate your workflow . Due to the fact tath we have been working together with experts from many different sectorsRead More","og_url":"https:\/\/cs-sld.com\/hu\/consulting\/","og_site_name":"CS-Smartlab Devices","article_modified_time":"2020-10-25T11:25:33+00:00","twitter_card":"summary_large_image","twitter_misc":{"Becs\u00fclt olvas\u00e1si id\u0151":"1 perc"},"schema":{"@context":"https:\/\/schema.org","@graph":[{"@type":"WebPage","@id":"https:\/\/cs-sld.com\/hu\/consulting\/","url":"https:\/\/cs-sld.com\/hu\/consulting\/","name":"Consulting - CS-Smartlab Devices","isPartOf":{"@id":"https:\/\/cs-sld.com\/#website"},"datePublished":"2020-08-05T07:49:27+00:00","dateModified":"2020-10-25T11:25:33+00:00","breadcrumb":{"@id":"https:\/\/cs-sld.com\/hu\/consulting\/#breadcrumb"},"inLanguage":"hu","potentialAction":[{"@type":"ReadAction","target":["https:\/\/cs-sld.com\/hu\/consulting\/"]}]},{"@type":"BreadcrumbList","@id":"https:\/\/cs-sld.com\/hu\/consulting\/#breadcrumb","itemListElement":[{"@type":"ListItem","position":1,"name":"Home","item":"https:\/\/cs-sld.com\/"},{"@type":"ListItem","position":2,"name":"Consulting"}]},{"@type":"WebSite","@id":"https:\/\/cs-sld.com\/#website","url":"https:\/\/cs-sld.com\/","name":"CS-Smartlab Devices","description":"Better, Simpler","publisher":{"@id":"https:\/\/cs-sld.com\/#organization"},"potentialAction":[{"@type":"SearchAction","target":{"@type":"EntryPoint","urlTemplate":"https:\/\/cs-sld.com\/?s={search_term_string}"},"query-input":{"@type":"PropertyValueSpecification","valueRequired":true,"valueName":"search_term_string"}}],"inLanguage":"hu"},{"@type":"Organization","@id":"https:\/\/cs-sld.com\/#organization","name":"CS-Smartlab Devices kft.","url":"https:\/\/cs-sld.com\/","logo":{"@type":"ImageObject","inLanguage":"hu","@id":"https:\/\/cs-sld.com\/#\/schema\/logo\/image\/","url":"https:\/\/secureservercdn.net\/160.153.137.123\/6p9.7a7.myftpupload.com\/wp-content\/uploads\/2020\/07\/New_Logo.png?time=1665863562","contentUrl":"https:\/\/secureservercdn.net\/160.153.137.123\/6p9.7a7.myftpupload.com\/wp-content\/uploads\/2020\/07\/New_Logo.png?time=1665863562","width":2837,"height":724,"caption":"CS-Smartlab Devices kft."},"image":{"@id":"https:\/\/cs-sld.com\/#\/schema\/logo\/image\/"}}]}},"_links":{"self":[{"href":"https:\/\/cs-sld.com\/hu\/wp-json\/wp\/v2\/pages\/153","targetHints":{"allow":["GET"]}}],"collection":[{"href":"https:\/\/cs-sld.com\/hu\/wp-json\/wp\/v2\/pages"}],"about":[{"href":"https:\/\/cs-sld.com\/hu\/wp-json\/wp\/v2\/types\/page"}],"author":[{"embeddable":true,"href":"https:\/\/cs-sld.com\/hu\/wp-json\/wp\/v2\/users\/1"}],"replies":[{"embeddable":true,"href":"https:\/\/cs-sld.com\/hu\/wp-json\/wp\/v2\/comments?post=153"}],"version-history":[{"count":5,"href":"https:\/\/cs-sld.com\/hu\/wp-json\/wp\/v2\/pages\/153\/revisions"}],"predecessor-version":[{"id":469,"href":"https:\/\/cs-sld.com\/hu\/wp-json\/wp\/v2\/pages\/153\/revisions\/469"}],"wp:attachment":[{"href":"https:\/\/cs-sld.com\/hu\/wp-json\/wp\/v2\/media?parent=153"}],"wp:term":[{"taxonomy":"category","embeddable":true,"href":"https:\/\/cs-sld.com\/hu\/wp-json\/wp\/v2\/categories?post=153"},{"taxonomy":"post_tag","embeddable":true,"href":"https:\/\/cs-sld.com\/hu\/wp-json\/wp\/v2\/tags?post=153"}],"curies":[{"name":"wp","href":"https:\/\/api.w.org\/{rel}","templated":true}]}}