{"id":151,"date":"2020-08-05T07:49:04","date_gmt":"2020-08-05T07:49:04","guid":{"rendered":"https:\/\/cs-sld.com\/?page_id=151"},"modified":"2020-10-25T11:25:33","modified_gmt":"2020-10-25T11:25:33","slug":"integrated-solutions","status":"publish","type":"page","link":"https:\/\/cs-sld.com\/hu\/integrated-solutions\/","title":{"rendered":"Integr\u00e1lt szolg\u00e1ltat\u00e1saink"},"content":{"rendered":"<div class=\"wp-block-cover has-background-dim\" style=\"background-image:url(https:\/\/cs-sld.com\/wp-content\/uploads\/2020\/08\/qtq80-HRxBkO.jpeg)\"><div class=\"wp-block-cover__inner-container is-layout-flow wp-block-cover-is-layout-flow\">\n<p class=\"has-text-align-center has-large-font-size\">\u00d6tlett\u0151l a k\u00e9szterm\u00e9kig<\/p>\n<\/div><\/div>\n\n\n\n<hr class=\"wp-block-coblocks-dynamic-separator\" style=\"height:50px\"\/>\n\n\n\n<p style=\"font-size:18px\">F\u0151 profilunk a kiemelked\u0151 min\u0151s\u00e9g\u0171 integr\u00e1lt szolg\u00e1ltat\u00e1sok biztos\u00edt\u00e1sa, a kutat\u00f3k \u00e9s az ipar sz\u00e1m\u00e1ra, hogy sikeresen el\u00e9rj\u00e9k c\u00e9ljukat, legyen az ak\u00e1r tudom\u00e1nyos kutat\u00e1s, gy\u00e1rt\u00e1s, vagy ellen\u0151rz\u00e9s.<\/p>\n\n\n\n<p style=\"font-size:18px\">\u00d6tleteket val\u00f3s\u00edtunk meg, szorosan egy\u00fcttm\u0171k\u00f6dve az \u00fcgyfeleinkkel, kezdve a tervez\u00e9st\u0151l a gy\u00e1rt\u00e1son \u00e1t, eg\u00e9szen a programoz\u00e1sig \u00e9s betan\u00edt\u00e1sig, ezenfel\u00fcl hossz\u00fat\u00e1v\u00fa t\u00e1mogat\u00e1st ny\u00fajtunk minden term\u00e9k\u00fcnkre, hogy \u00f6n biztosan el\u00e9rje c\u00e9lj\u00e1t.<\/p>\n\n\n\n<p style=\"font-size:18px\">Ha \u00f6n egy kutat\u00f3, vagy m\u00e9rn\u00f6k \u00e9s van egy \u00faj \u00f6tlete, de nem tudja hogyan kezdjen hozz\u00e1, akkor mi vagyunk a legjobb v\u00e1laszt\u00e1s. Seg\u00edt\u00fcnk a tervez\u00e9st\u0151l a be\u00fczemel\u00e9sig. <\/p>","protected":false},"excerpt":{"rendered":"<p>Our main profile is to provide high quality integrated services for scientists and for the industry, to help them achieve their goal whether it&#8217;s scientific research, production or monitoring. We make ideas come to reality by engineering and producing the desired device from scratch, including the software, the training and long term support for all<\/p>\n<p class=\"more-link\"><a href=\"https:\/\/cs-sld.com\/hu\/integrated-solutions\/\" class=\"themebutton\">Read More<\/a><\/p>","protected":false},"author":1,"featured_media":0,"parent":0,"menu_order":0,"comment_status":"closed","ping_status":"closed","template":"","meta":{"_coblocks_attr":"","_coblocks_dimensions":"","_coblocks_responsive_height":"","_coblocks_accordion_ie_support":"","footnotes":""},"categories":[],"tags":[],"class_list":["post-151","page","type-page","status-publish","hentry"],"yoast_head":"<!-- This site is optimized with the Yoast SEO plugin v25.0 - https:\/\/yoast.com\/wordpress\/plugins\/seo\/ -->\n<title>Integrated solutions - CS-Smartlab Devices<\/title>\n<meta name=\"robots\" content=\"index, follow, max-snippet:-1, max-image-preview:large, max-video-preview:-1\" \/>\n<link rel=\"canonical\" href=\"https:\/\/cs-sld.com\/hu\/integrated-solutions\/\" \/>\n<meta property=\"og:locale\" content=\"hu_HU\" \/>\n<meta property=\"og:type\" content=\"article\" \/>\n<meta property=\"og:title\" content=\"Integrated solutions - CS-Smartlab Devices\" \/>\n<meta property=\"og:description\" content=\"Our main profile is to provide high quality integrated services for scientists and for the industry, to help them achieve their goal whether it&#8217;s scientific research, production or monitoring. We make ideas come to reality by engineering and producing the desired device from scratch, including the software, the training and long term support for allRead More\" \/>\n<meta property=\"og:url\" content=\"https:\/\/cs-sld.com\/hu\/integrated-solutions\/\" \/>\n<meta property=\"og:site_name\" content=\"CS-Smartlab Devices\" \/>\n<meta property=\"article:modified_time\" content=\"2020-10-25T11:25:33+00:00\" \/>\n<meta name=\"twitter:card\" content=\"summary_large_image\" \/>\n<meta name=\"twitter:label1\" content=\"Becs\u00fclt olvas\u00e1si id\u0151\" \/>\n\t<meta name=\"twitter:data1\" content=\"1 perc\" \/>\n<script type=\"application\/ld+json\" class=\"yoast-schema-graph\">{\"@context\":\"https:\/\/schema.org\",\"@graph\":[{\"@type\":\"WebPage\",\"@id\":\"https:\/\/cs-sld.com\/hu\/integrated-solutions\/\",\"url\":\"https:\/\/cs-sld.com\/hu\/integrated-solutions\/\",\"name\":\"Integrated solutions - CS-Smartlab Devices\",\"isPartOf\":{\"@id\":\"https:\/\/cs-sld.com\/#website\"},\"datePublished\":\"2020-08-05T07:49:04+00:00\",\"dateModified\":\"2020-10-25T11:25:33+00:00\",\"breadcrumb\":{\"@id\":\"https:\/\/cs-sld.com\/hu\/integrated-solutions\/#breadcrumb\"},\"inLanguage\":\"hu\",\"potentialAction\":[{\"@type\":\"ReadAction\",\"target\":[\"https:\/\/cs-sld.com\/hu\/integrated-solutions\/\"]}]},{\"@type\":\"BreadcrumbList\",\"@id\":\"https:\/\/cs-sld.com\/hu\/integrated-solutions\/#breadcrumb\",\"itemListElement\":[{\"@type\":\"ListItem\",\"position\":1,\"name\":\"Home\",\"item\":\"https:\/\/cs-sld.com\/\"},{\"@type\":\"ListItem\",\"position\":2,\"name\":\"Integrated solutions\"}]},{\"@type\":\"WebSite\",\"@id\":\"https:\/\/cs-sld.com\/#website\",\"url\":\"https:\/\/cs-sld.com\/\",\"name\":\"CS-Smartlab Devices\",\"description\":\"Better, Simpler\",\"publisher\":{\"@id\":\"https:\/\/cs-sld.com\/#organization\"},\"potentialAction\":[{\"@type\":\"SearchAction\",\"target\":{\"@type\":\"EntryPoint\",\"urlTemplate\":\"https:\/\/cs-sld.com\/?s={search_term_string}\"},\"query-input\":{\"@type\":\"PropertyValueSpecification\",\"valueRequired\":true,\"valueName\":\"search_term_string\"}}],\"inLanguage\":\"hu\"},{\"@type\":\"Organization\",\"@id\":\"https:\/\/cs-sld.com\/#organization\",\"name\":\"CS-Smartlab Devices kft.\",\"url\":\"https:\/\/cs-sld.com\/\",\"logo\":{\"@type\":\"ImageObject\",\"inLanguage\":\"hu\",\"@id\":\"https:\/\/cs-sld.com\/#\/schema\/logo\/image\/\",\"url\":\"https:\/\/secureservercdn.net\/160.153.137.123\/6p9.7a7.myftpupload.com\/wp-content\/uploads\/2020\/07\/New_Logo.png?time=1665863562\",\"contentUrl\":\"https:\/\/secureservercdn.net\/160.153.137.123\/6p9.7a7.myftpupload.com\/wp-content\/uploads\/2020\/07\/New_Logo.png?time=1665863562\",\"width\":2837,\"height\":724,\"caption\":\"CS-Smartlab Devices kft.\"},\"image\":{\"@id\":\"https:\/\/cs-sld.com\/#\/schema\/logo\/image\/\"}}]}<\/script>\n<!-- \/ Yoast SEO plugin. -->","yoast_head_json":{"title":"Integrated solutions - CS-Smartlab Devices","robots":{"index":"index","follow":"follow","max-snippet":"max-snippet:-1","max-image-preview":"max-image-preview:large","max-video-preview":"max-video-preview:-1"},"canonical":"https:\/\/cs-sld.com\/hu\/integrated-solutions\/","og_locale":"hu_HU","og_type":"article","og_title":"Integrated solutions - CS-Smartlab Devices","og_description":"Our main profile is to provide high quality integrated services for scientists and for the industry, to help them achieve their goal whether it&#8217;s scientific research, production or monitoring. We make ideas come to reality by engineering and producing the desired device from scratch, including the software, the training and long term support for allRead More","og_url":"https:\/\/cs-sld.com\/hu\/integrated-solutions\/","og_site_name":"CS-Smartlab Devices","article_modified_time":"2020-10-25T11:25:33+00:00","twitter_card":"summary_large_image","twitter_misc":{"Becs\u00fclt olvas\u00e1si id\u0151":"1 perc"},"schema":{"@context":"https:\/\/schema.org","@graph":[{"@type":"WebPage","@id":"https:\/\/cs-sld.com\/hu\/integrated-solutions\/","url":"https:\/\/cs-sld.com\/hu\/integrated-solutions\/","name":"Integrated solutions - CS-Smartlab Devices","isPartOf":{"@id":"https:\/\/cs-sld.com\/#website"},"datePublished":"2020-08-05T07:49:04+00:00","dateModified":"2020-10-25T11:25:33+00:00","breadcrumb":{"@id":"https:\/\/cs-sld.com\/hu\/integrated-solutions\/#breadcrumb"},"inLanguage":"hu","potentialAction":[{"@type":"ReadAction","target":["https:\/\/cs-sld.com\/hu\/integrated-solutions\/"]}]},{"@type":"BreadcrumbList","@id":"https:\/\/cs-sld.com\/hu\/integrated-solutions\/#breadcrumb","itemListElement":[{"@type":"ListItem","position":1,"name":"Home","item":"https:\/\/cs-sld.com\/"},{"@type":"ListItem","position":2,"name":"Integrated solutions"}]},{"@type":"WebSite","@id":"https:\/\/cs-sld.com\/#website","url":"https:\/\/cs-sld.com\/","name":"CS-Smartlab Devices","description":"Better, Simpler","publisher":{"@id":"https:\/\/cs-sld.com\/#organization"},"potentialAction":[{"@type":"SearchAction","target":{"@type":"EntryPoint","urlTemplate":"https:\/\/cs-sld.com\/?s={search_term_string}"},"query-input":{"@type":"PropertyValueSpecification","valueRequired":true,"valueName":"search_term_string"}}],"inLanguage":"hu"},{"@type":"Organization","@id":"https:\/\/cs-sld.com\/#organization","name":"CS-Smartlab Devices kft.","url":"https:\/\/cs-sld.com\/","logo":{"@type":"ImageObject","inLanguage":"hu","@id":"https:\/\/cs-sld.com\/#\/schema\/logo\/image\/","url":"https:\/\/secureservercdn.net\/160.153.137.123\/6p9.7a7.myftpupload.com\/wp-content\/uploads\/2020\/07\/New_Logo.png?time=1665863562","contentUrl":"https:\/\/secureservercdn.net\/160.153.137.123\/6p9.7a7.myftpupload.com\/wp-content\/uploads\/2020\/07\/New_Logo.png?time=1665863562","width":2837,"height":724,"caption":"CS-Smartlab Devices kft."},"image":{"@id":"https:\/\/cs-sld.com\/#\/schema\/logo\/image\/"}}]}},"_links":{"self":[{"href":"https:\/\/cs-sld.com\/hu\/wp-json\/wp\/v2\/pages\/151","targetHints":{"allow":["GET"]}}],"collection":[{"href":"https:\/\/cs-sld.com\/hu\/wp-json\/wp\/v2\/pages"}],"about":[{"href":"https:\/\/cs-sld.com\/hu\/wp-json\/wp\/v2\/types\/page"}],"author":[{"embeddable":true,"href":"https:\/\/cs-sld.com\/hu\/wp-json\/wp\/v2\/users\/1"}],"replies":[{"embeddable":true,"href":"https:\/\/cs-sld.com\/hu\/wp-json\/wp\/v2\/comments?post=151"}],"version-history":[{"count":9,"href":"https:\/\/cs-sld.com\/hu\/wp-json\/wp\/v2\/pages\/151\/revisions"}],"predecessor-version":[{"id":348,"href":"https:\/\/cs-sld.com\/hu\/wp-json\/wp\/v2\/pages\/151\/revisions\/348"}],"wp:attachment":[{"href":"https:\/\/cs-sld.com\/hu\/wp-json\/wp\/v2\/media?parent=151"}],"wp:term":[{"taxonomy":"category","embeddable":true,"href":"https:\/\/cs-sld.com\/hu\/wp-json\/wp\/v2\/categories?post=151"},{"taxonomy":"post_tag","embeddable":true,"href":"https:\/\/cs-sld.com\/hu\/wp-json\/wp\/v2\/tags?post=151"}],"curies":[{"name":"wp","href":"https:\/\/api.w.org\/{rel}","templated":true}]}}