{"id":146,"date":"2020-08-05T07:45:27","date_gmt":"2020-08-05T07:45:27","guid":{"rendered":"https:\/\/cs-sld.com\/?page_id=146"},"modified":"2020-10-25T11:25:33","modified_gmt":"2020-10-25T11:25:33","slug":"laboratory-devices","status":"publish","type":"page","link":"https:\/\/cs-sld.com\/hu\/laboratory-devices\/","title":{"rendered":"Laborat\u00f3riumi eszk\u00f6z\u00f6k"},"content":{"rendered":"<div class=\"wp-block-coblocks-media-card alignwide is-style-left is-stacked-on-mobile coblocks-media-card-76112156332\"><div class=\"wp-block-coblocks-media-card__inner has-no-padding\"><div class=\"wp-block-coblocks-media-card__wrapper\"><figure class=\"wp-block-coblocks-media-card__media\"><img loading=\"lazy\" decoding=\"async\" width=\"1024\" height=\"768\" src=\"https:\/\/cs-sld.com\/wp-content\/uploads\/2020\/08\/IMG_0226-1024x768.jpg\" alt=\"\" class=\"wp-image-268\" srcset=\"https:\/\/cs-sld.com\/wp-content\/uploads\/2020\/08\/IMG_0226-1024x768.jpg 1024w, https:\/\/cs-sld.com\/wp-content\/uploads\/2020\/08\/IMG_0226-300x225.jpg 300w, https:\/\/cs-sld.com\/wp-content\/uploads\/2020\/08\/IMG_0226-768x576.jpg 768w, https:\/\/cs-sld.com\/wp-content\/uploads\/2020\/08\/IMG_0226-1536x1152.jpg 1536w, https:\/\/cs-sld.com\/wp-content\/uploads\/2020\/08\/IMG_0226-2048x1536.jpg 2048w, https:\/\/cs-sld.com\/wp-content\/uploads\/2020\/08\/IMG_0226-380x285.jpg 380w, https:\/\/cs-sld.com\/wp-content\/uploads\/2020\/08\/IMG_0226-285x214.jpg 285w\" sizes=\"auto, (max-width: 1024px) 100vw, 1024px\" \/><\/figure><div class=\"wp-block-coblocks-media-card__content\">\n<div class=\"wp-block-coblocks-row coblocks-row-76112156411\" data-columns=\"1\" data-layout=\"100\"><div class=\"wp-block-coblocks-row__inner has-background has-medium-gutter has-padding has-huge-padding has-no-margin is-stacked-on-mobile\" style=\"background-color:#FFFFFF\">\n<div class=\"wp-block-coblocks-column coblocks-column-76112156417\" style=\"width:100%\"><div class=\"wp-block-coblocks-column__inner has-no-padding has-no-margin\">\n<h3 class=\"wp-block-heading\">Alapvet\u0151 laborat\u00f3riumi eszk\u00f6z\u00f6k<\/h3>\n\n\n\n<p>Term\u00e9keink k\u00f6z\u00f6tt sz\u00e1mos egyszer\u0171, de kiv\u00e1l\u00f3 min\u0151s\u00e9g\u0171 laborat\u00f3riumi kisberendez\u00e9s megtal\u00e1lhat\u00f3, mint pl. egy, vagy t\u00f6bb poz\u00edci\u00f3s m\u00e1gneses kever\u0151k, h\u0171t\u0151-f\u0171t\u0151 berendez\u00e9sek \u00e9s sok m\u00e1s, melyeket az \u00f6n ig\u00e9nyeinek megfelel\u0151en gy\u00e1rtunk le.<\/p>\n<\/div><\/div>\n<\/div><\/div>\n<\/div><\/div><\/div><\/div>\n\n\n\n<hr class=\"wp-block-coblocks-dynamic-separator\" style=\"height:50px\"\/>\n\n\n\n<div class=\"wp-block-coblocks-media-card alignwide is-style-right is-stacked-on-mobile coblocks-media-card-7611265015\"><div class=\"wp-block-coblocks-media-card__inner bg-cover has-background-image bg-no-repeat bg-center-center has-no-padding\" style=\"background-image:url(https:\/\/cs-sld.com\/wp-content\/uploads\/2020\/08\/QBRI6344-scaled.jpg)\"><div class=\"wp-block-coblocks-media-card__wrapper\"><figure class=\"wp-block-coblocks-media-card__media\"><img loading=\"lazy\" decoding=\"async\" width=\"768\" height=\"1024\" src=\"https:\/\/cs-sld.com\/wp-content\/uploads\/2020\/08\/PRXW4390-768x1024.jpg\" alt=\"\" class=\"wp-image-270\" srcset=\"https:\/\/cs-sld.com\/wp-content\/uploads\/2020\/08\/PRXW4390-768x1024.jpg 768w, https:\/\/cs-sld.com\/wp-content\/uploads\/2020\/08\/PRXW4390-225x300.jpg 225w, https:\/\/cs-sld.com\/wp-content\/uploads\/2020\/08\/PRXW4390-1152x1536.jpg 1152w, https:\/\/cs-sld.com\/wp-content\/uploads\/2020\/08\/PRXW4390-1536x2048.jpg 1536w, https:\/\/cs-sld.com\/wp-content\/uploads\/2020\/08\/PRXW4390-scaled.jpg 1920w\" sizes=\"auto, (max-width: 768px) 100vw, 768px\" \/><\/figure><div class=\"wp-block-coblocks-media-card__content\">\n<div class=\"wp-block-coblocks-row coblocks-row-7611265097\" data-columns=\"1\" data-layout=\"100\"><div class=\"wp-block-coblocks-row__inner has-background has-medium-gutter has-padding has-huge-padding has-no-margin is-stacked-on-mobile\" style=\"background-color:#FFFFFF\">\n<div class=\"wp-block-coblocks-column coblocks-column-76112650100\" style=\"width:100%\"><div class=\"wp-block-coblocks-column__inner has-no-padding has-no-margin\">\n<h3 class=\"wp-block-heading\">Laborat\u00f3riumi infrastrukt\u00fara<\/h3>\n\n\n\n<p>Laborat\u00f3riumi m\u0171szereink \u00e9s berendez\u00e9seink mellett, laborat\u00f3riumi g\u00e9p\u00e9szeti rendszereket is telep\u00edt\u00fcnk: <\/p>\n\n\n\n<ul class=\"wp-block-list\"><li>G\u00e1zeloszt\u00f3 rendszerek<\/li><li>V\u00e1kuum rendszerek<\/li><li>Folyad\u00e9ktov\u00e1bb\u00edt\u00f3 rendszerek<\/li><li>Speci\u00e1lis \u00e1ramell\u00e1t\u00f3 rendszerek<\/li><li>H\u00e1l\u00f3zati \u00e9s vez\u00e9rl\u0151rendszerek<\/li><\/ul>\n<\/div><\/div>\n<\/div><\/div>\n<\/div><\/div><\/div><\/div>\n\n\n\n<p><\/p>","protected":false},"excerpt":{"rendered":"","protected":false},"author":1,"featured_media":0,"parent":0,"menu_order":0,"comment_status":"closed","ping_status":"closed","template":"","meta":{"_coblocks_attr":"","_coblocks_dimensions":"","_coblocks_responsive_height":"","_coblocks_accordion_ie_support":"","footnotes":""},"categories":[],"tags":[],"class_list":["post-146","page","type-page","status-publish","hentry"],"yoast_head":"<!-- This site is optimized with the Yoast SEO plugin v25.0 - https:\/\/yoast.com\/wordpress\/plugins\/seo\/ -->\n<title>Laboratory devices - CS-Smartlab Devices<\/title>\n<meta name=\"robots\" content=\"index, follow, max-snippet:-1, max-image-preview:large, max-video-preview:-1\" \/>\n<link rel=\"canonical\" href=\"https:\/\/cs-sld.com\/hu\/laboratory-devices\/\" \/>\n<meta property=\"og:locale\" content=\"hu_HU\" \/>\n<meta property=\"og:type\" content=\"article\" \/>\n<meta property=\"og:title\" content=\"Laboratory devices - CS-Smartlab Devices\" \/>\n<meta property=\"og:url\" content=\"https:\/\/cs-sld.com\/hu\/laboratory-devices\/\" \/>\n<meta property=\"og:site_name\" content=\"CS-Smartlab Devices\" \/>\n<meta property=\"article:modified_time\" content=\"2020-10-25T11:25:33+00:00\" \/>\n<meta property=\"og:image\" content=\"https:\/\/cs-sld.com\/wp-content\/uploads\/2020\/08\/IMG_0226-1024x768.jpg\" \/>\n<meta name=\"twitter:card\" content=\"summary_large_image\" \/>\n<script type=\"application\/ld+json\" class=\"yoast-schema-graph\">{\"@context\":\"https:\/\/schema.org\",\"@graph\":[{\"@type\":\"WebPage\",\"@id\":\"https:\/\/cs-sld.com\/hu\/laboratory-devices\/\",\"url\":\"https:\/\/cs-sld.com\/hu\/laboratory-devices\/\",\"name\":\"Laboratory devices - CS-Smartlab Devices\",\"isPartOf\":{\"@id\":\"https:\/\/cs-sld.com\/#website\"},\"primaryImageOfPage\":{\"@id\":\"https:\/\/cs-sld.com\/hu\/laboratory-devices\/#primaryimage\"},\"image\":{\"@id\":\"https:\/\/cs-sld.com\/hu\/laboratory-devices\/#primaryimage\"},\"thumbnailUrl\":\"https:\/\/cs-sld.com\/wp-content\/uploads\/2020\/08\/IMG_0226-1024x768.jpg\",\"datePublished\":\"2020-08-05T07:45:27+00:00\",\"dateModified\":\"2020-10-25T11:25:33+00:00\",\"breadcrumb\":{\"@id\":\"https:\/\/cs-sld.com\/hu\/laboratory-devices\/#breadcrumb\"},\"inLanguage\":\"hu\",\"potentialAction\":[{\"@type\":\"ReadAction\",\"target\":[\"https:\/\/cs-sld.com\/hu\/laboratory-devices\/\"]}]},{\"@type\":\"ImageObject\",\"inLanguage\":\"hu\",\"@id\":\"https:\/\/cs-sld.com\/hu\/laboratory-devices\/#primaryimage\",\"url\":\"https:\/\/cs-sld.com\/wp-content\/uploads\/2020\/08\/IMG_0226-1024x768.jpg\",\"contentUrl\":\"https:\/\/cs-sld.com\/wp-content\/uploads\/2020\/08\/IMG_0226-1024x768.jpg\"},{\"@type\":\"BreadcrumbList\",\"@id\":\"https:\/\/cs-sld.com\/hu\/laboratory-devices\/#breadcrumb\",\"itemListElement\":[{\"@type\":\"ListItem\",\"position\":1,\"name\":\"Home\",\"item\":\"https:\/\/cs-sld.com\/\"},{\"@type\":\"ListItem\",\"position\":2,\"name\":\"Laboratory devices\"}]},{\"@type\":\"WebSite\",\"@id\":\"https:\/\/cs-sld.com\/#website\",\"url\":\"https:\/\/cs-sld.com\/\",\"name\":\"CS-Smartlab Devices\",\"description\":\"Better, Simpler\",\"publisher\":{\"@id\":\"https:\/\/cs-sld.com\/#organization\"},\"potentialAction\":[{\"@type\":\"SearchAction\",\"target\":{\"@type\":\"EntryPoint\",\"urlTemplate\":\"https:\/\/cs-sld.com\/?s={search_term_string}\"},\"query-input\":{\"@type\":\"PropertyValueSpecification\",\"valueRequired\":true,\"valueName\":\"search_term_string\"}}],\"inLanguage\":\"hu\"},{\"@type\":\"Organization\",\"@id\":\"https:\/\/cs-sld.com\/#organization\",\"name\":\"CS-Smartlab Devices kft.\",\"url\":\"https:\/\/cs-sld.com\/\",\"logo\":{\"@type\":\"ImageObject\",\"inLanguage\":\"hu\",\"@id\":\"https:\/\/cs-sld.com\/#\/schema\/logo\/image\/\",\"url\":\"https:\/\/secureservercdn.net\/160.153.137.123\/6p9.7a7.myftpupload.com\/wp-content\/uploads\/2020\/07\/New_Logo.png?time=1665863562\",\"contentUrl\":\"https:\/\/secureservercdn.net\/160.153.137.123\/6p9.7a7.myftpupload.com\/wp-content\/uploads\/2020\/07\/New_Logo.png?time=1665863562\",\"width\":2837,\"height\":724,\"caption\":\"CS-Smartlab Devices kft.\"},\"image\":{\"@id\":\"https:\/\/cs-sld.com\/#\/schema\/logo\/image\/\"}}]}<\/script>\n<!-- \/ Yoast SEO plugin. -->","yoast_head_json":{"title":"Laboratory devices - CS-Smartlab Devices","robots":{"index":"index","follow":"follow","max-snippet":"max-snippet:-1","max-image-preview":"max-image-preview:large","max-video-preview":"max-video-preview:-1"},"canonical":"https:\/\/cs-sld.com\/hu\/laboratory-devices\/","og_locale":"hu_HU","og_type":"article","og_title":"Laboratory devices - CS-Smartlab Devices","og_url":"https:\/\/cs-sld.com\/hu\/laboratory-devices\/","og_site_name":"CS-Smartlab Devices","article_modified_time":"2020-10-25T11:25:33+00:00","og_image":[{"url":"https:\/\/cs-sld.com\/wp-content\/uploads\/2020\/08\/IMG_0226-1024x768.jpg","type":"","width":"","height":""}],"twitter_card":"summary_large_image","schema":{"@context":"https:\/\/schema.org","@graph":[{"@type":"WebPage","@id":"https:\/\/cs-sld.com\/hu\/laboratory-devices\/","url":"https:\/\/cs-sld.com\/hu\/laboratory-devices\/","name":"Laboratory devices - CS-Smartlab Devices","isPartOf":{"@id":"https:\/\/cs-sld.com\/#website"},"primaryImageOfPage":{"@id":"https:\/\/cs-sld.com\/hu\/laboratory-devices\/#primaryimage"},"image":{"@id":"https:\/\/cs-sld.com\/hu\/laboratory-devices\/#primaryimage"},"thumbnailUrl":"https:\/\/cs-sld.com\/wp-content\/uploads\/2020\/08\/IMG_0226-1024x768.jpg","datePublished":"2020-08-05T07:45:27+00:00","dateModified":"2020-10-25T11:25:33+00:00","breadcrumb":{"@id":"https:\/\/cs-sld.com\/hu\/laboratory-devices\/#breadcrumb"},"inLanguage":"hu","potentialAction":[{"@type":"ReadAction","target":["https:\/\/cs-sld.com\/hu\/laboratory-devices\/"]}]},{"@type":"ImageObject","inLanguage":"hu","@id":"https:\/\/cs-sld.com\/hu\/laboratory-devices\/#primaryimage","url":"https:\/\/cs-sld.com\/wp-content\/uploads\/2020\/08\/IMG_0226-1024x768.jpg","contentUrl":"https:\/\/cs-sld.com\/wp-content\/uploads\/2020\/08\/IMG_0226-1024x768.jpg"},{"@type":"BreadcrumbList","@id":"https:\/\/cs-sld.com\/hu\/laboratory-devices\/#breadcrumb","itemListElement":[{"@type":"ListItem","position":1,"name":"Home","item":"https:\/\/cs-sld.com\/"},{"@type":"ListItem","position":2,"name":"Laboratory devices"}]},{"@type":"WebSite","@id":"https:\/\/cs-sld.com\/#website","url":"https:\/\/cs-sld.com\/","name":"CS-Smartlab Devices","description":"Better, Simpler","publisher":{"@id":"https:\/\/cs-sld.com\/#organization"},"potentialAction":[{"@type":"SearchAction","target":{"@type":"EntryPoint","urlTemplate":"https:\/\/cs-sld.com\/?s={search_term_string}"},"query-input":{"@type":"PropertyValueSpecification","valueRequired":true,"valueName":"search_term_string"}}],"inLanguage":"hu"},{"@type":"Organization","@id":"https:\/\/cs-sld.com\/#organization","name":"CS-Smartlab Devices kft.","url":"https:\/\/cs-sld.com\/","logo":{"@type":"ImageObject","inLanguage":"hu","@id":"https:\/\/cs-sld.com\/#\/schema\/logo\/image\/","url":"https:\/\/secureservercdn.net\/160.153.137.123\/6p9.7a7.myftpupload.com\/wp-content\/uploads\/2020\/07\/New_Logo.png?time=1665863562","contentUrl":"https:\/\/secureservercdn.net\/160.153.137.123\/6p9.7a7.myftpupload.com\/wp-content\/uploads\/2020\/07\/New_Logo.png?time=1665863562","width":2837,"height":724,"caption":"CS-Smartlab Devices kft."},"image":{"@id":"https:\/\/cs-sld.com\/#\/schema\/logo\/image\/"}}]}},"_links":{"self":[{"href":"https:\/\/cs-sld.com\/hu\/wp-json\/wp\/v2\/pages\/146","targetHints":{"allow":["GET"]}}],"collection":[{"href":"https:\/\/cs-sld.com\/hu\/wp-json\/wp\/v2\/pages"}],"about":[{"href":"https:\/\/cs-sld.com\/hu\/wp-json\/wp\/v2\/types\/page"}],"author":[{"embeddable":true,"href":"https:\/\/cs-sld.com\/hu\/wp-json\/wp\/v2\/users\/1"}],"replies":[{"embeddable":true,"href":"https:\/\/cs-sld.com\/hu\/wp-json\/wp\/v2\/comments?post=146"}],"version-history":[{"count":5,"href":"https:\/\/cs-sld.com\/hu\/wp-json\/wp\/v2\/pages\/146\/revisions"}],"predecessor-version":[{"id":346,"href":"https:\/\/cs-sld.com\/hu\/wp-json\/wp\/v2\/pages\/146\/revisions\/346"}],"wp:attachment":[{"href":"https:\/\/cs-sld.com\/hu\/wp-json\/wp\/v2\/media?parent=146"}],"wp:term":[{"taxonomy":"category","embeddable":true,"href":"https:\/\/cs-sld.com\/hu\/wp-json\/wp\/v2\/categories?post=146"},{"taxonomy":"post_tag","embeddable":true,"href":"https:\/\/cs-sld.com\/hu\/wp-json\/wp\/v2\/tags?post=146"}],"curies":[{"name":"wp","href":"https:\/\/api.w.org\/{rel}","templated":true}]}}